{"id":11,"date":"2014-11-25T10:38:19","date_gmt":"2014-11-25T08:38:19","guid":{"rendered":"https:\/\/kylat.ekarjala.fi\/savitaipaleenkylat\/?page_id=11"},"modified":"2014-11-25T10:38:19","modified_gmt":"2014-11-25T08:38:19","slug":"partakoski","status":"publish","type":"page","link":"https:\/\/kylat.ekarjala.fi\/savitaipaleenkylat\/partakoski\/","title":{"rendered":"Partakoski"},"content":{"rendered":"<p><a href=\"https:\/\/kylat.ekarjala.fi\/savitaipaleenkylat\/wp-content\/uploads\/sites\/75\/2014\/11\/partakoski.jpg\"><img loading=\"lazy\" decoding=\"async\" class=\"size-full wp-image-14 aligncenter\" src=\"https:\/\/kylat.ekarjala.fi\/savitaipaleenkylat\/wp-content\/uploads\/sites\/75\/2014\/11\/partakoski.jpg\" alt=\"partakoski\" width=\"425\" height=\"283\" srcset=\"https:\/\/kylat.ekarjala.fi\/savitaipaleenkylat\/wp-content\/uploads\/sites\/75\/2014\/11\/partakoski.jpg 425w, https:\/\/kylat.ekarjala.fi\/savitaipaleenkylat\/wp-content\/uploads\/sites\/75\/2014\/11\/partakoski-300x199.jpg 300w\" sizes=\"auto, (max-width: 425px) 100vw, 425px\" \/><\/a>Partakosken kaunis kulttuurimaisema on n\u00e4ht\u00e4vyys, joka jokaisen on itse koettava. Kyl\u00e4 sijaitsee 9 kilometri\u00e4 Savitaipaleen kirkolta pohjoiseen, Saimaan ja Kuolimon v\u00e4lisell\u00e4 kapealla kannaksella. Lappeenrantaan matkaa on 50 km. Kyl\u00e4n kaksi koskea, Partakoski ja K\u00e4rn\u00e4koski, valjastettiin sahan ja myllyn voimaksi jo 1700-1800-luvuilla.<\/p>\n<p><strong>K\u00e4rn\u00e4kosken linnoitus<\/strong><\/p>\n<p><a href=\"https:\/\/kylat.ekarjala.fi\/savitaipaleenkylat\/wp-content\/uploads\/sites\/75\/2014\/11\/partakoski2.jpg\"><img loading=\"lazy\" decoding=\"async\" class=\"size-thumbnail wp-image-13 alignright\" src=\"https:\/\/kylat.ekarjala.fi\/savitaipaleenkylat\/wp-content\/uploads\/sites\/75\/2014\/11\/partakoski2-150x150.jpg\" alt=\"partakoski2\" width=\"150\" height=\"150\" \/><\/a>1790-luvulla K\u00e4rn\u00e4kosken sijainti todettiin my\u00f6s puolustuksellisesti hyv\u00e4ksi ja sinne rakennettiin ven\u00e4l\u00e4isten toimesta linnoitus. Se toimi osana Pietarin puolustusj\u00e4rjestelm\u00e4\u00e4 ja oli Ven\u00e4j\u00e4n Saimaan sis\u00e4vesilaivaston tukikohta. Sotilaallisen merkityksens\u00e4 linnoitus menetti jo 1800-luvun alussa, kun raja siirtyi kauemmaksi.<br \/>\nLis\u00e4\u00e4 K\u00e4rn\u00e4kosken linnoitusalueesta<\/p>\n<p><strong>Matkailijan unelma<\/strong><\/p>\n<p><a href=\"https:\/\/kylat.ekarjala.fi\/savitaipaleenkylat\/wp-content\/uploads\/sites\/75\/2014\/11\/partakoski3.jpg\"><img loading=\"lazy\" decoding=\"async\" class=\"size-thumbnail wp-image-12 alignright\" src=\"https:\/\/kylat.ekarjala.fi\/savitaipaleenkylat\/wp-content\/uploads\/sites\/75\/2014\/11\/partakoski3-150x150.jpg\" alt=\"partakoski3\" width=\"150\" height=\"150\" \/><\/a>Nykyisin Partakoski houkuttelee matkailijoita, erityisesti veneilij\u00f6it\u00e4. Luonnonkaunis sijainti Saimaan ja Kuolimoj\u00e4rven v\u00e4lisell\u00e4 kannaksella ja kyl\u00e4n kulttuurihistoriallinen vetovoima linnoituksineen, myllyineen ja sahoineen kiinnostavat. Saimaan puolella on vilkas satama, eik\u00e4 kaukana ole vanha lotjasatamakaan. Kyl\u00e4n vaiheikkaiseen historiaan voi tutustua kyl\u00e4historiakirjassa.<\/p>\n<p>Reilun 100 vakituisen asukkaan lis\u00e4ksi kyl\u00e4ll\u00e4 on yli 200 kes\u00e4m\u00f6kki\u00e4. Yhteisty\u00f6ss\u00e4 vapaa-ajan asukkaiden ja veneilij\u00f6iden kanssa partakoskelaiset kehitt\u00e4v\u00e4t kyl\u00e4st\u00e4\u00e4n entist\u00e4 viihtyis\u00e4mp\u00e4\u00e4. Ymp\u00e4r\u00f6iv\u00e4 luonto, vesist\u00f6t ja mets\u00e4t tarjoavat erinomaiset ulkoilu- ja lenkkeilymahdollisuudet. Partakoskelaisten suosiossa ovat erityisesti veneily, kalastus ja mets\u00e4stys. Kyl\u00e4yhdistyksen lis\u00e4ksi kyl\u00e4ll\u00e4 toimivat martat, kaksi mets\u00e4stysseuraa ja l\u00e4hetyspiiri.<\/p>\n<p>Vilkas kes\u00e4asutus ja matkailu mahdollistavat hyv\u00e4t palvelut: elintarvikekioski, baari, ravintola, venelaiturit, polttoainejakelu, kaasupullo- ja kalastuslupamyynti, kirpputori, ompelupalvelu, saunavuokraus, m\u00f6kkimajoitus. Kes\u00e4isin kyl\u00e4l\u00e4iset ja yritt\u00e4j\u00e4t j\u00e4rjest\u00e4v\u00e4t tansseja, karaokea ja el\u00e4v\u00e4\u00e4 musiikkia. T\u00e4rkeimm\u00e4t harrastusmahdollisuudet ovat veneily, kalastus ja mets\u00e4stys.<\/p>\n<p><strong>Kuvat: Valokuvaamo Rikkil\u00e4 Ky<\/strong><\/p>\n","protected":false},"excerpt":{"rendered":"<p>Partakosken kaunis kulttuurimaisema on n\u00e4ht\u00e4vyys, joka jokaisen on itse koettava. Kyl\u00e4 sijaitsee 9 kilometri\u00e4 Savitaipaleen kirkolta pohjoiseen, Saimaan ja Kuolimon v\u00e4lisell\u00e4 kapealla kannaksella. Lappeenrantaan matkaa on 50 km. Kyl\u00e4n kaksi koskea, Partakoski ja K\u00e4rn\u00e4koski, valjastettiin sahan ja myllyn voimaksi jo &hellip; <a href=\"https:\/\/kylat.ekarjala.fi\/savitaipaleenkylat\/partakoski\/\">Lue loppuun <span class=\"meta-nav\">&rarr;<\/span><\/a><\/p>\n","protected":false},"author":1,"featured_media":0,"parent":0,"menu_order":0,"comment_status":"closed","ping_status":"closed","template":"","meta":{"footnotes":""},"class_list":["post-11","page","type-page","status-publish","hentry"],"_links":{"self":[{"href":"https:\/\/kylat.ekarjala.fi\/savitaipaleenkylat\/wp-json\/wp\/v2\/pages\/11","targetHints":{"allow":["GET"]}}],"collection":[{"href":"https:\/\/kylat.ekarjala.fi\/savitaipaleenkylat\/wp-json\/wp\/v2\/pages"}],"about":[{"href":"https:\/\/kylat.ekarjala.fi\/savitaipaleenkylat\/wp-json\/wp\/v2\/types\/page"}],"author":[{"embeddable":true,"href":"https:\/\/kylat.ekarjala.fi\/savitaipaleenkylat\/wp-json\/wp\/v2\/users\/1"}],"replies":[{"embeddable":true,"href":"https:\/\/kylat.ekarjala.fi\/savitaipaleenkylat\/wp-json\/wp\/v2\/comments?post=11"}],"version-history":[{"count":1,"href":"https:\/\/kylat.ekarjala.fi\/savitaipaleenkylat\/wp-json\/wp\/v2\/pages\/11\/revisions"}],"predecessor-version":[{"id":15,"href":"https:\/\/kylat.ekarjala.fi\/savitaipaleenkylat\/wp-json\/wp\/v2\/pages\/11\/revisions\/15"}],"wp:attachment":[{"href":"https:\/\/kylat.ekarjala.fi\/savitaipaleenkylat\/wp-json\/wp\/v2\/media?parent=11"}],"curies":[{"name":"wp","href":"https:\/\/api.w.org\/{rel}","templated":true}]}}