{"id":2,"date":"2014-11-25T08:34:49","date_gmt":"2014-11-25T08:34:49","guid":{"rendered":"https:\/\/kylat.ekarjala.fi\/savitaipaleenkylat\/?page_id=2"},"modified":"2014-11-25T10:36:05","modified_gmt":"2014-11-25T08:36:05","slug":"esimerkkisivu","status":"publish","type":"page","link":"https:\/\/kylat.ekarjala.fi\/savitaipaleenkylat\/","title":{"rendered":"Tervetuloa Savitaipaleen kylille"},"content":{"rendered":"<p>Savitaipaleella on kahdeksan kylien talousaluetta, jotka koostuvat yli viidest\u00e4kymmenest\u00e4 kyl\u00e4st\u00e4. Kylien toiminta on monipuolista ja vire\u00e4\u00e4.<\/p>\n<p>N\u00e4ill\u00e4 sivuilla esittelemme Savitaipaleen kyli\u00e4, kyl\u00e4yhdistyksi\u00e4 ja kylien toimintaa.<\/p>\n","protected":false},"excerpt":{"rendered":"<p>Savitaipaleella on kahdeksan kylien talousaluetta, jotka koostuvat yli viidest\u00e4kymmenest\u00e4 kyl\u00e4st\u00e4. Kylien toiminta on monipuolista ja vire\u00e4\u00e4. N\u00e4ill\u00e4 sivuilla esittelemme Savitaipaleen kyli\u00e4, kyl\u00e4yhdistyksi\u00e4 ja kylien toimintaa.<\/p>\n","protected":false},"author":144,"featured_media":0,"parent":0,"menu_order":0,"comment_status":"closed","ping_status":"closed","template":"","meta":{"footnotes":""},"class_list":["post-2","page","type-page","status-publish","hentry"],"_links":{"self":[{"href":"https:\/\/kylat.ekarjala.fi\/savitaipaleenkylat\/wp-json\/wp\/v2\/pages\/2","targetHints":{"allow":["GET"]}}],"collection":[{"href":"https:\/\/kylat.ekarjala.fi\/savitaipaleenkylat\/wp-json\/wp\/v2\/pages"}],"about":[{"href":"https:\/\/kylat.ekarjala.fi\/savitaipaleenkylat\/wp-json\/wp\/v2\/types\/page"}],"author":[{"embeddable":true,"href":"https:\/\/kylat.ekarjala.fi\/savitaipaleenkylat\/wp-json\/wp\/v2\/users\/144"}],"replies":[{"embeddable":true,"href":"https:\/\/kylat.ekarjala.fi\/savitaipaleenkylat\/wp-json\/wp\/v2\/comments?post=2"}],"version-history":[{"count":1,"href":"https:\/\/kylat.ekarjala.fi\/savitaipaleenkylat\/wp-json\/wp\/v2\/pages\/2\/revisions"}],"predecessor-version":[{"id":6,"href":"https:\/\/kylat.ekarjala.fi\/savitaipaleenkylat\/wp-json\/wp\/v2\/pages\/2\/revisions\/6"}],"wp:attachment":[{"href":"https:\/\/kylat.ekarjala.fi\/savitaipaleenkylat\/wp-json\/wp\/v2\/media?parent=2"}],"curies":[{"name":"wp","href":"https:\/\/api.w.org\/{rel}","templated":true}]}}