{"id":20,"date":"2014-11-25T10:39:37","date_gmt":"2014-11-25T08:39:37","guid":{"rendered":"https:\/\/kylat.ekarjala.fi\/savitaipaleenkylat\/?page_id=20"},"modified":"2014-11-25T10:39:37","modified_gmt":"2014-11-25T08:39:37","slug":"kuivasensaari","status":"publish","type":"page","link":"https:\/\/kylat.ekarjala.fi\/savitaipaleenkylat\/kuivasensaari\/","title":{"rendered":"Kuivasensaari"},"content":{"rendered":"<p><a href=\"https:\/\/kylat.ekarjala.fi\/savitaipaleenkylat\/wp-content\/uploads\/sites\/75\/2014\/11\/kuivasensaari.jpg\"><img loading=\"lazy\" decoding=\"async\" class=\"size-thumbnail wp-image-21 alignright\" src=\"https:\/\/kylat.ekarjala.fi\/savitaipaleenkylat\/wp-content\/uploads\/sites\/75\/2014\/11\/kuivasensaari-150x150.jpg\" alt=\"OLYMPUS DIGITAL CAMERA\" width=\"150\" height=\"150\" \/><\/a>Kuivasensaari on kaunis Saimaan saari, jonka harjumaisemat ja pitk\u00e4t hiekkarannat ovat houkuttaneet kyl\u00e4lle paljon kes\u00e4asukkaita. 180 asukkaan kyl\u00e4st\u00e4 kasvaa kes\u00e4isin jopa 3000 ihmisen vilkas asuinpaikka!<\/p>\n<p>Kuivasensaaressa on useampia kyli\u00e4, joista suurimmat ovat Pettil\u00e4, Kuivainen ja Rahikkala. Pettil\u00e4ss\u00e4 on kes\u00e4kauppa ja ymp\u00e4ri vuoden toimiva kyl\u00e4keskus, jossa on kirjasto, posti ja nettipointti. Kyl\u00e4keskuksessa j\u00e4rjestet\u00e4\u00e4n runsaasti erilaisia opintopiirej\u00e4, kerhoja ja harrastetoimintaa. Yhdistystoimintaa harjoittavat kyl\u00e4yhdistys Veskansan ry sek\u00e4 kalastuskunta ja martat.<\/p>\n<p><strong>Lentopalloturnaus maalaismarkkinoilla<\/strong><\/p>\n<p>Jokakes\u00e4iset Wanhan ajan maalaismarkkinat houkuttelevat v\u00e4ke\u00e4 paitsi loistavalla markkinatunnelmalla my\u00f6s markkinoiden aikaan olevalla lentopalloturnauksella.<\/p>\n<p>Kuivasensaaren viihtyisyytt\u00e4 lis\u00e4\u00e4v\u00e4t hyv\u00e4t kalavedet, sienimets\u00e4t ja karpalo- ja lakkasuot sek\u00e4 kauniit sis\u00e4lammet. Kyl\u00e4ss\u00e4 kunnioitetaan my\u00f6s perinteit\u00e4. Rahikkalan vanha tuulimylly on kunnostettu jauhatuskuntoon ja 1700-luvun maineikkaiden kirkonrakentajien el\u00e4m\u00e4st\u00e4 on tehty esittelykirjanen ja pystytetty muistomerkki.<\/p>\n<p>Kuivasensaaresta on matkaa Taipalsaarelle 25 km ja Savitaipaleelle 26 km, Lappeenrantaan matkaa on 40 km. Kyl\u00e4l\u00e4iset harjoittavat mm. maanviljelyst\u00e4, m\u00f6kkimajoitusta ja koneurakointia.<\/p>\n<p>Uudet asukkaat ovat tervetulleita! Tonttien lis\u00e4ksi alueelta l\u00f6ytyy my\u00f6s vuokra-asuntoja.<\/p>\n","protected":false},"excerpt":{"rendered":"<p>Kuivasensaari on kaunis Saimaan saari, jonka harjumaisemat ja pitk\u00e4t hiekkarannat ovat houkuttaneet kyl\u00e4lle paljon kes\u00e4asukkaita. 180 asukkaan kyl\u00e4st\u00e4 kasvaa kes\u00e4isin jopa 3000 ihmisen vilkas asuinpaikka! Kuivasensaaressa on useampia kyli\u00e4, joista suurimmat ovat Pettil\u00e4, Kuivainen ja Rahikkala. Pettil\u00e4ss\u00e4 on kes\u00e4kauppa ja &hellip; <a href=\"https:\/\/kylat.ekarjala.fi\/savitaipaleenkylat\/kuivasensaari\/\">Lue loppuun <span class=\"meta-nav\">&rarr;<\/span><\/a><\/p>\n","protected":false},"author":1,"featured_media":0,"parent":0,"menu_order":0,"comment_status":"closed","ping_status":"closed","template":"","meta":{"footnotes":""},"class_list":["post-20","page","type-page","status-publish","hentry"],"_links":{"self":[{"href":"https:\/\/kylat.ekarjala.fi\/savitaipaleenkylat\/wp-json\/wp\/v2\/pages\/20","targetHints":{"allow":["GET"]}}],"collection":[{"href":"https:\/\/kylat.ekarjala.fi\/savitaipaleenkylat\/wp-json\/wp\/v2\/pages"}],"about":[{"href":"https:\/\/kylat.ekarjala.fi\/savitaipaleenkylat\/wp-json\/wp\/v2\/types\/page"}],"author":[{"embeddable":true,"href":"https:\/\/kylat.ekarjala.fi\/savitaipaleenkylat\/wp-json\/wp\/v2\/users\/1"}],"replies":[{"embeddable":true,"href":"https:\/\/kylat.ekarjala.fi\/savitaipaleenkylat\/wp-json\/wp\/v2\/comments?post=20"}],"version-history":[{"count":1,"href":"https:\/\/kylat.ekarjala.fi\/savitaipaleenkylat\/wp-json\/wp\/v2\/pages\/20\/revisions"}],"predecessor-version":[{"id":22,"href":"https:\/\/kylat.ekarjala.fi\/savitaipaleenkylat\/wp-json\/wp\/v2\/pages\/20\/revisions\/22"}],"wp:attachment":[{"href":"https:\/\/kylat.ekarjala.fi\/savitaipaleenkylat\/wp-json\/wp\/v2\/media?parent=20"}],"curies":[{"name":"wp","href":"https:\/\/api.w.org\/{rel}","templated":true}]}}