{"id":23,"date":"2014-11-25T10:40:54","date_gmt":"2014-11-25T08:40:54","guid":{"rendered":"https:\/\/kylat.ekarjala.fi\/savitaipaleenkylat\/?page_id=23"},"modified":"2014-11-25T10:40:54","modified_gmt":"2014-11-25T08:40:54","slug":"saanjarvi","status":"publish","type":"page","link":"https:\/\/kylat.ekarjala.fi\/savitaipaleenkylat\/saanjarvi\/","title":{"rendered":"S\u00e4\u00e4nj\u00e4rvi"},"content":{"rendered":"<p><a href=\"https:\/\/kylat.ekarjala.fi\/savitaipaleenkylat\/wp-content\/uploads\/sites\/75\/2014\/11\/saanlahti.jpg\"><img loading=\"lazy\" decoding=\"async\" class=\"size-medium wp-image-24 aligncenter\" src=\"https:\/\/kylat.ekarjala.fi\/savitaipaleenkylat\/wp-content\/uploads\/sites\/75\/2014\/11\/saanlahti-300x225.jpg\" alt=\"OLYMPUS DIGITAL CAMERA\" width=\"300\" height=\"225\" srcset=\"https:\/\/kylat.ekarjala.fi\/savitaipaleenkylat\/wp-content\/uploads\/sites\/75\/2014\/11\/saanlahti-300x225.jpg 300w, https:\/\/kylat.ekarjala.fi\/savitaipaleenkylat\/wp-content\/uploads\/sites\/75\/2014\/11\/saanlahti-400x300.jpg 400w, https:\/\/kylat.ekarjala.fi\/savitaipaleenkylat\/wp-content\/uploads\/sites\/75\/2014\/11\/saanlahti.jpg 800w\" sizes=\"auto, (max-width: 300px) 100vw, 300px\" \/><\/a> \u00a0S\u00e4\u00e4nj\u00e4rven kyl\u00e4tie kulkee l\u00e4pi avaran ja m\u00e4kisen peltomaiseman, jossa vaihtelevat mets\u00e4t, marjapellot ja niityiksi muuttuneet karjahaat. Kyl\u00e4maisemaa rikastuttavat monet pienet j\u00e4rvet.<\/p>\n<p>S\u00e4\u00e4nj\u00e4rvi sijaitsee Salpaussel\u00e4n pohjoisreunalla, osittain harjualueella. Seutu on pienimuotoista m\u00e4kimaastoa, jossa on useita pieni\u00e4 tai keskikokoisia j\u00e4rvi\u00e4. S\u00e4\u00e4nj\u00e4rven lis\u00e4ksi kyl\u00e4ss\u00e4 ovat mm. S\u00e4ynj\u00e4rvi ja Valkj\u00e4rvi.<\/p>\n<p><img loading=\"lazy\" decoding=\"async\" class=\"size-thumbnail wp-image-26 alignright\" src=\"https:\/\/kylat.ekarjala.fi\/savitaipaleenkylat\/wp-content\/uploads\/sites\/75\/2014\/11\/saanlahti2-150x150.jpg\" alt=\"OLYMPUS DIGITAL CAMERA\" width=\"150\" height=\"150\" \/>Palvelut ovat 10 minuutin ajomatkan p\u00e4\u00e4ss\u00e4 Savitaipaleella, Lappeenrantaan matkaa on 50 km. Kyl\u00e4ll\u00e4 on kotileipomo ja keramiikkapaja, sek\u00e4 mm. insin\u00f6\u00f6ritoimisto, kaivu-urakoitsija, marjanviljely\u00e4 sek\u00e4 maatalouden harjoittajia. S\u00e4\u00e4nj\u00e4rvel\u00e4isi\u00e4 yritt\u00e4ji\u00e4 toimii my\u00f6s Savitaipaleen kirkonkyl\u00e4ss\u00e4.<\/p>\n<p><strong>Luontopolulta tanssilavalle<\/strong><\/p>\n<p><img loading=\"lazy\" decoding=\"async\" class=\"size-thumbnail wp-image-25 alignright\" src=\"https:\/\/kylat.ekarjala.fi\/savitaipaleenkylat\/wp-content\/uploads\/sites\/75\/2014\/11\/saanlahti3-150x150.jpg\" alt=\"OLYMPUS DIGITAL CAMERA\" width=\"150\" height=\"150\" \/>Liikuntamahdollisuuksia tarjoaa mm. Valkj\u00e4rven ymp\u00e4ri kulkeva luontopolku, jonka varrella voi lev\u00e4ht\u00e4\u00e4 kodalla tai laavulla ja seurata lintuja lintutornista. Lukuisat j\u00e4rvet antavat mahdollisuudet kalastukseen vuoden ymp\u00e4ri. Talvisin voi harrastaa mm. k\u00e4sit\u00f6it\u00e4, voimistelua ja hiihtoa. Kyl\u00e4ll\u00e4 toimivat mets\u00e4stysseura, urheiluseura, maatalousnaiset sek\u00e4 kyl\u00e4nkehitt\u00e4misyhdistys Sytyke.<\/p>\n<p>S\u00e4\u00e4nj\u00e4rven tunnetuin paikka lienee suosittu tanssilava, joka on tanssittanut ihmisi\u00e4 yli 50 vuotta. Jos tanssijalkaa kutittaa, poikkea kes\u00e4lauantaina py\u00f6r\u00e4htelem\u00e4\u00e4n S\u00e4\u00e4nj\u00e4rvelle!<\/p>\n","protected":false},"excerpt":{"rendered":"<p>\u00a0S\u00e4\u00e4nj\u00e4rven kyl\u00e4tie kulkee l\u00e4pi avaran ja m\u00e4kisen peltomaiseman, jossa vaihtelevat mets\u00e4t, marjapellot ja niityiksi muuttuneet karjahaat. Kyl\u00e4maisemaa rikastuttavat monet pienet j\u00e4rvet. S\u00e4\u00e4nj\u00e4rvi sijaitsee Salpaussel\u00e4n pohjoisreunalla, osittain harjualueella. Seutu on pienimuotoista m\u00e4kimaastoa, jossa on useita pieni\u00e4 tai keskikokoisia j\u00e4rvi\u00e4. S\u00e4\u00e4nj\u00e4rven lis\u00e4ksi &hellip; <a href=\"https:\/\/kylat.ekarjala.fi\/savitaipaleenkylat\/saanjarvi\/\">Lue loppuun <span class=\"meta-nav\">&rarr;<\/span><\/a><\/p>\n","protected":false},"author":1,"featured_media":0,"parent":0,"menu_order":0,"comment_status":"closed","ping_status":"closed","template":"","meta":{"footnotes":""},"class_list":["post-23","page","type-page","status-publish","hentry"],"_links":{"self":[{"href":"https:\/\/kylat.ekarjala.fi\/savitaipaleenkylat\/wp-json\/wp\/v2\/pages\/23","targetHints":{"allow":["GET"]}}],"collection":[{"href":"https:\/\/kylat.ekarjala.fi\/savitaipaleenkylat\/wp-json\/wp\/v2\/pages"}],"about":[{"href":"https:\/\/kylat.ekarjala.fi\/savitaipaleenkylat\/wp-json\/wp\/v2\/types\/page"}],"author":[{"embeddable":true,"href":"https:\/\/kylat.ekarjala.fi\/savitaipaleenkylat\/wp-json\/wp\/v2\/users\/1"}],"replies":[{"embeddable":true,"href":"https:\/\/kylat.ekarjala.fi\/savitaipaleenkylat\/wp-json\/wp\/v2\/comments?post=23"}],"version-history":[{"count":1,"href":"https:\/\/kylat.ekarjala.fi\/savitaipaleenkylat\/wp-json\/wp\/v2\/pages\/23\/revisions"}],"predecessor-version":[{"id":27,"href":"https:\/\/kylat.ekarjala.fi\/savitaipaleenkylat\/wp-json\/wp\/v2\/pages\/23\/revisions\/27"}],"wp:attachment":[{"href":"https:\/\/kylat.ekarjala.fi\/savitaipaleenkylat\/wp-json\/wp\/v2\/media?parent=23"}],"curies":[{"name":"wp","href":"https:\/\/api.w.org\/{rel}","templated":true}]}}