{"id":28,"date":"2014-11-25T10:42:31","date_gmt":"2014-11-25T08:42:31","guid":{"rendered":"https:\/\/kylat.ekarjala.fi\/savitaipaleenkylat\/?page_id=28"},"modified":"2014-11-25T10:42:37","modified_gmt":"2014-11-25T08:42:37","slug":"valijoki","status":"publish","type":"page","link":"https:\/\/kylat.ekarjala.fi\/savitaipaleenkylat\/valijoki\/","title":{"rendered":"V\u00e4lijoki"},"content":{"rendered":"<p><img loading=\"lazy\" decoding=\"async\" class=\"size-thumbnail wp-image-30 alignright\" src=\"https:\/\/kylat.ekarjala.fi\/savitaipaleenkylat\/wp-content\/uploads\/sites\/75\/2014\/11\/valijoki-150x150.jpg\" alt=\"OLYMPUS DIGITAL CAMERA\" width=\"150\" height=\"150\" \/>V\u00e4lijoki on Savitaipaleen kyl\u00e4alueista etel\u00e4isin. Suhteellisen tasaista maastoa halkoo Taavettiin johtava tie. Pienehk\u00f6t, matalat j\u00e4rvet ovat lingubongareitten unelmia. Erityisesti J\u00e4k\u00e4l\u00e4nj\u00e4rvi on tunnettu runsaslajisesta ja erikoisesta lintukannastaan.<\/p>\n<p>Kyl\u00e4l\u00e4isten kanssak\u00e4yminen on vilkasta. V\u00e4lijoen talousalue koostuu useista pienist\u00e4 kylist\u00e4: Kaulio, Kunttula, Monola, Pesu, Savikurki, Kohonen, Kurki, Simpura, Hatinen, Juopperi, Ruippo, L\u00f6yttyl\u00e4, V\u00e4lijoki, J\u00e4k\u00e4l\u00e4, Suni ja Lapatto. Alueella asuu vakituisesti \u00a0\u00a0noin 330 asukasta.<\/p>\n<p>Elokuussa parketti kutsuu nostalgiatansseihin<br \/>\n<img loading=\"lazy\" decoding=\"async\" class=\"size-thumbnail wp-image-31 alignright\" src=\"https:\/\/kylat.ekarjala.fi\/savitaipaleenkylat\/wp-content\/uploads\/sites\/75\/2014\/11\/valijoki2-150x150.jpg\" alt=\"OLYMPUS DIGITAL CAMERA\" width=\"150\" height=\"150\" \/>Hyv\u00e4t liikenneyhteydet mahdollistavat sujuvan ty\u00f6ss\u00e4k\u00e4ynnin niin Savitaipaleen, Lemin kuin Luum\u00e4en suuntaan. Kaikkiin kolmeen kuntakeskukseen mataa on alle 20 km.<\/p>\n<p>V\u00e4lijoki tuo useille mieleen muutaman vuosikymmenen takaiset lavatanssit. Taavetintien varressa sijaitseva V\u00e4lijoen parketti oli suosittu tanssipaikka 1960-70-luvuilla. Nykyisin lavaa ja sen vieress\u00e4 olevaa M\u00e4nnist\u00f6n seuraintaloa vuokrataan erilaisiin tapahtumiin. Isot tilat soveltuvat erinomaiset esimerkiksi h\u00e4iden j\u00e4rjest\u00e4miseen.<\/p>\n<p>Kuva Raimo Ahokas<br \/>\n<img loading=\"lazy\" decoding=\"async\" class=\"size-thumbnail wp-image-29 alignright\" src=\"https:\/\/kylat.ekarjala.fi\/savitaipaleenkylat\/wp-content\/uploads\/sites\/75\/2014\/11\/valijoki3-150x150.jpg\" alt=\"OLYMPUS DIGITAL CAMERA\" width=\"150\" height=\"150\" \/>V\u00e4lijoella talkoohenki on hyv\u00e4\u00e4 ja kyl\u00e4l\u00e4isill\u00e4 on into edist\u00e4\u00e4 yhteisi\u00e4 asioita. Kyl\u00e4n yhteisest\u00e4 toiminnasta vastaa V\u00e4lijoen nuorisoseura Riento ry yhdess\u00e4 alueen muiden seurojen kanssa. Perinteisi\u00e4 ja suosittuja tapahtumia ovat hirvipeijaiset ja pikkujoulut. Kes\u00e4ll\u00e4 kokoonnutaan muistelemaan menneit\u00e4 ja tapaamaan vanhoja tuttuja Nostalgiatansseissa V\u00e4lijoen parketilla<\/p>\n","protected":false},"excerpt":{"rendered":"<p>V\u00e4lijoki on Savitaipaleen kyl\u00e4alueista etel\u00e4isin. Suhteellisen tasaista maastoa halkoo Taavettiin johtava tie. Pienehk\u00f6t, matalat j\u00e4rvet ovat lingubongareitten unelmia. Erityisesti J\u00e4k\u00e4l\u00e4nj\u00e4rvi on tunnettu runsaslajisesta ja erikoisesta lintukannastaan. Kyl\u00e4l\u00e4isten kanssak\u00e4yminen on vilkasta. V\u00e4lijoen talousalue koostuu useista pienist\u00e4 kylist\u00e4: Kaulio, Kunttula, Monola, Pesu, &hellip; <a href=\"https:\/\/kylat.ekarjala.fi\/savitaipaleenkylat\/valijoki\/\">Lue loppuun <span class=\"meta-nav\">&rarr;<\/span><\/a><\/p>\n","protected":false},"author":1,"featured_media":0,"parent":0,"menu_order":0,"comment_status":"closed","ping_status":"closed","template":"","meta":{"footnotes":""},"class_list":["post-28","page","type-page","status-publish","hentry"],"_links":{"self":[{"href":"https:\/\/kylat.ekarjala.fi\/savitaipaleenkylat\/wp-json\/wp\/v2\/pages\/28","targetHints":{"allow":["GET"]}}],"collection":[{"href":"https:\/\/kylat.ekarjala.fi\/savitaipaleenkylat\/wp-json\/wp\/v2\/pages"}],"about":[{"href":"https:\/\/kylat.ekarjala.fi\/savitaipaleenkylat\/wp-json\/wp\/v2\/types\/page"}],"author":[{"embeddable":true,"href":"https:\/\/kylat.ekarjala.fi\/savitaipaleenkylat\/wp-json\/wp\/v2\/users\/1"}],"replies":[{"embeddable":true,"href":"https:\/\/kylat.ekarjala.fi\/savitaipaleenkylat\/wp-json\/wp\/v2\/comments?post=28"}],"version-history":[{"count":1,"href":"https:\/\/kylat.ekarjala.fi\/savitaipaleenkylat\/wp-json\/wp\/v2\/pages\/28\/revisions"}],"predecessor-version":[{"id":32,"href":"https:\/\/kylat.ekarjala.fi\/savitaipaleenkylat\/wp-json\/wp\/v2\/pages\/28\/revisions\/32"}],"wp:attachment":[{"href":"https:\/\/kylat.ekarjala.fi\/savitaipaleenkylat\/wp-json\/wp\/v2\/media?parent=28"}],"curies":[{"name":"wp","href":"https:\/\/api.w.org\/{rel}","templated":true}]}}