{"id":7,"date":"2014-11-25T10:36:58","date_gmt":"2014-11-25T08:36:58","guid":{"rendered":"https:\/\/kylat.ekarjala.fi\/savitaipaleenkylat\/?page_id=7"},"modified":"2014-11-25T10:36:58","modified_gmt":"2014-11-25T08:36:58","slug":"havo","status":"publish","type":"page","link":"https:\/\/kylat.ekarjala.fi\/savitaipaleenkylat\/havo\/","title":{"rendered":"Havo"},"content":{"rendered":"<p><a href=\"https:\/\/kylat.ekarjala.fi\/savitaipaleenkylat\/wp-content\/uploads\/sites\/75\/2014\/11\/havo.jpg\"><img loading=\"lazy\" decoding=\"async\" class=\"size-medium wp-image-9 aligncenter\" src=\"https:\/\/kylat.ekarjala.fi\/savitaipaleenkylat\/wp-content\/uploads\/sites\/75\/2014\/11\/havo-300x196.jpg\" alt=\"havo\" width=\"300\" height=\"196\" srcset=\"https:\/\/kylat.ekarjala.fi\/savitaipaleenkylat\/wp-content\/uploads\/sites\/75\/2014\/11\/havo-300x196.jpg 300w, https:\/\/kylat.ekarjala.fi\/savitaipaleenkylat\/wp-content\/uploads\/sites\/75\/2014\/11\/havo-458x300.jpg 458w, https:\/\/kylat.ekarjala.fi\/savitaipaleenkylat\/wp-content\/uploads\/sites\/75\/2014\/11\/havo.jpg 800w\" sizes=\"auto, (max-width: 300px) 100vw, 300px\" \/><\/a>Kumpuileva, luonnonkaunis Havon talousalue koostuu Havon, Kontusen, Lyytikk\u00e4l\u00e4n, Niemen, Laksiaisen, Kylli\u00e4l\u00e4n ja Kaihtulan kylist\u00e4. Alueen elinvoima perustuu edelleen maatalouteen, eiv\u00e4tk\u00e4 pelloilla laiduntavat lehm\u00e4t ole harvinainen n\u00e4ky. Karja- ja viljatilojen lis\u00e4ksi 250 asukkaan kyl\u00e4ss\u00e4 toimii yrttien kasvatus- ja markkinointiyritys sek\u00e4 kuljetusyritys. Kyl\u00e4ll\u00e4 toimii my\u00f6s el\u00e4inhoitola, l\u00f6yt\u00f6el\u00e4inpalvelu ja vaellusratsutila.<\/p>\n<p>L\u00e4himm\u00e4t palvelut l\u00f6ytyv\u00e4t 10 km:n p\u00e4\u00e4st\u00e4 Savitaipaleen kirkonkyl\u00e4lt\u00e4 eik\u00e4 Lappeenrantaankaan ole kuin puolen tunnin ajomatka. Havon ja Kylli\u00e4l\u00e4n kyliss\u00e4 on myyt\u00e4v\u00e4n\u00e4 omakotiasujalle sopivia tontteja.<\/p>\n<p>Kyl\u00e4n voimavarat ovat mukavat ihmiset, jotka toimivat yhdess\u00e4 talousalueen eteen. Yhdistyksist\u00e4 t\u00e4rkeimm\u00e4t ovat Martat, maatalousnaiset, er\u00e4miehet, urheiluseura ja kyl\u00e4yhdistys.<\/p>\n<p><strong>Mainiot liikuntamahdollisuudet<\/strong><\/p>\n<p><a href=\"https:\/\/kylat.ekarjala.fi\/savitaipaleenkylat\/wp-content\/uploads\/sites\/75\/2014\/11\/havo.jpg\"><img loading=\"lazy\" decoding=\"async\" class=\"size-thumbnail wp-image-9 alignright\" src=\"https:\/\/kylat.ekarjala.fi\/savitaipaleenkylat\/wp-content\/uploads\/sites\/75\/2014\/11\/havo-150x150.jpg\" alt=\"havo\" width=\"150\" height=\"150\" \/><\/a>Mainiot liikuntamaastot ja hyv\u00e4t mets\u00e4stys- ja kalastusmahdollisuudet vet\u00e4v\u00e4t ihmisi\u00e4 luontoon. Jylhi\u00e4 kalliomaisemia voi ihailla mm. Kaitaj\u00e4rvell\u00e4, jonka rannoilla on my\u00f6s vapaa-ajan asutusta.<\/p>\n<p>Sis\u00e4liikuntamahdollisuudet ovat monipuolisia: jumpan ja salibandyn lis\u00e4ksi koulun liikuntasalissa voi harrastaa mm. istumalentopalloa. Kes\u00e4isin voi uida ja talvella k\u00e4yd\u00e4 avannossa Kaitaj\u00e4rvell\u00e4, jossa on kunnan uimaranta. Urheiluseura j\u00e4rjest\u00e4\u00e4 urheilukent\u00e4ll\u00e4 kilpailuja ja erilaisia tapahtumia.<\/p>\n<p>Tieyhteydet ovat hyv\u00e4t, joten Havoon on helppo tulla. Tervetuloa nauttimaan aidosta maalaisel\u00e4m\u00e4st\u00e4!<\/p>\n","protected":false},"excerpt":{"rendered":"<p>Kumpuileva, luonnonkaunis Havon talousalue koostuu Havon, Kontusen, Lyytikk\u00e4l\u00e4n, Niemen, Laksiaisen, Kylli\u00e4l\u00e4n ja Kaihtulan kylist\u00e4. Alueen elinvoima perustuu edelleen maatalouteen, eiv\u00e4tk\u00e4 pelloilla laiduntavat lehm\u00e4t ole harvinainen n\u00e4ky. Karja- ja viljatilojen lis\u00e4ksi 250 asukkaan kyl\u00e4ss\u00e4 toimii yrttien kasvatus- ja markkinointiyritys sek\u00e4 kuljetusyritys. &hellip; <a href=\"https:\/\/kylat.ekarjala.fi\/savitaipaleenkylat\/havo\/\">Lue loppuun <span class=\"meta-nav\">&rarr;<\/span><\/a><\/p>\n","protected":false},"author":1,"featured_media":0,"parent":0,"menu_order":0,"comment_status":"closed","ping_status":"closed","template":"","meta":{"footnotes":""},"class_list":["post-7","page","type-page","status-publish","hentry"],"_links":{"self":[{"href":"https:\/\/kylat.ekarjala.fi\/savitaipaleenkylat\/wp-json\/wp\/v2\/pages\/7","targetHints":{"allow":["GET"]}}],"collection":[{"href":"https:\/\/kylat.ekarjala.fi\/savitaipaleenkylat\/wp-json\/wp\/v2\/pages"}],"about":[{"href":"https:\/\/kylat.ekarjala.fi\/savitaipaleenkylat\/wp-json\/wp\/v2\/types\/page"}],"author":[{"embeddable":true,"href":"https:\/\/kylat.ekarjala.fi\/savitaipaleenkylat\/wp-json\/wp\/v2\/users\/1"}],"replies":[{"embeddable":true,"href":"https:\/\/kylat.ekarjala.fi\/savitaipaleenkylat\/wp-json\/wp\/v2\/comments?post=7"}],"version-history":[{"count":1,"href":"https:\/\/kylat.ekarjala.fi\/savitaipaleenkylat\/wp-json\/wp\/v2\/pages\/7\/revisions"}],"predecessor-version":[{"id":10,"href":"https:\/\/kylat.ekarjala.fi\/savitaipaleenkylat\/wp-json\/wp\/v2\/pages\/7\/revisions\/10"}],"wp:attachment":[{"href":"https:\/\/kylat.ekarjala.fi\/savitaipaleenkylat\/wp-json\/wp\/v2\/media?parent=7"}],"curies":[{"name":"wp","href":"https:\/\/api.w.org\/{rel}","templated":true}]}}