{"id":11,"date":"2012-04-12T19:14:42","date_gmt":"2012-04-12T18:44:42","guid":{"rendered":"https:\/\/kylat.ekarjala.fi\/simola\/?page_id=11"},"modified":"2016-02-06T14:43:25","modified_gmt":"2016-02-06T14:13:25","slug":"palvelut","status":"publish","type":"page","link":"https:\/\/kylat.ekarjala.fi\/simola\/asuminen-kylalla\/palvelut\/","title":{"rendered":"Palvelut"},"content":{"rendered":"<p><a href=\"https:\/\/kylat.ekarjala.fi\/simola\/palvelut\/koulu\/\" title=\"Koulu\" target=\"_blank\">Koulu<\/a><br \/>\n<a href=\"https:\/\/kylat.ekarjala.fi\/simola\/palvelut\/ryhmaperhepaivahoito\/\" title=\"Ryhm\u00e4perhep\u00e4iv\u00e4hoito\">Ryhm\u00e4perhep\u00e4iv\u00e4hoito<\/a><br \/>\n<a href=\"https:\/\/kylat.ekarjala.fi\/simola\/palvelut\/seurakunta\/\" title=\"Seurakunta\">Seurakunta<\/a><br \/>\n<a href=\"https:\/\/kylat.ekarjala.fi\/simola\/palvelut\/vesitorni\/\" title=\"Vesitorni\">Vesitorni<\/a><br \/>\n<a href=\"https:\/\/kylat.ekarjala.fi\/simola\/palvelut\/yritykset\/\" title=\"Yritykset\">Yritykset<\/a><\/p>\n","protected":false},"excerpt":{"rendered":"<p>Koulu Ryhm\u00e4perhep\u00e4iv\u00e4hoito Seurakunta Vesitorni Yritykset<\/p>\n","protected":false},"author":120,"featured_media":0,"parent":1037,"menu_order":1,"comment_status":"closed","ping_status":"closed","template":"full-width-page.php","meta":{"footnotes":""},"class_list":["post-11","page","type-page","status-publish","hentry"],"_links":{"self":[{"href":"https:\/\/kylat.ekarjala.fi\/simola\/wp-json\/wp\/v2\/pages\/11","targetHints":{"allow":["GET"]}}],"collection":[{"href":"https:\/\/kylat.ekarjala.fi\/simola\/wp-json\/wp\/v2\/pages"}],"about":[{"href":"https:\/\/kylat.ekarjala.fi\/simola\/wp-json\/wp\/v2\/types\/page"}],"author":[{"embeddable":true,"href":"https:\/\/kylat.ekarjala.fi\/simola\/wp-json\/wp\/v2\/users\/120"}],"replies":[{"embeddable":true,"href":"https:\/\/kylat.ekarjala.fi\/simola\/wp-json\/wp\/v2\/comments?post=11"}],"version-history":[{"count":13,"href":"https:\/\/kylat.ekarjala.fi\/simola\/wp-json\/wp\/v2\/pages\/11\/revisions"}],"predecessor-version":[{"id":334,"href":"https:\/\/kylat.ekarjala.fi\/simola\/wp-json\/wp\/v2\/pages\/11\/revisions\/334"}],"up":[{"embeddable":true,"href":"https:\/\/kylat.ekarjala.fi\/simola\/wp-json\/wp\/v2\/pages\/1037"}],"wp:attachment":[{"href":"https:\/\/kylat.ekarjala.fi\/simola\/wp-json\/wp\/v2\/media?parent=11"}],"curies":[{"name":"wp","href":"https:\/\/api.w.org\/{rel}","templated":true}]}}