{"id":1591,"date":"2023-05-11T18:50:59","date_gmt":"2023-05-11T15:50:59","guid":{"rendered":"https:\/\/kylat.ekarjala.fi\/simola\/?page_id=1591"},"modified":"2023-05-11T18:50:59","modified_gmt":"2023-05-11T15:50:59","slug":"kylatoimikunta-2018-2019","status":"publish","type":"page","link":"https:\/\/kylat.ekarjala.fi\/simola\/kylatoimikunta-2018-2019\/","title":{"rendered":"Kyl\u00e4toimikunta 2018-2019"},"content":{"rendered":"\n<p>Sanni Vainikka pj<br \/>Anu Kaipia rahastonhoitaja<br \/>Arja V\u00e4\u00e4n\u00e4nen sihteeri<br \/>Marjo Meuronen<br \/>Reetta Posti<br \/>Laura Koskim\u00e4ki<\/p>\n","protected":false},"excerpt":{"rendered":"<p>Sanni Vainikka pjAnu Kaipia rahastonhoitajaArja V\u00e4\u00e4n\u00e4nen sihteeriMarjo MeuronenReetta PostiLaura Koskim\u00e4ki<\/p>\n","protected":false},"author":184,"featured_media":0,"parent":0,"menu_order":0,"comment_status":"closed","ping_status":"closed","template":"","meta":{"footnotes":""},"class_list":["post-1591","page","type-page","status-publish","hentry"],"_links":{"self":[{"href":"https:\/\/kylat.ekarjala.fi\/simola\/wp-json\/wp\/v2\/pages\/1591","targetHints":{"allow":["GET"]}}],"collection":[{"href":"https:\/\/kylat.ekarjala.fi\/simola\/wp-json\/wp\/v2\/pages"}],"about":[{"href":"https:\/\/kylat.ekarjala.fi\/simola\/wp-json\/wp\/v2\/types\/page"}],"author":[{"embeddable":true,"href":"https:\/\/kylat.ekarjala.fi\/simola\/wp-json\/wp\/v2\/users\/184"}],"replies":[{"embeddable":true,"href":"https:\/\/kylat.ekarjala.fi\/simola\/wp-json\/wp\/v2\/comments?post=1591"}],"version-history":[{"count":1,"href":"https:\/\/kylat.ekarjala.fi\/simola\/wp-json\/wp\/v2\/pages\/1591\/revisions"}],"predecessor-version":[{"id":1592,"href":"https:\/\/kylat.ekarjala.fi\/simola\/wp-json\/wp\/v2\/pages\/1591\/revisions\/1592"}],"wp:attachment":[{"href":"https:\/\/kylat.ekarjala.fi\/simola\/wp-json\/wp\/v2\/media?parent=1591"}],"curies":[{"name":"wp","href":"https:\/\/api.w.org\/{rel}","templated":true}]}}