{"id":1601,"date":"2023-05-11T19:41:44","date_gmt":"2023-05-11T16:41:44","guid":{"rendered":"https:\/\/kylat.ekarjala.fi\/simola\/?page_id=1601"},"modified":"2023-05-11T21:49:12","modified_gmt":"2023-05-11T18:49:12","slug":"kylatoimikunta-2023","status":"publish","type":"page","link":"https:\/\/kylat.ekarjala.fi\/simola\/kylatoimikunta-2023\/","title":{"rendered":"Kyl\u00e4toimikunta 2023"},"content":{"rendered":"\t\t<div data-elementor-type=\"wp-page\" data-elementor-id=\"1601\" class=\"elementor elementor-1601\" data-elementor-post-type=\"page\">\n\t\t\t\t\t\t<section class=\"elementor-section elementor-top-section elementor-element elementor-element-1d5046ec elementor-section-boxed elementor-section-height-default elementor-section-height-default\" data-id=\"1d5046ec\" data-element_type=\"section\" data-e-type=\"section\">\n\t\t\t\t\t\t<div class=\"elementor-container elementor-column-gap-default\">\n\t\t\t\t\t<div class=\"elementor-column elementor-col-100 elementor-top-column elementor-element elementor-element-1f021e20\" data-id=\"1f021e20\" data-element_type=\"column\" data-e-type=\"column\">\n\t\t\t<div class=\"elementor-widget-wrap elementor-element-populated\">\n\t\t\t\t\t\t<div class=\"elementor-element elementor-element-58f997ce elementor-widget elementor-widget-text-editor\" data-id=\"58f997ce\" data-element_type=\"widget\" data-e-type=\"widget\" data-widget_type=\"text-editor.default\">\n\t\t\t\t<div class=\"elementor-widget-container\">\n\t\t\t\t\t\t\t\t\tLaura Koskim\u00e4ki<br \/>\nSari Nyk\u00e4nen<br \/>\nAnu Kaipia<br \/>\nSanni Vainikka.<br \/>\n(Jeesin\u00e4) Toni\t\t\t\t\t\t\t\t<\/div>\n\t\t\t\t<\/div>\n\t\t\t\t\t<\/div>\n\t\t<\/div>\n\t\t\t\t\t<\/div>\n\t\t<\/section>\n\t\t\t\t<\/div>\n\t\t","protected":false},"excerpt":{"rendered":"<p>Laura Koskim\u00e4ki Sari Nyk\u00e4nen Anu Kaipia Sanni Vainikka. (Jeesin\u00e4) Toni<\/p>\n","protected":false},"author":184,"featured_media":0,"parent":0,"menu_order":0,"comment_status":"closed","ping_status":"closed","template":"elementor_header_footer","meta":{"footnotes":""},"class_list":["post-1601","page","type-page","status-publish","hentry"],"_links":{"self":[{"href":"https:\/\/kylat.ekarjala.fi\/simola\/wp-json\/wp\/v2\/pages\/1601","targetHints":{"allow":["GET"]}}],"collection":[{"href":"https:\/\/kylat.ekarjala.fi\/simola\/wp-json\/wp\/v2\/pages"}],"about":[{"href":"https:\/\/kylat.ekarjala.fi\/simola\/wp-json\/wp\/v2\/types\/page"}],"author":[{"embeddable":true,"href":"https:\/\/kylat.ekarjala.fi\/simola\/wp-json\/wp\/v2\/users\/184"}],"replies":[{"embeddable":true,"href":"https:\/\/kylat.ekarjala.fi\/simola\/wp-json\/wp\/v2\/comments?post=1601"}],"version-history":[{"count":8,"href":"https:\/\/kylat.ekarjala.fi\/simola\/wp-json\/wp\/v2\/pages\/1601\/revisions"}],"predecessor-version":[{"id":1674,"href":"https:\/\/kylat.ekarjala.fi\/simola\/wp-json\/wp\/v2\/pages\/1601\/revisions\/1674"}],"wp:attachment":[{"href":"https:\/\/kylat.ekarjala.fi\/simola\/wp-json\/wp\/v2\/media?parent=1601"}],"curies":[{"name":"wp","href":"https:\/\/api.w.org\/{rel}","templated":true}]}}