{"id":20,"date":"2012-04-12T19:18:10","date_gmt":"2012-04-12T18:48:10","guid":{"rendered":"https:\/\/kylat.ekarjala.fi\/simola\/?page_id=20"},"modified":"2016-02-06T14:44:36","modified_gmt":"2016-02-06T14:14:36","slug":"yhdistykset","status":"publish","type":"page","link":"https:\/\/kylat.ekarjala.fi\/simola\/asuminen-kylalla\/yhdistykset\/","title":{"rendered":"Yhdistykset"},"content":{"rendered":"<p><a href=\"https:\/\/kylat.ekarjala.fi\/simola\/yhdistykset\/4h\/\" target=\"_blank\">4H<\/a><br \/>\n<a href=\"https:\/\/kylat.ekarjala.fi\/simola\/yhdistykset\/lappeen-riento\/\" target=\"_blank\">Lappeen Riento<\/a><br \/>\n<a href=\"https:\/\/kylat.ekarjala.fi\/simola\/yhdistykset\/martat\/\" target=\"_blank\">Martat<\/a><br \/>\n<a href=\"https:\/\/kylat.ekarjala.fi\/simola\/yhdistykset\/riista\/\" target=\"_blank\">Mets\u00e4stys<\/a><br \/>\n<a href=\"https:\/\/kylat.ekarjala.fi\/simola\/yhdistykset\/myotavirtaan\/\" target=\"_blank\">My\u00f6t\u00e4virtaan<\/a><br \/>\n<a href=\"https:\/\/kylat.ekarjala.fi\/simola\/yhdistykset\/osakaskunnat\/\" target=\"_blank\">Osakaskunnat<\/a><\/p>\n","protected":false},"excerpt":{"rendered":"<p>4H Lappeen Riento Martat Mets\u00e4stys My\u00f6t\u00e4virtaan Osakaskunnat<\/p>\n","protected":false},"author":120,"featured_media":0,"parent":1037,"menu_order":4,"comment_status":"closed","ping_status":"closed","template":"full-width-page.php","meta":{"footnotes":""},"class_list":["post-20","page","type-page","status-publish","hentry"],"_links":{"self":[{"href":"https:\/\/kylat.ekarjala.fi\/simola\/wp-json\/wp\/v2\/pages\/20","targetHints":{"allow":["GET"]}}],"collection":[{"href":"https:\/\/kylat.ekarjala.fi\/simola\/wp-json\/wp\/v2\/pages"}],"about":[{"href":"https:\/\/kylat.ekarjala.fi\/simola\/wp-json\/wp\/v2\/types\/page"}],"author":[{"embeddable":true,"href":"https:\/\/kylat.ekarjala.fi\/simola\/wp-json\/wp\/v2\/users\/120"}],"replies":[{"embeddable":true,"href":"https:\/\/kylat.ekarjala.fi\/simola\/wp-json\/wp\/v2\/comments?post=20"}],"version-history":[{"count":7,"href":"https:\/\/kylat.ekarjala.fi\/simola\/wp-json\/wp\/v2\/pages\/20\/revisions"}],"predecessor-version":[{"id":330,"href":"https:\/\/kylat.ekarjala.fi\/simola\/wp-json\/wp\/v2\/pages\/20\/revisions\/330"}],"up":[{"embeddable":true,"href":"https:\/\/kylat.ekarjala.fi\/simola\/wp-json\/wp\/v2\/pages\/1037"}],"wp:attachment":[{"href":"https:\/\/kylat.ekarjala.fi\/simola\/wp-json\/wp\/v2\/media?parent=20"}],"curies":[{"name":"wp","href":"https:\/\/api.w.org\/{rel}","templated":true}]}}