{"id":22,"date":"2012-04-12T19:18:57","date_gmt":"2012-04-12T18:48:57","guid":{"rendered":"https:\/\/kylat.ekarjala.fi\/simola\/?page_id=22"},"modified":"2014-12-06T08:28:21","modified_gmt":"2014-12-06T07:58:21","slug":"martat","status":"publish","type":"page","link":"https:\/\/kylat.ekarjala.fi\/simola\/asuminen-kylalla\/yhdistykset\/martat\/","title":{"rendered":"Martat"},"content":{"rendered":"<p><strong>Martat<\/strong> toimivat asuinalueensa yhdistyksiss\u00e4 ja vaikuttavat itse toimintaansa.<a href=\"http:\/\/www.martat.fi\/jarjesto\/alueellinen_toiminta\/etela-karjala\/\">Etel\u00e4-Karjalan Martoissa<\/a> toimii my\u00f6s <a href=\"http:\/\/www.martat.fi\/jarjesto\/alueellinen_toiminta\/etela-karjala\/yhdistykset\/\">yhdistykset<\/a><\/p>\n<ul>\n<li>Simolan Martat<\/li>\n<li>Suomalaisen Martat<\/li>\n<\/ul>\n<p>Yhdistykset suunnittelevat oman ohjelmansa j\u00e4senten toiveiden mukaan.<br \/>\nToiminnassa otetaan \u00a0huomioon j\u00e4rjest\u00f6n perustarkoituksen ja vuoden teemat. Vuoden 2011\u20132013 teemana on\u00a0Hidastamalla hyvinvointiin.<\/p>\n<p><strong>Simolan Martat:<\/strong><br \/>\nHallitus:<br \/>\nArja V\u00e4\u00e4n\u00e4nen puheenjohtaja<br \/>\nHelena Suuntala varapuheenjohtaja<br \/>\nSirpa L\u00e4hteenm\u00e4ki Sihteeri<br \/>\nAnu Kaipia<br \/>\nRaija Saalasti<\/p>\n<p>Simolan Marttojen alaisuudessa toimii:<\/p>\n<p>K\u00e4ss\u00e4treffit toimintaryhm\u00e4<br \/>\nRyhm\u00e4n vet\u00e4jin\u00e4 toimivat Arja V\u00e4\u00e4n\u00e4nen ja Raili Saalasti<\/p>\n<p>Ryhm\u00e4 kokoontuu Martta Piiriss\u00e4<\/p>\n<p>Rahaston hoitajana toimii Anja Haikala<\/p>\n<p>Simolan Martoilla on kaunis kahvi &#8211; ja ruoka-astiasto , jota vuokrataan kodin juhliin. Kahviastiasto kest\u00e4\u00e4 tiskikoneen samoin juomalasit. Lautaset eiv\u00e4t kest\u00e4 tiskikonetta. \u00a0Kahvinkeittimi\u00e4 on kaksi. Ravintolamallinen kahdella lasikannulla oleva pienempi keitin sek\u00e4 iso 60 hengen keitin, joka on todella hyv\u00e4 keitin. Ison keittimen vuokra on 20 \u20ac\/tilaisuus. Tapaamisia on yleens\u00e4 joka toinen viikko keskiviikkoisin tai torstaisin.<\/p>\n<p>Useimmiten tapaamme jonkun Martan kotona ja iltaan on \u00a0teema, esimerkiksi esittelij\u00e4 tai jokin k\u00e4dentaito.<\/p>\n<p><span style=\"color: #000000\">Simolan Marttojen alaisuudessa toimi K\u00e4ss\u00e4 toimintaryhm\u00e4. Ryhm\u00e4 kokoontuu k\u00e4dentaitojen merkeiss\u00e4 kerran kuukaudessa yleens\u00e4 Piiriss\u00e4, mutta kokoontuminen voidaan j\u00e4rjest\u00e4\u00e4 muuallakin tilanteen niin vaatiessa.<\/span><br \/>\n<em id=\"__mceDel\"><br \/>\n<strong>Martat kiitt\u00e4v\u00e4t kaikkia romunker\u00e4ykseen<\/strong><\/em><strong> osallistuneita<\/strong><strong>.<\/strong><\/p>\n<p>Hein\u00e4kuussa 2013 viet\u00e4mme Ruokosen rannalla rantakala iltaa ja esitet\u00e4\u00e4n nuotanvetoa sek\u00e4 Martat tarjoavat kahvit kiitokseksi romunker\u00e4ykseen osallistumisesta.<\/p>\n<p><em id=\"__mceDel\"> 20.3 klo 17 vesijumppa Kosenkodilla Yl\u00e4maalla<br \/>\n14.3 Martat Sirpa J\u00e4\u00e4skel\u00e4isell\u00e4 klo 18<\/em><\/p>\n<p>13.3.2013 K\u00e4ss\u00e4 treffit Piiriss\u00e4 \u00a0klo 17 aiheena:<br \/>\nP\u00e4\u00e4si\u00e4inen Paperinaru kranssi neuloen puikot numero 10-15 ja koristeita huovuttaen esim. p\u00e4\u00e4si\u00e4ismuna koristeita. LIsa esittelee kiinalaisia nappeja.<\/p>\n<p>13.2.2013 on Simolan Marttojen vuosikokous Maritta Pullilla. Tervetuloa.<\/p>\n<p>23.1.2013 oli ensimm\u00e4iset k\u00e4ss\u00e4treffit piiriss\u00e4 vet\u00e4jin\u00e4 ja asian alulle panijoina toimivat Raili Saalasti ja Arja V\u00e4\u00e4n\u00e4nen tietenkin Simolan Martoista. Treffeill\u00e4 oli noin 35-40 osanottajaa ja aiheena oli tunisialainen koukkuaminen. Piiri tarjosi kahvit ja Tuuliviiri esitteli heid\u00e4n lankoja ja niiden alkuper\u00e4\u00e4. Mukana oli monta kiinnostavaa lankaa kuten nokkosista tehty lanka. Seuraava tapaaminen on 14.2 klo 17 eli yst\u00e4v\u00e4np\u00e4iv\u00e4n\u00e4 mik\u00e4 sen parempi p\u00e4iv\u00e4 k\u00e4sity\u00f6n yst\u00e4ville.<\/p>\n<p>17.11.2012 Raili Saalastilla ja Arja V\u00e4\u00e4n\u00e4sell\u00e4 oli Martta-puku kautta aikojen n\u00e4yttely Marttojen syyskokouksessa Lemill\u00e4. N\u00e4yttely sai kovasti kiitosta monipuolisuudestaan ja etenkin vanhojen naisellisten pukujen osalta.<\/p>\n<p><img decoding=\"async\" class=\"attachment-post-thumbnail\" src=\"https:\/\/kylat.ekarjala.fi\/simola\/wp-content\/uploads\/sites\/48\/2012\/04\/PB170216.jpg\" alt=\"OLYMPUS DIGITAL CAMERA\" width=\"240\" height=\"180\" \/><\/p>\n<p><strong>1.11.2012 klo 17:30 meill\u00e4 kranssinteko ilta Lappeenpuistossa<\/strong> ohjaana Merja Nurkka. Kranssiin tarvitaan puoli muovikassillista havuja tai puolukanvarpuja tai mustikanvarpuja sek\u00e4 koristeeksi vaikka j\u00e4ttimaksaruohoa.<br \/>\n2012 Joulun alla teemme joulu koristeita. K\u00e4ymme erilaisissa esityksiss\u00e4 yhdess\u00e4 ja viet\u00e4mme muutoinkin mukavaa yhdess\u00e4 oloa.<\/p>\n<p>Tervetuloa mukaan \u00a0kaikki niin kranssintekoon kuin Martoihin.<\/p>\n<p><a href=\"https:\/\/kylat.ekarjala.fi\/simola\/wp-content\/uploads\/sites\/48\/2012\/04\/0631.jpg\"><img fetchpriority=\"high\" decoding=\"async\" class=\"alignleft size-full wp-image-231\" src=\"https:\/\/kylat.ekarjala.fi\/simola\/wp-content\/uploads\/sites\/48\/2012\/04\/0631.jpg\" alt=\"\" width=\"3264\" height=\"2448\" \/><\/a><\/p>\n<p>Kuva<a href=\"http:\/\/www.martat.fi\/jarjesto\/\">\u00a0<\/a>on vuoden 2011 joulu retkelt\u00e4, jonka teimme Kenk\u00e4veroon Mikkeliin.<br \/>\nMatka oli antoisa ja saimme sielt\u00e4 joulu mielt\u00e4.<\/p>\n<p>Kansalaisj\u00e4rjest\u00f6n\u00e4 Martat edist\u00e4\u00e4 kotien ja perheiden hyvinvointia ja kotitalouden arvostusta.<\/p>\n","protected":false},"excerpt":{"rendered":"<p>Martat toimivat asuinalueensa yhdistyksiss\u00e4 ja vaikuttavat itse toimintaansa.Etel\u00e4-Karjalan Martoissa toimii my\u00f6s yhdistykset Simolan Martat Suomalaisen Martat Yhdistykset suunnittelevat oman ohjelmansa j\u00e4senten toiveiden mukaan. Toiminnassa otetaan \u00a0huomioon j\u00e4rjest\u00f6n perustarkoituksen ja vuoden teemat. Vuoden 2011\u20132013 teemana on\u00a0Hidastamalla hyvinvointiin. Simolan Martat: Hallitus: Arja &hellip; <a href=\"https:\/\/kylat.ekarjala.fi\/simola\/asuminen-kylalla\/yhdistykset\/martat\/\">Continue reading <span class=\"meta-nav\">&rarr;<\/span><\/a><\/p>\n","protected":false},"author":120,"featured_media":0,"parent":20,"menu_order":0,"comment_status":"closed","ping_status":"closed","template":"full-width-page.php","meta":{"footnotes":""},"class_list":["post-22","page","type-page","status-publish","hentry"],"_links":{"self":[{"href":"https:\/\/kylat.ekarjala.fi\/simola\/wp-json\/wp\/v2\/pages\/22","targetHints":{"allow":["GET"]}}],"collection":[{"href":"https:\/\/kylat.ekarjala.fi\/simola\/wp-json\/wp\/v2\/pages"}],"about":[{"href":"https:\/\/kylat.ekarjala.fi\/simola\/wp-json\/wp\/v2\/types\/page"}],"author":[{"embeddable":true,"href":"https:\/\/kylat.ekarjala.fi\/simola\/wp-json\/wp\/v2\/users\/120"}],"replies":[{"embeddable":true,"href":"https:\/\/kylat.ekarjala.fi\/simola\/wp-json\/wp\/v2\/comments?post=22"}],"version-history":[{"count":20,"href":"https:\/\/kylat.ekarjala.fi\/simola\/wp-json\/wp\/v2\/pages\/22\/revisions"}],"predecessor-version":[{"id":714,"href":"https:\/\/kylat.ekarjala.fi\/simola\/wp-json\/wp\/v2\/pages\/22\/revisions\/714"}],"up":[{"embeddable":true,"href":"https:\/\/kylat.ekarjala.fi\/simola\/wp-json\/wp\/v2\/pages\/20"}],"wp:attachment":[{"href":"https:\/\/kylat.ekarjala.fi\/simola\/wp-json\/wp\/v2\/media?parent=22"}],"curies":[{"name":"wp","href":"https:\/\/api.w.org\/{rel}","templated":true}]}}