{"id":24,"date":"2012-04-12T19:19:22","date_gmt":"2012-04-12T18:49:22","guid":{"rendered":"https:\/\/kylat.ekarjala.fi\/simola\/?page_id=24"},"modified":"2014-11-07T11:46:22","modified_gmt":"2014-11-07T11:16:22","slug":"riista","status":"publish","type":"page","link":"https:\/\/kylat.ekarjala.fi\/simola\/asuminen-kylalla\/yhdistykset\/riista\/","title":{"rendered":"Mets\u00e4stys"},"content":{"rendered":"<p><strong><\/strong>\u00a0<\/p>\n<p><strong><a href=\"http:\/\/www.esrhy.fi\/\">Etel\u00e4-Saimaan riistanhoitoyhdistys <\/a><\/strong>kuuluu Kymen riistanhoitopiiriin<br \/>\nja toiminta-alueena on Lappeenrannan kaupungin alue. Riistanhoitoyhdistykseen kuuluu my\u00f6s<\/p>\n<ul>\n<li><strong><a href=\"http:\/\/www.esrhy.fi\/raipon_riistamiehet\/index.php\">Raipon Riistamiehet ry<\/a><\/strong><\/li>\n<li><strong><a href=\"http:\/\/www.esrhy.fi\/rikkilan\/index.php\">Rikkil\u00e4n ja l\u00e4hikylien Er\u00e4miehet ry<\/a><\/strong><\/li>\n<\/ul>\n<p><a href=\"http:\/\/www.era-akatemia.fi\/\"><strong>Er\u00e4akatemian<\/strong><strong>\u00a0<\/strong><\/a>\u00a0tarkoitus on liitt\u00e4\u00e4 yhteen\u00a0kaikki mets\u00e4styksest\u00e4\u00a0kiinnostuneet nuoret\u00a0hauskalla ja uudella tavalla. Akatemia luo ja j\u00e4rjest\u00e4\u00e4\u00a0nuorille ohjelmaa, tapahtumia ja koulutusta\u00a0er\u00e4nk\u00e4ynnin eri osa-alueilla.<\/p>\n","protected":false},"excerpt":{"rendered":"<p>\u00a0 Etel\u00e4-Saimaan riistanhoitoyhdistys kuuluu Kymen riistanhoitopiiriin ja toiminta-alueena on Lappeenrannan kaupungin alue. Riistanhoitoyhdistykseen kuuluu my\u00f6s Raipon Riistamiehet ry Rikkil\u00e4n ja l\u00e4hikylien Er\u00e4miehet ry Er\u00e4akatemian\u00a0\u00a0tarkoitus on liitt\u00e4\u00e4 yhteen\u00a0kaikki mets\u00e4styksest\u00e4\u00a0kiinnostuneet nuoret\u00a0hauskalla ja uudella tavalla. Akatemia luo ja j\u00e4rjest\u00e4\u00e4\u00a0nuorille ohjelmaa, tapahtumia ja koulutusta\u00a0er\u00e4nk\u00e4ynnin &hellip; <a href=\"https:\/\/kylat.ekarjala.fi\/simola\/asuminen-kylalla\/yhdistykset\/riista\/\">Continue reading <span class=\"meta-nav\">&rarr;<\/span><\/a><\/p>\n","protected":false},"author":120,"featured_media":0,"parent":20,"menu_order":0,"comment_status":"closed","ping_status":"closed","template":"full-width-page.php","meta":{"footnotes":""},"class_list":["post-24","page","type-page","status-publish","hentry"],"_links":{"self":[{"href":"https:\/\/kylat.ekarjala.fi\/simola\/wp-json\/wp\/v2\/pages\/24","targetHints":{"allow":["GET"]}}],"collection":[{"href":"https:\/\/kylat.ekarjala.fi\/simola\/wp-json\/wp\/v2\/pages"}],"about":[{"href":"https:\/\/kylat.ekarjala.fi\/simola\/wp-json\/wp\/v2\/types\/page"}],"author":[{"embeddable":true,"href":"https:\/\/kylat.ekarjala.fi\/simola\/wp-json\/wp\/v2\/users\/120"}],"replies":[{"embeddable":true,"href":"https:\/\/kylat.ekarjala.fi\/simola\/wp-json\/wp\/v2\/comments?post=24"}],"version-history":[{"count":6,"href":"https:\/\/kylat.ekarjala.fi\/simola\/wp-json\/wp\/v2\/pages\/24\/revisions"}],"predecessor-version":[{"id":319,"href":"https:\/\/kylat.ekarjala.fi\/simola\/wp-json\/wp\/v2\/pages\/24\/revisions\/319"}],"up":[{"embeddable":true,"href":"https:\/\/kylat.ekarjala.fi\/simola\/wp-json\/wp\/v2\/pages\/20"}],"wp:attachment":[{"href":"https:\/\/kylat.ekarjala.fi\/simola\/wp-json\/wp\/v2\/media?parent=24"}],"curies":[{"name":"wp","href":"https:\/\/api.w.org\/{rel}","templated":true}]}}