{"id":26,"date":"2012-04-12T19:21:19","date_gmt":"2012-04-12T18:51:19","guid":{"rendered":"https:\/\/kylat.ekarjala.fi\/simola\/?page_id=26"},"modified":"2014-11-07T11:46:29","modified_gmt":"2014-11-07T11:16:29","slug":"osakaskunnat","status":"publish","type":"page","link":"https:\/\/kylat.ekarjala.fi\/simola\/asuminen-kylalla\/yhdistykset\/osakaskunnat\/","title":{"rendered":"Osakaskunnat"},"content":{"rendered":"<p><a href=\"http:\/\/www.ekkalatalouskeskus.fi\/index.php?p=2\">Etel\u00e4 \u2013 Karjalan kalatalouskeskus ry<\/a> on maakunnallinen kalatalouden asiantuntija \u2013 ja kehitt\u00e4misj\u00e4rjest\u00f6. Toimintaymp\u00e4rist\u00f6n\u00e4 \u00a0ovat maakunnan yli 1.500 j\u00e4rve\u00e4 ja 20 jokivesist\u00f6\u00e4. J\u00e4senist\u00f6 koostuu osakaskunnista, kalastusalueista, kalastusseuroista ja ammattikalastusseurasta.<\/p>\n<p>Simolan ja l\u00e4hikylien alue kuuluu <a href=\"http:\/\/www.ekkalatalouskeskus.fi\/index.php?p=4&amp;yl=3\">Kaakonkulman kalastusalueeseen.<\/a><\/p>\n","protected":false},"excerpt":{"rendered":"<p>Etel\u00e4 \u2013 Karjalan kalatalouskeskus ry on maakunnallinen kalatalouden asiantuntija \u2013 ja kehitt\u00e4misj\u00e4rjest\u00f6. Toimintaymp\u00e4rist\u00f6n\u00e4 \u00a0ovat maakunnan yli 1.500 j\u00e4rve\u00e4 ja 20 jokivesist\u00f6\u00e4. J\u00e4senist\u00f6 koostuu osakaskunnista, kalastusalueista, kalastusseuroista ja ammattikalastusseurasta. Simolan ja l\u00e4hikylien alue kuuluu Kaakonkulman kalastusalueeseen.<\/p>\n","protected":false},"author":120,"featured_media":0,"parent":20,"menu_order":0,"comment_status":"closed","ping_status":"closed","template":"full-width-page.php","meta":{"footnotes":""},"class_list":["post-26","page","type-page","status-publish","hentry"],"_links":{"self":[{"href":"https:\/\/kylat.ekarjala.fi\/simola\/wp-json\/wp\/v2\/pages\/26","targetHints":{"allow":["GET"]}}],"collection":[{"href":"https:\/\/kylat.ekarjala.fi\/simola\/wp-json\/wp\/v2\/pages"}],"about":[{"href":"https:\/\/kylat.ekarjala.fi\/simola\/wp-json\/wp\/v2\/types\/page"}],"author":[{"embeddable":true,"href":"https:\/\/kylat.ekarjala.fi\/simola\/wp-json\/wp\/v2\/users\/120"}],"replies":[{"embeddable":true,"href":"https:\/\/kylat.ekarjala.fi\/simola\/wp-json\/wp\/v2\/comments?post=26"}],"version-history":[{"count":4,"href":"https:\/\/kylat.ekarjala.fi\/simola\/wp-json\/wp\/v2\/pages\/26\/revisions"}],"predecessor-version":[{"id":320,"href":"https:\/\/kylat.ekarjala.fi\/simola\/wp-json\/wp\/v2\/pages\/26\/revisions\/320"}],"up":[{"embeddable":true,"href":"https:\/\/kylat.ekarjala.fi\/simola\/wp-json\/wp\/v2\/pages\/20"}],"wp:attachment":[{"href":"https:\/\/kylat.ekarjala.fi\/simola\/wp-json\/wp\/v2\/media?parent=26"}],"curies":[{"name":"wp","href":"https:\/\/api.w.org\/{rel}","templated":true}]}}