{"id":28,"date":"2012-04-12T19:21:55","date_gmt":"2012-04-12T18:51:55","guid":{"rendered":"https:\/\/kylat.ekarjala.fi\/simola\/?page_id=28"},"modified":"2014-11-07T11:46:03","modified_gmt":"2014-11-07T11:16:03","slug":"lappeen-riento","status":"publish","type":"page","link":"https:\/\/kylat.ekarjala.fi\/simola\/asuminen-kylalla\/yhdistykset\/lappeen-riento\/","title":{"rendered":"Lappeen Riento"},"content":{"rendered":"<p><a href=\"http:\/\/www.lappeenriento.fi\/\">Lappeen Riennon <\/a>seuratoiminnan keskeisin\u00e4 toimijoina ovat\u00a0 perustamisesta eli\u00a0 vuodesta 1919 \u00a0alkaen\u00a0 olleet lukuisat\u00a0 kyl\u00e4osastot eri puolilla Lappeenrantaa. Seuran toimintakentt\u00e4 ulottuu kaupungin keskustasta laajalle maaseutukyliin entisen Lappeen kunnan alueella. <a href=\"http:\/\/www.lappeenriento.fi\/uutiset\/simolasta-j%C3%A4lleen-lappeen-liigan-mestari\">Simoallakin on kyl\u00e4osasto ja toimintaa.<\/a><\/p>\n<p>Lappeen Liigan kaukalopallomestaruus ratkaistiin t\u00e4n\u00e4 vuonna huhtikuun 28. p\u00e4iv\u00e4 UK-Areenalla. Hallitseva mestari Simola pelasi j\u00e4lleen vakuuttavasti ja marssi toiseen per\u00e4kk\u00e4iseen mestaruuteen h\u00e4vi\u00e4m\u00e4tt\u00e4 otteluakaan.Simolan mestarijoukkueessa pelasivat: Samu Kotonen, Timo Ikonen, Matti Ikonen, Ari-Matti Rikkinen, Mikko Haikala, Mikko Sipil\u00e4inen, Aku Sipil\u00e4inen ja Sami Kaihera.<\/p>\n<p>Lappeen Riennon ja Simolan alueen kyl\u00e4l\u00e4isten suuri yhteinen ponnistus on vuonna 2016 <a href=\"http:\/\/www.jukola.com\/\">Jukolan viesti<\/a>.<\/p>\n","protected":false},"excerpt":{"rendered":"<p>Lappeen Riennon seuratoiminnan keskeisin\u00e4 toimijoina ovat\u00a0 perustamisesta eli\u00a0 vuodesta 1919 \u00a0alkaen\u00a0 olleet lukuisat\u00a0 kyl\u00e4osastot eri puolilla Lappeenrantaa. Seuran toimintakentt\u00e4 ulottuu kaupungin keskustasta laajalle maaseutukyliin entisen Lappeen kunnan alueella. Simoallakin on kyl\u00e4osasto ja toimintaa. Lappeen Liigan kaukalopallomestaruus ratkaistiin t\u00e4n\u00e4 vuonna huhtikuun &hellip; <a href=\"https:\/\/kylat.ekarjala.fi\/simola\/asuminen-kylalla\/yhdistykset\/lappeen-riento\/\">Continue reading <span class=\"meta-nav\">&rarr;<\/span><\/a><\/p>\n","protected":false},"author":120,"featured_media":0,"parent":20,"menu_order":0,"comment_status":"closed","ping_status":"closed","template":"full-width-page.php","meta":{"footnotes":""},"class_list":["post-28","page","type-page","status-publish","hentry"],"_links":{"self":[{"href":"https:\/\/kylat.ekarjala.fi\/simola\/wp-json\/wp\/v2\/pages\/28","targetHints":{"allow":["GET"]}}],"collection":[{"href":"https:\/\/kylat.ekarjala.fi\/simola\/wp-json\/wp\/v2\/pages"}],"about":[{"href":"https:\/\/kylat.ekarjala.fi\/simola\/wp-json\/wp\/v2\/types\/page"}],"author":[{"embeddable":true,"href":"https:\/\/kylat.ekarjala.fi\/simola\/wp-json\/wp\/v2\/users\/120"}],"replies":[{"embeddable":true,"href":"https:\/\/kylat.ekarjala.fi\/simola\/wp-json\/wp\/v2\/comments?post=28"}],"version-history":[{"count":6,"href":"https:\/\/kylat.ekarjala.fi\/simola\/wp-json\/wp\/v2\/pages\/28\/revisions"}],"predecessor-version":[{"id":177,"href":"https:\/\/kylat.ekarjala.fi\/simola\/wp-json\/wp\/v2\/pages\/28\/revisions\/177"}],"up":[{"embeddable":true,"href":"https:\/\/kylat.ekarjala.fi\/simola\/wp-json\/wp\/v2\/pages\/20"}],"wp:attachment":[{"href":"https:\/\/kylat.ekarjala.fi\/simola\/wp-json\/wp\/v2\/media?parent=28"}],"curies":[{"name":"wp","href":"https:\/\/api.w.org\/{rel}","templated":true}]}}