{"id":32,"date":"2012-04-12T19:22:32","date_gmt":"2012-04-12T18:52:32","guid":{"rendered":"https:\/\/kylat.ekarjala.fi\/simola\/?page_id=32"},"modified":"2016-02-01T17:57:37","modified_gmt":"2016-02-01T17:27:37","slug":"4h","status":"publish","type":"page","link":"https:\/\/kylat.ekarjala.fi\/simola\/asuminen-kylalla\/yhdistykset\/4h\/","title":{"rendered":"4H"},"content":{"rendered":"<p><strong>4H KANSAINV\u00c4LINEN NUORISOJ\u00c4RJEST\u00d6 <\/strong><\/p>\n<p><strong><a href=\"http:\/\/www.4h.fi\/\">4H-j\u00e4rjest\u00f6 on Suomen suurin nuorisoj\u00e4rjest\u00f6.<\/a><\/strong> 4H-j\u00e4rjest\u00f6\u00f6n kuuluu yli 75 000 j\u00e4sent\u00e4 ja Lappeenrannassa mukana \u00a0yli 400 6- 24 vuotiasta nuorta.<\/p>\n<p>4H toimii my\u00f6s Simolassa. <a href=\"http:\/\/etela-saimaa.4h.fi\/\">Etel\u00e4-Saimaan 4H-yhdistyksell\u00e4<\/a> on Simolan koululla yli 6 vuotiaille <a href=\"http:\/\/etela-saimaa.4h.fi\/kerhot\/lappeenranta\/simola\/\">4H-kerho<\/a>.Jos haluat tienata tienata \u00a0omaa rahaa , ota selv\u00e4\u00e4 mit\u00e4 <a href=\"http:\/\/www.4h.fi\/oma-yritys\/\">4H-yritys <\/a>sinulle tarjoaa Simolassa ja l\u00e4hikylill\u00e4.<\/p>\n<p>&nbsp;<\/p>\n<p>&nbsp;<\/p>\n","protected":false},"excerpt":{"rendered":"<p>4H KANSAINV\u00c4LINEN NUORISOJ\u00c4RJEST\u00d6 4H-j\u00e4rjest\u00f6 on Suomen suurin nuorisoj\u00e4rjest\u00f6. 4H-j\u00e4rjest\u00f6\u00f6n kuuluu yli 75 000 j\u00e4sent\u00e4 ja Lappeenrannassa mukana \u00a0yli 400 6- 24 vuotiasta nuorta. 4H toimii my\u00f6s Simolassa. Etel\u00e4-Saimaan 4H-yhdistyksell\u00e4 on Simolan koululla yli 6 vuotiaille 4H-kerho.Jos haluat tienata tienata \u00a0omaa &hellip; <a href=\"https:\/\/kylat.ekarjala.fi\/simola\/asuminen-kylalla\/yhdistykset\/4h\/\">Continue reading <span class=\"meta-nav\">&rarr;<\/span><\/a><\/p>\n","protected":false},"author":120,"featured_media":0,"parent":20,"menu_order":0,"comment_status":"closed","ping_status":"closed","template":"full-width-page.php","meta":{"footnotes":""},"class_list":["post-32","page","type-page","status-publish","hentry"],"_links":{"self":[{"href":"https:\/\/kylat.ekarjala.fi\/simola\/wp-json\/wp\/v2\/pages\/32","targetHints":{"allow":["GET"]}}],"collection":[{"href":"https:\/\/kylat.ekarjala.fi\/simola\/wp-json\/wp\/v2\/pages"}],"about":[{"href":"https:\/\/kylat.ekarjala.fi\/simola\/wp-json\/wp\/v2\/types\/page"}],"author":[{"embeddable":true,"href":"https:\/\/kylat.ekarjala.fi\/simola\/wp-json\/wp\/v2\/users\/120"}],"replies":[{"embeddable":true,"href":"https:\/\/kylat.ekarjala.fi\/simola\/wp-json\/wp\/v2\/comments?post=32"}],"version-history":[{"count":10,"href":"https:\/\/kylat.ekarjala.fi\/simola\/wp-json\/wp\/v2\/pages\/32\/revisions"}],"predecessor-version":[{"id":986,"href":"https:\/\/kylat.ekarjala.fi\/simola\/wp-json\/wp\/v2\/pages\/32\/revisions\/986"}],"up":[{"embeddable":true,"href":"https:\/\/kylat.ekarjala.fi\/simola\/wp-json\/wp\/v2\/pages\/20"}],"wp:attachment":[{"href":"https:\/\/kylat.ekarjala.fi\/simola\/wp-json\/wp\/v2\/media?parent=32"}],"curies":[{"name":"wp","href":"https:\/\/api.w.org\/{rel}","templated":true}]}}