{"id":38,"date":"2012-04-12T19:23:59","date_gmt":"2012-04-12T18:53:59","guid":{"rendered":"https:\/\/kylat.ekarjala.fi\/simola\/?page_id=38"},"modified":"2016-02-09T16:18:33","modified_gmt":"2016-02-09T15:48:33","slug":"kylat","status":"publish","type":"page","link":"https:\/\/kylat.ekarjala.fi\/simola\/kylat\/","title":{"rendered":"Kyl\u00e4t"},"content":{"rendered":"<p><strong> Kyl\u00e4t:<\/strong><\/p>\n<blockquote><p>Haikala<br \/>\nHyttil\u00e4<br \/>\nKaipia<br \/>\nK\u00e4lvel\u00e4<br \/>\nMelkkola<br \/>\nMonola<br \/>\nRaippo<br \/>\nRikkil\u00e4<br \/>\nRuohia<br \/>\nSuomalainen<\/p>\n<p><a href=\"https:\/\/kylat.ekarjala.fi\/simola\/wp-content\/uploads\/sites\/48\/2012\/04\/retki-030.jpg\"><img fetchpriority=\"high\" decoding=\"async\" class=\"alignnone size-large wp-image-997\" src=\"https:\/\/kylat.ekarjala.fi\/simola\/wp-content\/uploads\/sites\/48\/2012\/04\/retki-030-1024x768.jpg\" alt=\"retki 030\" width=\"500\" height=\"375\" srcset=\"https:\/\/kylat.ekarjala.fi\/simola\/wp-content\/uploads\/sites\/48\/2012\/04\/retki-030-1024x768.jpg 1024w, https:\/\/kylat.ekarjala.fi\/simola\/wp-content\/uploads\/sites\/48\/2012\/04\/retki-030-300x225.jpg 300w\" sizes=\"(max-width: 500px) 100vw, 500px\" \/><\/a><\/p>\n<p><a href=\"https:\/\/kylat.ekarjala.fi\/simola\/wp-content\/uploads\/sites\/48\/2012\/04\/retki-030.jpg\">(c)<\/a> Marjo Meuronen \/Monolan\u00a0kyl\u00e4\u00e4<\/p>\n<p><a href=\"https:\/\/kylat.ekarjala.fi\/simola\/wp-content\/uploads\/sites\/48\/2012\/04\/retki-036.jpg\"><img decoding=\"async\" class=\"alignnone size-large wp-image-998\" src=\"https:\/\/kylat.ekarjala.fi\/simola\/wp-content\/uploads\/sites\/48\/2012\/04\/retki-036-1024x768.jpg\" alt=\"retki 036\" width=\"500\" height=\"375\" srcset=\"https:\/\/kylat.ekarjala.fi\/simola\/wp-content\/uploads\/sites\/48\/2012\/04\/retki-036-1024x768.jpg 1024w, https:\/\/kylat.ekarjala.fi\/simola\/wp-content\/uploads\/sites\/48\/2012\/04\/retki-036-300x225.jpg 300w\" sizes=\"(max-width: 500px) 100vw, 500px\" \/><\/a><\/p>\n<p><u>(c)<\/u> Marjo Meuronen\/Haikalan sahan koski<\/p>\n<p><a href=\"https:\/\/kylat.ekarjala.fi\/simola\/wp-content\/uploads\/sites\/48\/2016\/02\/Kuva-098.jpg\"><img decoding=\"async\" class=\"alignnone size-large wp-image-1001\" src=\"https:\/\/kylat.ekarjala.fi\/simola\/wp-content\/uploads\/sites\/48\/2016\/02\/Kuva-098-1024x768.jpg\" alt=\"Kuva 098\" width=\"500\" height=\"375\" srcset=\"https:\/\/kylat.ekarjala.fi\/simola\/wp-content\/uploads\/sites\/48\/2016\/02\/Kuva-098-1024x768.jpg 1024w, https:\/\/kylat.ekarjala.fi\/simola\/wp-content\/uploads\/sites\/48\/2016\/02\/Kuva-098-300x225.jpg 300w\" sizes=\"(max-width: 500px) 100vw, 500px\" \/><\/a> <a href=\"https:\/\/kylat.ekarjala.fi\/simola\/wp-content\/uploads\/sites\/48\/2016\/02\/Kuva-099.jpg\"><img loading=\"lazy\" decoding=\"async\" class=\"alignnone size-large wp-image-1002\" src=\"https:\/\/kylat.ekarjala.fi\/simola\/wp-content\/uploads\/sites\/48\/2016\/02\/Kuva-099-1024x768.jpg\" alt=\"Kuva 099\" width=\"500\" height=\"375\" srcset=\"https:\/\/kylat.ekarjala.fi\/simola\/wp-content\/uploads\/sites\/48\/2016\/02\/Kuva-099-1024x768.jpg 1024w, https:\/\/kylat.ekarjala.fi\/simola\/wp-content\/uploads\/sites\/48\/2016\/02\/Kuva-099-300x225.jpg 300w\" sizes=\"(max-width: 500px) 100vw, 500px\" \/><\/a><\/p>\n<p><u><span style=\"color: #0060ff\">(c)<\/span><\/u> Marjo Meuronen<\/p>\n<p><a href=\"https:\/\/kylat.ekarjala.fi\/simola\/wp-content\/uploads\/sites\/48\/2016\/02\/kuvia2-29.jpg\"><img loading=\"lazy\" decoding=\"async\" class=\"alignnone size-large wp-image-1003\" src=\"https:\/\/kylat.ekarjala.fi\/simola\/wp-content\/uploads\/sites\/48\/2016\/02\/kuvia2-29-1024x768.jpg\" alt=\"kuvia2 (29)\" width=\"500\" height=\"375\" srcset=\"https:\/\/kylat.ekarjala.fi\/simola\/wp-content\/uploads\/sites\/48\/2016\/02\/kuvia2-29-1024x768.jpg 1024w, https:\/\/kylat.ekarjala.fi\/simola\/wp-content\/uploads\/sites\/48\/2016\/02\/kuvia2-29-300x225.jpg 300w, https:\/\/kylat.ekarjala.fi\/simola\/wp-content\/uploads\/sites\/48\/2016\/02\/kuvia2-29.jpg 1632w\" sizes=\"(max-width: 500px) 100vw, 500px\" \/><\/a><\/p>\n<p><u>(c)<\/u> Marjo Meuronen\/\u00a0Lankkum\u00e4entie<\/p>\n<p><a href=\"https:\/\/kylat.ekarjala.fi\/simola\/wp-content\/uploads\/sites\/48\/2016\/02\/FB_IMG_1454549582654.jpg\" rel=\"attachment wp-att-1008\"><img loading=\"lazy\" decoding=\"async\" class=\"alignnone size-large wp-image-1008\" src=\"https:\/\/kylat.ekarjala.fi\/simola\/wp-content\/uploads\/sites\/48\/2016\/02\/FB_IMG_1454549582654-1024x683.jpg\" alt=\"FB_IMG_1454549582654\" width=\"500\" height=\"333\" srcset=\"https:\/\/kylat.ekarjala.fi\/simola\/wp-content\/uploads\/sites\/48\/2016\/02\/FB_IMG_1454549582654-1024x683.jpg 1024w, https:\/\/kylat.ekarjala.fi\/simola\/wp-content\/uploads\/sites\/48\/2016\/02\/FB_IMG_1454549582654-300x200.jpg 300w, https:\/\/kylat.ekarjala.fi\/simola\/wp-content\/uploads\/sites\/48\/2016\/02\/FB_IMG_1454549582654-768x512.jpg 768w, https:\/\/kylat.ekarjala.fi\/simola\/wp-content\/uploads\/sites\/48\/2016\/02\/FB_IMG_1454549582654.jpg 1080w\" sizes=\"(max-width: 500px) 100vw, 500px\" \/><\/a><\/p>\n<p>Ruokosen uimarannalta<\/p>\n<p><a href=\"https:\/\/kylat.ekarjala.fi\/simola\/wp-content\/uploads\/sites\/48\/2012\/04\/12674431_755797841220145_1703617424_n.jpg\" rel=\"attachment wp-att-1054\"><img loading=\"lazy\" decoding=\"async\" class=\"alignnone size-full wp-image-1054\" src=\"https:\/\/kylat.ekarjala.fi\/simola\/wp-content\/uploads\/sites\/48\/2012\/04\/12674431_755797841220145_1703617424_n.jpg\" alt=\"12674431_755797841220145_1703617424_n\" width=\"960\" height=\"720\" srcset=\"https:\/\/kylat.ekarjala.fi\/simola\/wp-content\/uploads\/sites\/48\/2012\/04\/12674431_755797841220145_1703617424_n.jpg 960w, https:\/\/kylat.ekarjala.fi\/simola\/wp-content\/uploads\/sites\/48\/2012\/04\/12674431_755797841220145_1703617424_n-300x225.jpg 300w, https:\/\/kylat.ekarjala.fi\/simola\/wp-content\/uploads\/sites\/48\/2012\/04\/12674431_755797841220145_1703617424_n-768x576.jpg 768w\" sizes=\"(max-width: 960px) 100vw, 960px\" \/><\/a><\/p>\n<p><a href=\"https:\/\/kylat.ekarjala.fi\/simola\/wp-content\/uploads\/sites\/48\/2012\/04\/12659843_755797994553463_1336215132_n.jpg\" rel=\"attachment wp-att-1053\"><img loading=\"lazy\" decoding=\"async\" class=\"alignnone size-full wp-image-1053\" src=\"https:\/\/kylat.ekarjala.fi\/simola\/wp-content\/uploads\/sites\/48\/2012\/04\/12659843_755797994553463_1336215132_n.jpg\" alt=\"12659843_755797994553463_1336215132_n\" width=\"960\" height=\"720\" srcset=\"https:\/\/kylat.ekarjala.fi\/simola\/wp-content\/uploads\/sites\/48\/2012\/04\/12659843_755797994553463_1336215132_n.jpg 960w, https:\/\/kylat.ekarjala.fi\/simola\/wp-content\/uploads\/sites\/48\/2012\/04\/12659843_755797994553463_1336215132_n-300x225.jpg 300w, https:\/\/kylat.ekarjala.fi\/simola\/wp-content\/uploads\/sites\/48\/2012\/04\/12659843_755797994553463_1336215132_n-768x576.jpg 768w\" sizes=\"(max-width: 960px) 100vw, 960px\" \/><\/a><\/p>\n<p><a href=\"https:\/\/kylat.ekarjala.fi\/simola\/wp-content\/uploads\/sites\/48\/2012\/04\/12648141_755797031220226_392797983_n.jpg\" rel=\"attachment wp-att-1052\"><img loading=\"lazy\" decoding=\"async\" class=\"alignnone size-full wp-image-1052\" src=\"https:\/\/kylat.ekarjala.fi\/simola\/wp-content\/uploads\/sites\/48\/2012\/04\/12648141_755797031220226_392797983_n.jpg\" alt=\"12648141_755797031220226_392797983_n\" width=\"960\" height=\"720\" srcset=\"https:\/\/kylat.ekarjala.fi\/simola\/wp-content\/uploads\/sites\/48\/2012\/04\/12648141_755797031220226_392797983_n.jpg 960w, https:\/\/kylat.ekarjala.fi\/simola\/wp-content\/uploads\/sites\/48\/2012\/04\/12648141_755797031220226_392797983_n-300x225.jpg 300w, https:\/\/kylat.ekarjala.fi\/simola\/wp-content\/uploads\/sites\/48\/2012\/04\/12648141_755797031220226_392797983_n-768x576.jpg 768w\" sizes=\"(max-width: 960px) 100vw, 960px\" \/><\/a><br \/>\n(c) Kirsi Viljakainen \/ Kirkharjun lammastila, Haikalan kyl\u00e4<\/p>\n<p>&nbsp;<\/p><\/blockquote>\n","protected":false},"excerpt":{"rendered":"<p>Kyl\u00e4t: Haikala Hyttil\u00e4 Kaipia K\u00e4lvel\u00e4 Melkkola Monola Raippo Rikkil\u00e4 Ruohia Suomalainen (c) Marjo Meuronen \/Monolan\u00a0kyl\u00e4\u00e4 (c) Marjo Meuronen\/Haikalan sahan koski (c) Marjo Meuronen (c) Marjo Meuronen\/\u00a0Lankkum\u00e4entie Ruokosen uimarannalta (c) Kirsi Viljakainen \/ Kirkharjun lammastila, Haikalan kyl\u00e4 &nbsp;<\/p>\n","protected":false},"author":120,"featured_media":0,"parent":0,"menu_order":1,"comment_status":"closed","ping_status":"closed","template":"full-width-page.php","meta":{"footnotes":""},"class_list":["post-38","page","type-page","status-publish","hentry"],"_links":{"self":[{"href":"https:\/\/kylat.ekarjala.fi\/simola\/wp-json\/wp\/v2\/pages\/38","targetHints":{"allow":["GET"]}}],"collection":[{"href":"https:\/\/kylat.ekarjala.fi\/simola\/wp-json\/wp\/v2\/pages"}],"about":[{"href":"https:\/\/kylat.ekarjala.fi\/simola\/wp-json\/wp\/v2\/types\/page"}],"author":[{"embeddable":true,"href":"https:\/\/kylat.ekarjala.fi\/simola\/wp-json\/wp\/v2\/users\/120"}],"replies":[{"embeddable":true,"href":"https:\/\/kylat.ekarjala.fi\/simola\/wp-json\/wp\/v2\/comments?post=38"}],"version-history":[{"count":21,"href":"https:\/\/kylat.ekarjala.fi\/simola\/wp-json\/wp\/v2\/pages\/38\/revisions"}],"predecessor-version":[{"id":1082,"href":"https:\/\/kylat.ekarjala.fi\/simola\/wp-json\/wp\/v2\/pages\/38\/revisions\/1082"}],"wp:attachment":[{"href":"https:\/\/kylat.ekarjala.fi\/simola\/wp-json\/wp\/v2\/media?parent=38"}],"curies":[{"name":"wp","href":"https:\/\/api.w.org\/{rel}","templated":true}]}}