{"id":525,"date":"2014-11-17T09:26:25","date_gmt":"2014-11-17T08:56:25","guid":{"rendered":"https:\/\/kylat.ekarjala.fi\/simola\/?page_id=525"},"modified":"2023-05-11T20:19:58","modified_gmt":"2023-05-11T17:19:58","slug":"kylatoimikunta-2012-2013","status":"publish","type":"page","link":"https:\/\/kylat.ekarjala.fi\/simola\/kylatoimikunta\/kylatoimikunta-2012-2013\/","title":{"rendered":"Kyl\u00e4toimikunta 2012-2013"},"content":{"rendered":"\t\t<div data-elementor-type=\"wp-page\" data-elementor-id=\"525\" class=\"elementor elementor-525\" data-elementor-post-type=\"page\">\n\t\t\t\t\t\t<section class=\"elementor-section elementor-top-section elementor-element elementor-element-412f3c39 elementor-section-boxed elementor-section-height-default elementor-section-height-default\" data-id=\"412f3c39\" data-element_type=\"section\" data-e-type=\"section\">\n\t\t\t\t\t\t<div class=\"elementor-container elementor-column-gap-default\">\n\t\t\t\t\t<div class=\"elementor-column elementor-col-100 elementor-top-column elementor-element elementor-element-408c7b7a\" data-id=\"408c7b7a\" data-element_type=\"column\" data-e-type=\"column\">\n\t\t\t<div class=\"elementor-widget-wrap elementor-element-populated\">\n\t\t\t\t\t\t<div class=\"elementor-element elementor-element-57a47d83 elementor-widget elementor-widget-text-editor\" data-id=\"57a47d83\" data-element_type=\"widget\" data-e-type=\"widget\" data-widget_type=\"text-editor.default\">\n\t\t\t\t<div class=\"elementor-widget-container\">\n\t\t\t\t\t\t\t\t\tKyl\u00e4toimikunta on j\u00e4rjest\u00e4nyt talkoita kev\u00e4\u00e4ll\u00e4\/kes\u00e4ll\u00e4 2013.<br \/><br \/>\nTalkoilla on laitettu j\u00e4\u00e4kiekkokaukaloon &#8221;uudet&#8221; laidat.<br \/>\nKunnostettu uimarantaa, laitettu laituri kuntoon ja raivattu sek\u00e4 siistitty rantaa.<br \/>Kiitos kaikille osallistuneille.\n<br \/><br \/>\nKyl\u00e4toimikunnan kokouksessa 3.3.2013\nP\u00e4\u00e4tettiin ja sovittiin.<br \/><br \/>\n1. Pidet\u00e4\u00e4n pienten lasten hiihtokilpailut 17.3 Simolan ala-asteella klo 9:30-11:30\n<br \/>2. Uimarannan kunnostusta pidettiin t\u00e4rke\u00e4n\u00e4. Kaupunki kustantaa tarvikkeita.\n<br \/>3. Juhannusjuhlat pidet\u00e4\u00e4n kuten aiemminkin.\n<br \/>4. Suunniteltiin alkukes\u00e4\u00e4n retke\u00e4 Tykkim\u00e4keen.\n<br \/><br \/>\nKyl\u00e4kokouksessa valittiin eroavien j\u00e4senten tilalle uusia.<br \/>\nKyl\u00e4toimikunnasta erosivat:<br \/>\nHelena Taipale<br \/>\nHelena Puustinen<br \/>\nHeli Kajander<br \/>\nJarkko Lampinen<br \/>\nEsko Ontronen<br \/><br \/>\n\nKyl\u00e4toimikunta vuosina 2011-2012\nJ\u00e4senet:<br \/>Helena Taipale, puheenjohtaja<br \/>\nPasi Kinnunen, varapuheenjohtaja<br \/>\nArja V\u00e4\u00e4n\u00e4nen, sihteeri<br \/>\nHelena Suuntala, rahastonhoitaja<br \/>\nAnu Kaipia<br \/>\nHelena Puustinen<br \/>\nHeli Kajander<br \/>\nJarkko Lampinen<br \/>\nEsko Ontronen\n<br \/><br \/>\nErilaisia tapahtumia:<br \/>\n<strong>16.6.2012<\/strong> tehtiin matka Mustilan \u00a0Arboretumiin.<br \/>\nMatka tehtiin linja-autolla. L\u00e4ht\u00f6 oli klo 8:00 Lappeenpuiston parkkipaikalta. <br \/>P\u00e4iv\u00e4 oli todella kaunis ja l\u00e4mmin.<br \/>Meno matkalla joimme kahvit Korian ABC:ll\u00e4 ja teimme ostoksia Novitan tehtaan myym\u00e4l\u00e4ss\u00e4 niin lankoja kuin vaatteita.<br \/>\n<br \/>\nMustilan Arboretumissa meill\u00e4 oli oppaana Aution Antti.<br \/> Kierros kesti noin 2 tuntia ja saimme paljon tietoa niin historiasta kuin kasveista. <br \/><br \/>Vesipullo oli helteess\u00e4 tarpeen. Puisto oli todella upea ja kannatti kyll\u00e4 k\u00e4yd\u00e4 siell\u00e4.<br \/> Henkil\u00f6kohtaisesti ihastuin Atsalea pensaisiin, jotka olivat ihmist\u00e4 korkeampia.\n<br \/><br \/>Kierroksen j\u00e4lkeen ostokset Mustilan \u00a0myym\u00e4l\u00e4ss\u00e4 ja sitten menimme ruokailemaan sek\u00e4 viimeiseksi Pentikin myym\u00e4l\u00e4\u00e4n Korialle . <br \/>Matka oli monen mielest\u00e4 antoisa ja linja-autossa oli tunnelmaa. <a href=\"https:\/\/kylat.ekarjala.fi\/simola\/wp-content\/uploads\/sites\/48\/2012\/04\/063.jpg\"><img fetchpriority=\"high\" decoding=\"async\" class=\"aligncenter size-full wp-image-223\" src=\"https:\/\/kylat.ekarjala.fi\/simola\/wp-content\/uploads\/sites\/48\/2012\/04\/063.jpg\" alt=\"\" width=\"3264\" height=\"2448\" \/><\/a>\n\n<strong>Simolan perinteinen Juhannusjuhla \u00a023.6.2012<\/strong>\n<strong> urheilukent\u00e4ll\u00e4<\/strong><br \/><br \/>\nOhjelmassa oli niin arvontaa kuin erilaisia leikkimielisi\u00e4 pelej\u00e4kin.<br \/>\nJ\u00e4lleen suosittu luontopolku veti niin nuoria kuin vanhempaa v\u00e4est\u00f6\u00e4.<br \/>\nUutuutena meill\u00e4 oli haitarinsoittaja ja laulettiin yhteislauluja.\n<br \/><br \/>\nKilpailtiin Simolan sisuparista.\nBuffetissa oli kahvia ja pullaa sek\u00e4 grilliss\u00e4 tirisi makkara.\nIlma oli kaunis sade ei haitannut juhlaa.<br \/>\n\nTelttojen ja p\u00f6ytien paikalleen laittoa ennen H-hetke\u00e4.\nTeltat varattu suojaksi sateelta ja auringolta.\n\n<a href=\"https:\/\/kylat.ekarjala.fi\/simola\/wp-content\/uploads\/sites\/48\/2012\/04\/hautajaiset-051.jpg\"><img decoding=\"async\" class=\"size-full wp-image-226 alignleft\" src=\"https:\/\/kylat.ekarjala.fi\/simola\/wp-content\/uploads\/sites\/48\/2012\/04\/hautajaiset-051.jpg\" alt=\"\" width=\"2611\" height=\"1958\" \/><\/a><br \/>\n<br \/><br \/><strong>Hein\u00e4kuussa 2012<\/strong><br \/>\nPasi, Hannu ja Jarkko korjasivat Ruokosen uimarannan laiturin, jotta uiminen olisi turvallisempaa. Talvi oli koetellut laituria.\t\t\t\t\t\t\t\t<\/div>\n\t\t\t\t<\/div>\n\t\t\t\t\t<\/div>\n\t\t<\/div>\n\t\t\t\t\t<\/div>\n\t\t<\/section>\n\t\t\t\t<\/div>\n\t\t","protected":false},"excerpt":{"rendered":"<p>Kyl\u00e4toimikunta on j\u00e4rjest\u00e4nyt talkoita kev\u00e4\u00e4ll\u00e4\/kes\u00e4ll\u00e4 2013. Talkoilla on laitettu j\u00e4\u00e4kiekkokaukaloon &#8221;uudet&#8221; laidat. Kunnostettu uimarantaa, laitettu laituri kuntoon ja raivattu sek\u00e4 siistitty rantaa.Kiitos kaikille osallistuneille. Kyl\u00e4toimikunnan kokouksessa 3.3.2013 P\u00e4\u00e4tettiin ja sovittiin. 1. Pidet\u00e4\u00e4n pienten lasten hiihtokilpailut 17.3 Simolan ala-asteella klo 9:30-11:30 &hellip; <a href=\"https:\/\/kylat.ekarjala.fi\/simola\/kylatoimikunta\/kylatoimikunta-2012-2013\/\">Continue reading <span class=\"meta-nav\">&rarr;<\/span><\/a><\/p>\n","protected":false},"author":120,"featured_media":0,"parent":6,"menu_order":0,"comment_status":"closed","ping_status":"closed","template":"elementor_header_footer","meta":{"footnotes":""},"class_list":["post-525","page","type-page","status-publish","hentry"],"_links":{"self":[{"href":"https:\/\/kylat.ekarjala.fi\/simola\/wp-json\/wp\/v2\/pages\/525","targetHints":{"allow":["GET"]}}],"collection":[{"href":"https:\/\/kylat.ekarjala.fi\/simola\/wp-json\/wp\/v2\/pages"}],"about":[{"href":"https:\/\/kylat.ekarjala.fi\/simola\/wp-json\/wp\/v2\/types\/page"}],"author":[{"embeddable":true,"href":"https:\/\/kylat.ekarjala.fi\/simola\/wp-json\/wp\/v2\/users\/120"}],"replies":[{"embeddable":true,"href":"https:\/\/kylat.ekarjala.fi\/simola\/wp-json\/wp\/v2\/comments?post=525"}],"version-history":[{"count":10,"href":"https:\/\/kylat.ekarjala.fi\/simola\/wp-json\/wp\/v2\/pages\/525\/revisions"}],"predecessor-version":[{"id":1629,"href":"https:\/\/kylat.ekarjala.fi\/simola\/wp-json\/wp\/v2\/pages\/525\/revisions\/1629"}],"up":[{"embeddable":true,"href":"https:\/\/kylat.ekarjala.fi\/simola\/wp-json\/wp\/v2\/pages\/6"}],"wp:attachment":[{"href":"https:\/\/kylat.ekarjala.fi\/simola\/wp-json\/wp\/v2\/media?parent=525"}],"curies":[{"name":"wp","href":"https:\/\/api.w.org\/{rel}","templated":true}]}}