{"id":538,"date":"2014-11-17T10:25:17","date_gmt":"2014-11-17T09:55:17","guid":{"rendered":"https:\/\/kylat.ekarjala.fi\/simola\/?page_id=538"},"modified":"2023-05-11T20:24:23","modified_gmt":"2023-05-11T17:24:23","slug":"kylatoimikunta-2014-2016","status":"publish","type":"page","link":"https:\/\/kylat.ekarjala.fi\/simola\/kylatoimikunta\/kylatoimikunta-2014-2016\/","title":{"rendered":"Kyl\u00e4toimikunta 2014-2016"},"content":{"rendered":"\t\t<div data-elementor-type=\"wp-page\" data-elementor-id=\"538\" class=\"elementor elementor-538\" data-elementor-post-type=\"page\">\n\t\t\t\t\t\t<section class=\"elementor-section elementor-top-section elementor-element elementor-element-644ae3d4 elementor-section-boxed elementor-section-height-default elementor-section-height-default\" data-id=\"644ae3d4\" data-element_type=\"section\" data-e-type=\"section\">\n\t\t\t\t\t\t<div class=\"elementor-container elementor-column-gap-default\">\n\t\t\t\t\t<div class=\"elementor-column elementor-col-100 elementor-top-column elementor-element elementor-element-6e83851\" data-id=\"6e83851\" data-element_type=\"column\" data-e-type=\"column\">\n\t\t\t<div class=\"elementor-widget-wrap elementor-element-populated\">\n\t\t\t\t\t\t<div class=\"elementor-element elementor-element-c2a581c elementor-widget elementor-widget-text-editor\" data-id=\"c2a581c\" data-element_type=\"widget\" data-e-type=\"widget\" data-widget_type=\"text-editor.default\">\n\t\t\t\t<div class=\"elementor-widget-container\">\n\t\t\t\t\t\t\t\t\tKyl\u00e4toimikunta valitaan kahden vuoden v\u00e4lein kyl\u00e4kokouksessa.<br \/><br \/>\n\nAnna-Maija Sipil\u00e4inen (anna-maija.sipilainen(at)hotmail.com)<br \/>\nAnu Kaipia<br \/>\nMarjo Meuronen (marjo.meuronen(at)gmail.com)<br \/>\nSami Heilimo<br \/>\nPasi Kinnunen<br \/>\nPasi Torri<br \/>\nHelena Puustinen<br \/>\nArja V\u00e4\u00e4n\u00e4nen\t\t\t\t\t\t\t\t<\/div>\n\t\t\t\t<\/div>\n\t\t\t\t\t<\/div>\n\t\t<\/div>\n\t\t\t\t\t<\/div>\n\t\t<\/section>\n\t\t\t\t<\/div>\n\t\t","protected":false},"excerpt":{"rendered":"<p>Kyl\u00e4toimikunta valitaan kahden vuoden v\u00e4lein kyl\u00e4kokouksessa. Anna-Maija Sipil\u00e4inen (anna-maija.sipilainen(at)hotmail.com) Anu Kaipia Marjo Meuronen (marjo.meuronen(at)gmail.com) Sami Heilimo Pasi Kinnunen Pasi Torri Helena Puustinen Arja V\u00e4\u00e4n\u00e4nen<\/p>\n","protected":false},"author":120,"featured_media":0,"parent":6,"menu_order":0,"comment_status":"closed","ping_status":"closed","template":"elementor_header_footer","meta":{"footnotes":""},"class_list":["post-538","page","type-page","status-publish","hentry"],"_links":{"self":[{"href":"https:\/\/kylat.ekarjala.fi\/simola\/wp-json\/wp\/v2\/pages\/538","targetHints":{"allow":["GET"]}}],"collection":[{"href":"https:\/\/kylat.ekarjala.fi\/simola\/wp-json\/wp\/v2\/pages"}],"about":[{"href":"https:\/\/kylat.ekarjala.fi\/simola\/wp-json\/wp\/v2\/types\/page"}],"author":[{"embeddable":true,"href":"https:\/\/kylat.ekarjala.fi\/simola\/wp-json\/wp\/v2\/users\/120"}],"replies":[{"embeddable":true,"href":"https:\/\/kylat.ekarjala.fi\/simola\/wp-json\/wp\/v2\/comments?post=538"}],"version-history":[{"count":13,"href":"https:\/\/kylat.ekarjala.fi\/simola\/wp-json\/wp\/v2\/pages\/538\/revisions"}],"predecessor-version":[{"id":1636,"href":"https:\/\/kylat.ekarjala.fi\/simola\/wp-json\/wp\/v2\/pages\/538\/revisions\/1636"}],"up":[{"embeddable":true,"href":"https:\/\/kylat.ekarjala.fi\/simola\/wp-json\/wp\/v2\/pages\/6"}],"wp:attachment":[{"href":"https:\/\/kylat.ekarjala.fi\/simola\/wp-json\/wp\/v2\/media?parent=538"}],"curies":[{"name":"wp","href":"https:\/\/api.w.org\/{rel}","templated":true}]}}