{"id":731,"date":"2015-02-05T13:31:40","date_gmt":"2015-02-05T13:01:40","guid":{"rendered":"https:\/\/kylat.ekarjala.fi\/simola\/?page_id=731"},"modified":"2023-05-11T18:58:12","modified_gmt":"2023-05-11T15:58:12","slug":"kylatoimikunta-tiedottaa","status":"publish","type":"page","link":"https:\/\/kylat.ekarjala.fi\/simola\/kylatoimikunta\/kylatoimikunta-tiedottaa\/","title":{"rendered":"Kyl\u00e4toimikunta tiedottaa"},"content":{"rendered":"\n<p><b>Tiedottaminen<\/b><\/p>\n\n\n\n<p>Kyl\u00e4toimikunta tiedottaa tapahtumista kyl\u00e4n facebook-sivujen kautta, ilmoitustaulujen mainoksilla, sek\u00e4 kotiin jaettavilla mainoksilla.<\/p>\n\n\n\n<p>Haluatko saada tietoa tapahtumista s\u00e4hk\u00f6postilla? Liity postituslistallemme alla olevalla lomakkeella!<\/p>\n\n\n\n<div class=\"wp-block-contact-form-7-contact-form-selector\"><p class=\"wpcf7-contact-form-not-found\"><strong>Virhe:<\/strong> Yhteydenottolomaketta ei l\u00f6ytynyt.<\/p><\/div>\n","protected":false},"excerpt":{"rendered":"<p>Tiedottaminen Kyl\u00e4toimikunta tiedottaa tapahtumista kyl\u00e4n facebook-sivujen kautta, ilmoitustaulujen mainoksilla, sek\u00e4 kotiin jaettavilla mainoksilla. Haluatko saada tietoa tapahtumista s\u00e4hk\u00f6postilla? Liity postituslistallemme alla olevalla lomakkeella!<\/p>\n","protected":false},"author":120,"featured_media":0,"parent":6,"menu_order":0,"comment_status":"closed","ping_status":"closed","template":"full-width-page.php","meta":{"footnotes":""},"class_list":["post-731","page","type-page","status-publish","hentry"],"_links":{"self":[{"href":"https:\/\/kylat.ekarjala.fi\/simola\/wp-json\/wp\/v2\/pages\/731","targetHints":{"allow":["GET"]}}],"collection":[{"href":"https:\/\/kylat.ekarjala.fi\/simola\/wp-json\/wp\/v2\/pages"}],"about":[{"href":"https:\/\/kylat.ekarjala.fi\/simola\/wp-json\/wp\/v2\/types\/page"}],"author":[{"embeddable":true,"href":"https:\/\/kylat.ekarjala.fi\/simola\/wp-json\/wp\/v2\/users\/120"}],"replies":[{"embeddable":true,"href":"https:\/\/kylat.ekarjala.fi\/simola\/wp-json\/wp\/v2\/comments?post=731"}],"version-history":[{"count":20,"href":"https:\/\/kylat.ekarjala.fi\/simola\/wp-json\/wp\/v2\/pages\/731\/revisions"}],"predecessor-version":[{"id":1595,"href":"https:\/\/kylat.ekarjala.fi\/simola\/wp-json\/wp\/v2\/pages\/731\/revisions\/1595"}],"up":[{"embeddable":true,"href":"https:\/\/kylat.ekarjala.fi\/simola\/wp-json\/wp\/v2\/pages\/6"}],"wp:attachment":[{"href":"https:\/\/kylat.ekarjala.fi\/simola\/wp-json\/wp\/v2\/media?parent=731"}],"curies":[{"name":"wp","href":"https:\/\/api.w.org\/{rel}","templated":true}]}}