{"id":982,"date":"2016-02-06T14:52:58","date_gmt":"2016-02-06T14:22:58","guid":{"rendered":"https:\/\/kylat.ekarjala.fi\/simola\/?page_id=982"},"modified":"2022-01-26T12:13:06","modified_gmt":"2022-01-26T11:43:06","slug":"vuokrattavana","status":"publish","type":"page","link":"https:\/\/kylat.ekarjala.fi\/simola\/vuokrattavana\/","title":{"rendered":"Vuokrattavana"},"content":{"rendered":"<p>Kyl\u00e4toimikunnalla on vuokrattavana juhlateltta sek\u00e4 grilli.<\/p>\n<p>Teltan tiedot<\/p>\n<p>Grillin tiedot<\/p>\n<p>Yhteydenotot : Laura Koskim\u00e4ki p. 050-3313563<\/p>\n","protected":false},"excerpt":{"rendered":"<p>Kyl\u00e4toimikunnalla on vuokrattavana juhlateltta sek\u00e4 grilli. Teltan tiedot Grillin tiedot Yhteydenotot : Laura Koskim\u00e4ki p. 050-3313563<\/p>\n","protected":false},"author":120,"featured_media":0,"parent":0,"menu_order":0,"comment_status":"closed","ping_status":"closed","template":"full-width-page.php","meta":{"footnotes":""},"class_list":["post-982","page","type-page","status-publish","hentry"],"_links":{"self":[{"href":"https:\/\/kylat.ekarjala.fi\/simola\/wp-json\/wp\/v2\/pages\/982","targetHints":{"allow":["GET"]}}],"collection":[{"href":"https:\/\/kylat.ekarjala.fi\/simola\/wp-json\/wp\/v2\/pages"}],"about":[{"href":"https:\/\/kylat.ekarjala.fi\/simola\/wp-json\/wp\/v2\/types\/page"}],"author":[{"embeddable":true,"href":"https:\/\/kylat.ekarjala.fi\/simola\/wp-json\/wp\/v2\/users\/120"}],"replies":[{"embeddable":true,"href":"https:\/\/kylat.ekarjala.fi\/simola\/wp-json\/wp\/v2\/comments?post=982"}],"version-history":[{"count":2,"href":"https:\/\/kylat.ekarjala.fi\/simola\/wp-json\/wp\/v2\/pages\/982\/revisions"}],"predecessor-version":[{"id":1419,"href":"https:\/\/kylat.ekarjala.fi\/simola\/wp-json\/wp\/v2\/pages\/982\/revisions\/1419"}],"wp:attachment":[{"href":"https:\/\/kylat.ekarjala.fi\/simola\/wp-json\/wp\/v2\/media?parent=982"}],"curies":[{"name":"wp","href":"https:\/\/api.w.org\/{rel}","templated":true}]}}