{"id":11,"date":"2011-08-16T18:46:39","date_gmt":"2011-08-16T18:46:39","guid":{"rendered":"https:\/\/kylat.ekarjala.fi\/suoanttila\/?page_id=11"},"modified":"2018-05-15T09:53:38","modified_gmt":"2018-05-15T07:53:38","slug":"poytakirjat","status":"publish","type":"page","link":"https:\/\/kylat.ekarjala.fi\/suoanttila\/esimerkkisivu\/poytakirjat\/","title":{"rendered":"P\u00f6yt\u00e4kirjat ja muistiot"},"content":{"rendered":"<p>HALLITUKSEN KOKOUS P\u00d6YT\u00c4KIRJAT<br \/>\n<a href=\"https:\/\/kylat.ekarjala.fi\/suoanttila\/wp-content\/uploads\/sites\/15\/2011\/08\/kyl\u00e4yhd-hallituksen-kokous-2016.pdf\">Hallituksen kokous 1\/2016<\/a><br \/>\n<a href=\"https:\/\/kylat.ekarjala.fi\/suoanttila\/wp-content\/uploads\/sites\/15\/2011\/08\/Hallituksen-kokous-1_2015.pdf\">Hallituksen kokous 1_2015<\/a><br \/>\n<a href=\"https:\/\/kylat.ekarjala.fi\/suoanttila\/wp-content\/uploads\/sites\/15\/2014\/04\/Kyl\u00e4yhdistyksen-hallituksen-kokous-1_2014-final.pdf\">Hallituksen p\u00f6yt\u00e4kirja 1\/2014<\/a><br \/>\n<a href=\"https:\/\/kylat.ekarjala.fi\/suoanttila\/wp-content\/uploads\/sites\/15\/2013\/05\/Hallituksen-kokous-2_2013.pdf\" target=\"_blank\" rel=\"noopener\">Hallituksen p\u00f6yt\u00e4kirja 2\/2013<\/a><br \/>\n<a href=\"https:\/\/kylat.ekarjala.fi\/suoanttila\/wp-content\/uploads\/sites\/15\/2013\/05\/Hallituksen-kokous-1_2013.pdf\" target=\"_blank\" rel=\"noopener\">Hallituksen p\u00f6yt\u00e4kirja 1\/2013<\/a><br \/>\n<a href=\"https:\/\/kylat.ekarjala.fi\/suoanttila\/wp-content\/uploads\/sites\/15\/2012\/06\/Kyl\u00e4yhdistyksen-hallituksen-kokous-1_2012.pdf\" target=\"_blank\" rel=\"noopener\">Hallituksen kokouksen p\u00f6yt\u00e4kirja 1\/2012<\/a><\/p>\n<p>VUOSIKOKOUS P\u00d6YT\u00c4KIRJAT<br \/>\n<a href=\"https:\/\/kylat.ekarjala.fi\/suoanttila\/wp-content\/uploads\/sites\/15\/2018\/05\/Suoanttilan-kylayhdistys-2018-poytakirja.pdf\">Vuosikokouksen p\u00f6yt\u00e4kirja 2018<\/a><br \/>\n<a href=\"https:\/\/kylat.ekarjala.fi\/suoanttila\/wp-content\/uploads\/sites\/15\/2011\/08\/SUOANTTILAN-VUOSIKOKOUKSEN-P\u00d6YT\u00c4KIRJA-2015.docx\">SUOANTTILAN VUOSIKOKOUKSEN P\u00d6YT\u00c4KIRJA 2015<\/a><br \/>\n<a href=\"https:\/\/kylat.ekarjala.fi\/suoanttila\/wp-content\/uploads\/sites\/15\/2011\/08\/SUOANTTILAN-VUOSIKOKOUKSEN-P\u00d6YT\u00c4KIRJA-2014.pdf\" target=\"_blank\" rel=\"noopener\">Vuosikokouksen p\u00f6yt\u00e4kirja 2014<\/a><br \/>\n<a href=\"https:\/\/kylat.ekarjala.fi\/suoanttila\/wp-content\/uploads\/sites\/15\/2011\/08\/SUOANTTILAN-KYL\u00c4YHDISTYKSEN-YLEISEN-KOKOUKSEN-P\u00d6YT\u00c4KIRJA-2013-WC-HANKE.pdf\" target=\"_blank\" rel=\"noopener\">Vuosikokouksen p\u00f6yt\u00e4kirja 2013<\/a> (11.10.2013 WC-hanke)<br \/>\n<a href=\"https:\/\/kylat.ekarjala.fi\/suoanttila\/wp-content\/uploads\/sites\/15\/2013\/05\/Vuosikokous-2013-p\u00f6yt\u00e4kirja.pdf\" target=\"_blank\" rel=\"noopener\">Vuosikokouksen p\u00f6yt\u00e4kirja 2013<\/a>\u00a0(19.3.2013)<br \/>\n<a href=\"https:\/\/kylat.ekarjala.fi\/suoanttila\/wp-content\/uploads\/sites\/15\/2012\/06\/Kyl\u00e4yhdistys-vuosikokouksen-p\u00f6yt\u00e4kirja-2012.pdf\" target=\"_blank\" rel=\"noopener\">Vuosikokouksen p\u00f6yt\u00e4kirja 2012<\/a><\/p>\n<p>MUUT P\u00d6YT\u00c4KIRJAT JA MUISTIOT<br \/>\n<a href=\"https:\/\/kylat.ekarjala.fi\/suoanttila\/wp-content\/uploads\/sites\/15\/2013\/09\/29-09-2013-yleinen-keskustelutilaisuus-muistio.pdf\" target=\"_blank\" rel=\"noopener\">29.09.2013 Muistio : Keskustelutilaisuus seurapirtin kaivo tilanteesta<\/a><\/p>\n<p>&nbsp;<\/p>\n","protected":false},"excerpt":{"rendered":"<p>HALLITUKSEN KOKOUS P\u00d6YT\u00c4KIRJAT Hallituksen kokous 1\/2016 Hallituksen kokous 1_2015 Hallituksen p\u00f6yt\u00e4kirja 1\/2014 Hallituksen p\u00f6yt\u00e4kirja 2\/2013 Hallituksen p\u00f6yt\u00e4kirja 1\/2013 Hallituksen kokouksen p\u00f6yt\u00e4kirja 1\/2012 VUOSIKOKOUS P\u00d6YT\u00c4KIRJAT Vuosikokouksen p\u00f6yt\u00e4kirja 2018 SUOANTTILAN VUOSIKOKOUKSEN P\u00d6YT\u00c4KIRJA 2015 Vuosikokouksen p\u00f6yt\u00e4kirja 2014 Vuosikokouksen p\u00f6yt\u00e4kirja 2013 (11.10.2013 WC-hanke) Vuosikokouksen &hellip; <a href=\"https:\/\/kylat.ekarjala.fi\/suoanttila\/esimerkkisivu\/poytakirjat\/\">Lue loppuun <span class=\"meta-nav\">&rarr;<\/span><\/a><\/p>\n","protected":false},"author":24,"featured_media":0,"parent":2,"menu_order":0,"comment_status":"open","ping_status":"open","template":"","meta":{"footnotes":""},"class_list":["post-11","page","type-page","status-publish","hentry"],"_links":{"self":[{"href":"https:\/\/kylat.ekarjala.fi\/suoanttila\/wp-json\/wp\/v2\/pages\/11","targetHints":{"allow":["GET"]}}],"collection":[{"href":"https:\/\/kylat.ekarjala.fi\/suoanttila\/wp-json\/wp\/v2\/pages"}],"about":[{"href":"https:\/\/kylat.ekarjala.fi\/suoanttila\/wp-json\/wp\/v2\/types\/page"}],"author":[{"embeddable":true,"href":"https:\/\/kylat.ekarjala.fi\/suoanttila\/wp-json\/wp\/v2\/users\/24"}],"replies":[{"embeddable":true,"href":"https:\/\/kylat.ekarjala.fi\/suoanttila\/wp-json\/wp\/v2\/comments?post=11"}],"version-history":[{"count":30,"href":"https:\/\/kylat.ekarjala.fi\/suoanttila\/wp-json\/wp\/v2\/pages\/11\/revisions"}],"predecessor-version":[{"id":356,"href":"https:\/\/kylat.ekarjala.fi\/suoanttila\/wp-json\/wp\/v2\/pages\/11\/revisions\/356"}],"up":[{"embeddable":true,"href":"https:\/\/kylat.ekarjala.fi\/suoanttila\/wp-json\/wp\/v2\/pages\/2"}],"wp:attachment":[{"href":"https:\/\/kylat.ekarjala.fi\/suoanttila\/wp-json\/wp\/v2\/media?parent=11"}],"curies":[{"name":"wp","href":"https:\/\/api.w.org\/{rel}","templated":true}]}}