{"id":13,"date":"2011-08-16T18:46:52","date_gmt":"2011-08-16T18:46:52","guid":{"rendered":"https:\/\/kylat.ekarjala.fi\/suoanttila\/?page_id=13"},"modified":"2018-05-15T09:57:51","modified_gmt":"2018-05-15T07:57:51","slug":"liity-jaseneksi","status":"publish","type":"page","link":"https:\/\/kylat.ekarjala.fi\/suoanttila\/esimerkkisivu\/liity-jaseneksi\/","title":{"rendered":"Liity j\u00e4seneksi"},"content":{"rendered":"<p>Yhdistyksen j\u00e4seneksi voidaan hyv\u00e4ksy\u00e4 kuka tahansa Suoanttilan kyl\u00e4n\u00a0asukas ja vapaa-ajan asukas. J\u00e4seniksi voidaan hyv\u00e4ksy\u00e4 my\u00f6s muita henkil\u00f6it\u00e4, jotka haluavat toimia kyl\u00e4yhdistyksen hyv\u00e4ksi. J\u00e4senet yhdistykseen\u00a0hyv\u00e4ksyy hallitus<\/p>\n<p>&nbsp;<\/p>\n","protected":false},"excerpt":{"rendered":"<p>Yhdistyksen j\u00e4seneksi voidaan hyv\u00e4ksy\u00e4 kuka tahansa Suoanttilan kyl\u00e4n\u00a0asukas ja vapaa-ajan asukas. J\u00e4seniksi voidaan hyv\u00e4ksy\u00e4 my\u00f6s muita henkil\u00f6it\u00e4, jotka haluavat toimia kyl\u00e4yhdistyksen hyv\u00e4ksi. J\u00e4senet yhdistykseen\u00a0hyv\u00e4ksyy hallitus &nbsp;<\/p>\n","protected":false},"author":24,"featured_media":0,"parent":2,"menu_order":0,"comment_status":"open","ping_status":"open","template":"","meta":{"footnotes":""},"class_list":["post-13","page","type-page","status-publish","hentry"],"_links":{"self":[{"href":"https:\/\/kylat.ekarjala.fi\/suoanttila\/wp-json\/wp\/v2\/pages\/13","targetHints":{"allow":["GET"]}}],"collection":[{"href":"https:\/\/kylat.ekarjala.fi\/suoanttila\/wp-json\/wp\/v2\/pages"}],"about":[{"href":"https:\/\/kylat.ekarjala.fi\/suoanttila\/wp-json\/wp\/v2\/types\/page"}],"author":[{"embeddable":true,"href":"https:\/\/kylat.ekarjala.fi\/suoanttila\/wp-json\/wp\/v2\/users\/24"}],"replies":[{"embeddable":true,"href":"https:\/\/kylat.ekarjala.fi\/suoanttila\/wp-json\/wp\/v2\/comments?post=13"}],"version-history":[{"count":5,"href":"https:\/\/kylat.ekarjala.fi\/suoanttila\/wp-json\/wp\/v2\/pages\/13\/revisions"}],"predecessor-version":[{"id":358,"href":"https:\/\/kylat.ekarjala.fi\/suoanttila\/wp-json\/wp\/v2\/pages\/13\/revisions\/358"}],"up":[{"embeddable":true,"href":"https:\/\/kylat.ekarjala.fi\/suoanttila\/wp-json\/wp\/v2\/pages\/2"}],"wp:attachment":[{"href":"https:\/\/kylat.ekarjala.fi\/suoanttila\/wp-json\/wp\/v2\/media?parent=13"}],"curies":[{"name":"wp","href":"https:\/\/api.w.org\/{rel}","templated":true}]}}