{"id":15,"date":"2011-08-16T18:47:27","date_gmt":"2011-08-16T18:47:27","guid":{"rendered":"https:\/\/kylat.ekarjala.fi\/suoanttila\/?page_id=15"},"modified":"2015-07-30T07:35:05","modified_gmt":"2015-07-30T05:35:05","slug":"kylan-historia","status":"publish","type":"page","link":"https:\/\/kylat.ekarjala.fi\/suoanttila\/kylan-historia\/","title":{"rendered":"Kyl\u00e4n historia"},"content":{"rendered":"<p><strong>Suoanttilan kyl\u00e4<\/strong><\/p>\n<p>Suoanttilan kyl\u00e4 sijaitsee Luum\u00e4en kaakkoisosassa. L\u00e4himm\u00e4t palvelut, koulut ja kaupat sijaitsevat Jurvalassa (10 km) ja Taavetissa (15 km). Lappeenrantaan matkaa on 40 km.<\/p>\n<p>Suoanttilan valitsi asuinpaikakseen jo varhaiskivikauden asukas. Pitk\u00e4st\u00e4 historiasta muistuttavat Vaskivuoren kalliomaalaukset ja Mustaniemen asuinpaikka kivikaudelta. Nimens\u00e4 kyl\u00e4 on saanut sit\u00e4 ymp\u00e4r\u00f6ivist\u00e4 laajoista suoalueista. Aikanaan kyl\u00e4ss\u00e4 asuivat Suo-Yrj\u00f6, Suo-Heikki ja Suo-Antti, joista viimeisen nimi muokkautui v\u00e4hitellen kyl\u00e4n nimeksi. Nykyisin suurin osa soista on kuivatettu talousmetsiksi ja maatalousmaiksi.<\/p>\n<p>Suoanttilan merkitt\u00e4vimpi\u00e4 n\u00e4ht\u00e4vyyksi\u00e4 on Salpalinja. Linnoitusketjun suurin luola louhittiin Lusikkovuoreen 1941. Nykyisin luola on suosittu el\u00e4mysmatkailijoiden k\u00e4yntikohde ja sen viereen on rakennettu korsusauna. Luolassa pidet\u00e4\u00e4n muun muassa konsertteja, maakirkkoa ja muita tapahtumia.<\/p>\n<p>Suoanttilassa on hyv\u00e4t kalastus- ja mets\u00e4stysmahdollisuudet. Kalastusalueella on nelj\u00e4 isompaa j\u00e4rve\u00e4 sek\u00e4 lukuisia lampia. Muun muassa Yl\u00e4\u2010Hirvas on pieni j\u00e4rvi Urpalanjoen p\u00e4\u00e4vesist\u00f6ss\u00e4. J\u00e4rvi kuuluu lintuvesien suojeluohjelmaan ja on lintuharrastajien suosiossa. Rannalla on harrastajien rakentama lintutorni, josta avautuvat upeat n\u00e4kyv\u00e4t Yl\u00e4\u2010Hirvaalle.<\/p>\n<p>Suoanttilassa on virke\u00e4\u00e4 yritys- ja yhdistystoimintaa. Harjoitettua yritys- ja virkistystoimintaa ovat muun muassa ratsastus (Ratsastustalli Monza), kalastus (Suoanttilan Osakaskunta) ja mets\u00e4stys (Suoanttilan Mets\u00e4stysseura ja My Tuliluikku).<\/p>\n<p>Suoanttilan Kyl\u00e4yhdistys ry toimii Suoanttilan kyl\u00e4ll\u00e4 ja sen toiminnan tarkoituksena on vakituisten ja vapaa-ajan asukkaiden etujen ajaminen, viihtyvyyden ja yhteishengen lis\u00e4\u00e4minen sek\u00e4 kaikenpuolisen hyvinvoinnin edist\u00e4minen seudulla. Kyl\u00e4yhdistys omistaa my\u00f6s kiinteist\u00f6n Seurapirtti. Kiinteist\u00f6lle on rakennettu sis\u00e4-WC:t ja keitti\u00f6\u00f6n tuleva juokseva vesi vuonna 2012.<\/p>\n<p>Kyl\u00e4yhdistys j\u00e4rjest\u00e4\u00e4 ymp\u00e4rivuoden erilaisia tapahtumia kyl\u00e4ll\u00e4, n\u00e4ist\u00e4 esimerkkin\u00e4 kes\u00e4isin pidett\u00e4v\u00e4 kes\u00e4juhla sek\u00e4 talvisin pidett\u00e4v\u00e4 laskiaisrieha. Seurapirtti ja sen pihapiiri on my\u00f6s aktiivisessa k\u00e4yt\u00f6ss\u00e4 ymp\u00e4rivuoden. Seurapirtill\u00e4 on jumppaa, 4H kerhotoimintaa lapsille ja nuorille sek\u00e4 paikallisten mets\u00e4stysseurojen j\u00e4senet k\u00e4yv\u00e4t siell\u00e4 harjoittelemassa ilmakiv\u00e4\u00e4riammuntaa. Seurapirtti\u00e4 vuokrataan yksityishenkil\u00f6iden ja yhdistysten erilaisiin juhliin ja kokouksiin sek\u00e4 muun muassa maasotakoulun tarpeisiin.<\/p>\n","protected":false},"excerpt":{"rendered":"<p>Suoanttilan kyl\u00e4 Suoanttilan kyl\u00e4 sijaitsee Luum\u00e4en kaakkoisosassa. L\u00e4himm\u00e4t palvelut, koulut ja kaupat sijaitsevat Jurvalassa (10 km) ja Taavetissa (15 km). Lappeenrantaan matkaa on 40 km. Suoanttilan valitsi asuinpaikakseen jo varhaiskivikauden asukas. Pitk\u00e4st\u00e4 historiasta muistuttavat Vaskivuoren kalliomaalaukset ja Mustaniemen asuinpaikka kivikaudelta. &hellip; <a href=\"https:\/\/kylat.ekarjala.fi\/suoanttila\/kylan-historia\/\">Lue loppuun <span class=\"meta-nav\">&rarr;<\/span><\/a><\/p>\n","protected":false},"author":24,"featured_media":0,"parent":0,"menu_order":0,"comment_status":"open","ping_status":"open","template":"","meta":{"footnotes":""},"class_list":["post-15","page","type-page","status-publish","hentry"],"_links":{"self":[{"href":"https:\/\/kylat.ekarjala.fi\/suoanttila\/wp-json\/wp\/v2\/pages\/15","targetHints":{"allow":["GET"]}}],"collection":[{"href":"https:\/\/kylat.ekarjala.fi\/suoanttila\/wp-json\/wp\/v2\/pages"}],"about":[{"href":"https:\/\/kylat.ekarjala.fi\/suoanttila\/wp-json\/wp\/v2\/types\/page"}],"author":[{"embeddable":true,"href":"https:\/\/kylat.ekarjala.fi\/suoanttila\/wp-json\/wp\/v2\/users\/24"}],"replies":[{"embeddable":true,"href":"https:\/\/kylat.ekarjala.fi\/suoanttila\/wp-json\/wp\/v2\/comments?post=15"}],"version-history":[{"count":3,"href":"https:\/\/kylat.ekarjala.fi\/suoanttila\/wp-json\/wp\/v2\/pages\/15\/revisions"}],"predecessor-version":[{"id":318,"href":"https:\/\/kylat.ekarjala.fi\/suoanttila\/wp-json\/wp\/v2\/pages\/15\/revisions\/318"}],"wp:attachment":[{"href":"https:\/\/kylat.ekarjala.fi\/suoanttila\/wp-json\/wp\/v2\/media?parent=15"}],"curies":[{"name":"wp","href":"https:\/\/api.w.org\/{rel}","templated":true}]}}