{"id":30,"date":"2011-08-16T19:32:20","date_gmt":"2011-08-16T19:32:20","guid":{"rendered":"https:\/\/kylat.ekarjala.fi\/suoanttila\/?page_id=30"},"modified":"2023-08-02T14:07:58","modified_gmt":"2023-08-02T12:07:58","slug":"tiekunnat","status":"publish","type":"page","link":"https:\/\/kylat.ekarjala.fi\/suoanttila\/tiekunnat\/","title":{"rendered":"Tiekunnat"},"content":{"rendered":"\n<h1 class=\"wp-block-heading\">Hietalan tiekunta<\/h1>\n\n\n\n<div class=\"entry-content\">\n<p><strong>Tienhoitokunta 2023 \u2013 2024<br><\/strong>Vesa Pylv\u00e4l\u00e4inen, puheenjohtaja (v.pylvalainen[at]gmail.com)<br>Jukka Per\u00e4l\u00e4<br>Mikael Lindstr\u00f6m<br>Harri Hietala<br>Mervi Hirvikallio<br>(Noora Katainen, tieis\u00e4nn\u00f6itsij\u00e4)<\/p>\n<\/div>\n\n\n\n<h1 class=\"wp-block-heading\">Ilveksen tiekunta<\/h1>\n\n\n\n<p><strong>Tienhoitokunta 2023 \u2013 2024<br><\/strong>Mikael Lindstr\u00f6m, puheenjohtaja (hml.mikael.lindstrom[at]gmail.com)<br>Lauri Hietanen<br>Timo Heinonen<br>Hilja Hyttinen<br>Samuli Salminen<br>(Noora Katainen, tieis\u00e4nn\u00f6itsij\u00e4)<\/p>\n","protected":false},"excerpt":{"rendered":"<p>Hietalan tiekunta Tienhoitokunta 2023 \u2013 2024Vesa Pylv\u00e4l\u00e4inen, puheenjohtaja (v.pylvalainen[at]gmail.com)Jukka Per\u00e4l\u00e4Mikael Lindstr\u00f6mHarri HietalaMervi Hirvikallio(Noora Katainen, tieis\u00e4nn\u00f6itsij\u00e4) Ilveksen tiekunta Tienhoitokunta 2023 \u2013 2024Mikael Lindstr\u00f6m, puheenjohtaja (hml.mikael.lindstrom[at]gmail.com)Lauri HietanenTimo HeinonenHilja HyttinenSamuli Salminen(Noora Katainen, tieis\u00e4nn\u00f6itsij\u00e4)<\/p>\n","protected":false},"author":24,"featured_media":0,"parent":0,"menu_order":9,"comment_status":"open","ping_status":"open","template":"","meta":{"footnotes":""},"class_list":["post-30","page","type-page","status-publish","hentry"],"_links":{"self":[{"href":"https:\/\/kylat.ekarjala.fi\/suoanttila\/wp-json\/wp\/v2\/pages\/30","targetHints":{"allow":["GET"]}}],"collection":[{"href":"https:\/\/kylat.ekarjala.fi\/suoanttila\/wp-json\/wp\/v2\/pages"}],"about":[{"href":"https:\/\/kylat.ekarjala.fi\/suoanttila\/wp-json\/wp\/v2\/types\/page"}],"author":[{"embeddable":true,"href":"https:\/\/kylat.ekarjala.fi\/suoanttila\/wp-json\/wp\/v2\/users\/24"}],"replies":[{"embeddable":true,"href":"https:\/\/kylat.ekarjala.fi\/suoanttila\/wp-json\/wp\/v2\/comments?post=30"}],"version-history":[{"count":12,"href":"https:\/\/kylat.ekarjala.fi\/suoanttila\/wp-json\/wp\/v2\/pages\/30\/revisions"}],"predecessor-version":[{"id":385,"href":"https:\/\/kylat.ekarjala.fi\/suoanttila\/wp-json\/wp\/v2\/pages\/30\/revisions\/385"}],"wp:attachment":[{"href":"https:\/\/kylat.ekarjala.fi\/suoanttila\/wp-json\/wp\/v2\/media?parent=30"}],"curies":[{"name":"wp","href":"https:\/\/api.w.org\/{rel}","templated":true}]}}