{"id":43,"date":"2011-08-16T19:49:15","date_gmt":"2011-08-16T19:49:15","guid":{"rendered":"https:\/\/kylat.ekarjala.fi\/suoanttila\/?page_id=43"},"modified":"2011-08-27T19:44:59","modified_gmt":"2011-08-27T19:44:59","slug":"my-tuliluikku-ry","status":"publish","type":"page","link":"https:\/\/kylat.ekarjala.fi\/suoanttila\/yhdistykset-ja-yritykset\/my-tuliluikku-ry\/","title":{"rendered":"My Tuliluikku ry"},"content":{"rendered":"<p dir=\"ltr\"><a href=\"https:\/\/kylat.ekarjala.fi\/suoanttila\/wp-content\/uploads\/sites\/15\/2011\/08\/tuliluikku.asb_.jpg\"><img loading=\"lazy\" decoding=\"async\" class=\"alignleft size-full wp-image-68\" src=\"https:\/\/kylat.ekarjala.fi\/suoanttila\/wp-content\/uploads\/sites\/15\/2011\/08\/tuliluikku.asb_.jpg\" alt=\"\" width=\"152\" height=\"120\" \/><\/a>Mets\u00e4stysyhdistys  Tuliluikku perustettiin Viipurissa vuonna 1917. Se on ent.Kymenl\u00e4\u00e4nin  vanhin toimiva mets\u00e4stysseura. Seuran kotipaikka on Luum\u00e4ki ja siell\u00e4  Suoanttilan kyl\u00e4. Seurantoimintaan kuuluu mets\u00e4styksen lis\u00e4ksi  mm.riistanhoito (esim riistapeltojenteko ym.). Alusta asti on Tuliluikku  j\u00e4rjest\u00e4nyt ajokoirien ajokokeita ja ollut mukana Kymen kennelpiirin  toiminnassa mm. j\u00e4rjest\u00e4m\u00e4ss\u00e4 koiran\u00e4yttelyit\u00e4. Suoanttilan kyl\u00e4\u00e4n on  juuri valmistunut uudenkarhea mets\u00e4stysmaja aivan\u00a0mets\u00e4stysmaiden  tuntumaan.<\/p>\n<p>Seuran puheenjohtajana\u00a0toimii\u00a0t\u00e4ll\u00e4 hetkell\u00e4 Markku Haaja.<\/p>\n<p>Seuralle osoitetun postin voi l\u00e4hett\u00e4\u00e4 sihteerille.<br \/>\nMy Tuliluikku ry \/ Hannu Per\u00e4l\u00e4<br \/>\nNuppolantie 200<br \/>\n54530 Luum\u00e4ki<\/p>\n<p><span style=\"font-family: Arial;font-size: x-small\"><span style=\"font-family: Arial;font-size: x-small\"> <\/span><\/span><\/p>\n<p>&nbsp;<\/p>\n","protected":false},"excerpt":{"rendered":"<p>Mets\u00e4stysyhdistys Tuliluikku perustettiin Viipurissa vuonna 1917. Se on ent.Kymenl\u00e4\u00e4nin vanhin toimiva mets\u00e4stysseura. Seuran kotipaikka on Luum\u00e4ki ja siell\u00e4 Suoanttilan kyl\u00e4. Seurantoimintaan kuuluu mets\u00e4styksen lis\u00e4ksi mm.riistanhoito (esim riistapeltojenteko ym.). Alusta asti on Tuliluikku j\u00e4rjest\u00e4nyt ajokoirien ajokokeita ja ollut mukana Kymen kennelpiirin &hellip; <a href=\"https:\/\/kylat.ekarjala.fi\/suoanttila\/yhdistykset-ja-yritykset\/my-tuliluikku-ry\/\">Lue loppuun <span class=\"meta-nav\">&rarr;<\/span><\/a><\/p>\n","protected":false},"author":24,"featured_media":68,"parent":26,"menu_order":0,"comment_status":"open","ping_status":"open","template":"","meta":{"footnotes":""},"class_list":["post-43","page","type-page","status-publish","has-post-thumbnail","hentry"],"_links":{"self":[{"href":"https:\/\/kylat.ekarjala.fi\/suoanttila\/wp-json\/wp\/v2\/pages\/43","targetHints":{"allow":["GET"]}}],"collection":[{"href":"https:\/\/kylat.ekarjala.fi\/suoanttila\/wp-json\/wp\/v2\/pages"}],"about":[{"href":"https:\/\/kylat.ekarjala.fi\/suoanttila\/wp-json\/wp\/v2\/types\/page"}],"author":[{"embeddable":true,"href":"https:\/\/kylat.ekarjala.fi\/suoanttila\/wp-json\/wp\/v2\/users\/24"}],"replies":[{"embeddable":true,"href":"https:\/\/kylat.ekarjala.fi\/suoanttila\/wp-json\/wp\/v2\/comments?post=43"}],"version-history":[{"count":7,"href":"https:\/\/kylat.ekarjala.fi\/suoanttila\/wp-json\/wp\/v2\/pages\/43\/revisions"}],"predecessor-version":[{"id":76,"href":"https:\/\/kylat.ekarjala.fi\/suoanttila\/wp-json\/wp\/v2\/pages\/43\/revisions\/76"}],"up":[{"embeddable":true,"href":"https:\/\/kylat.ekarjala.fi\/suoanttila\/wp-json\/wp\/v2\/pages\/26"}],"wp:featuredmedia":[{"embeddable":true,"href":"https:\/\/kylat.ekarjala.fi\/suoanttila\/wp-json\/wp\/v2\/media\/68"}],"wp:attachment":[{"href":"https:\/\/kylat.ekarjala.fi\/suoanttila\/wp-json\/wp\/v2\/media?parent=43"}],"curies":[{"name":"wp","href":"https:\/\/api.w.org\/{rel}","templated":true}]}}