{"id":9,"date":"2011-08-16T18:46:26","date_gmt":"2011-08-16T18:46:26","guid":{"rendered":"https:\/\/kylat.ekarjala.fi\/suoanttila\/?page_id=9"},"modified":"2011-08-27T19:24:57","modified_gmt":"2011-08-27T19:24:57","slug":"saannot","status":"publish","type":"page","link":"https:\/\/kylat.ekarjala.fi\/suoanttila\/esimerkkisivu\/saannot\/","title":{"rendered":"S\u00e4\u00e4nn\u00f6t"},"content":{"rendered":"<p><a href=\"https:\/\/kylat.ekarjala.fi\/suoanttila\/wp-content\/uploads\/sites\/15\/2011\/08\/S\u00e4\u00e4nn\u00f6t-v21.pdf\">Suoanttilan Kyl\u00e4yhdistyksen s\u00e4\u00e4nn\u00f6t<\/a><\/p>\n<p><em> <\/em>1 \u00a7 YHDISTYKSEN NIMI JA KOTIPAIKKA<br \/>\nYhdistyksen nimi on Suoanttilan Kyl\u00e4yhdistys ry ja sen kotipaikka Luum\u00e4en \u00a0 kunta.<\/p>\n<p>2 \u00a7 YHDISTYKSEN TARKOITUS JA TOIMINNAN LAATU<br \/>\nYhdistyksen tarkoituksena on Suoanttilan kyl\u00e4n asukkaiden ja\u00a0vapaa-ajan \u00a0\u00a0\u00a0\u00a0\u00a0\u00a0\u00a0\u00a0\u00a0\u00a0\u00a0\u00a0\u00a0\u00a0\u00a0\u00a0\u00a0\u00a0\u00a0\u00a0\u00a0 asukkaiden etujen ajaminen, viihtyvyyden ja yhteishengen lis\u00e4\u00e4minen sek\u00e4 \u00a0\u00a0\u00a0\u00a0\u00a0\u00a0\u00a0\u00a0\u00a0\u00a0\u00a0\u00a0\u00a0\u00a0\u00a0\u00a0\u00a0\u00a0\u00a0\u00a0\u00a0 kaikenpuolisen hyvinvoinnin edist\u00e4minen seudulla.<\/p>\n<p>Tarkoituksen toteuttamiseksi yhdistys j\u00e4rjest\u00e4\u00e4 talkoita, tekee aloitteita ja \u00a0\u00a0\u00a0\u00a0 \u00a0\u00a0\u00a0\u00a0\u00a0\u00a0\u00a0\u00a0\u00a0\u00a0\u00a0\u00a0\u00a0\u00a0\u00a0\u00a0\u00a0\u00a0\u00a0\u00a0\u00a0 esityksi\u00e4, antaa lausuntoja ja tekee anomuksia viranomaisille, j\u00e4rjest\u00e4\u00e4 tiedotus-, \u00a0\u00a0\u00a0\u00a0 \u00a0\u00a0\u00a0\u00a0\u00a0\u00a0\u00a0\u00a0\u00a0\u00a0\u00a0 koulutus-, huvi-, ym. vastaavia tilaisuuksia tarpeen mukaan. Yhdistys on \u00a0\u00a0\u00a0\u00a0\u00a0\u00a0\u00a0\u00a0\u00a0\u00a0\u00a0\u00a0\u00a0\u00a0\u00a0\u00a0\u00a0\u00a0\u00a0\u00a0\u00a0\u00a0\u00a0 puoluepoliittisesti sitoutumaton.<\/p>\n<p>3 \u00a7 J\u00c4SENET<br \/>\nYhdistyksen j\u00e4seneksi voidaan hyv\u00e4ksy\u00e4 kuka tahansa Suoanttilan kyl\u00e4n \u00a0\u00a0\u00a0\u00a0\u00a0 \u00a0\u00a0\u00a0\u00a0\u00a0\u00a0\u00a0\u00a0\u00a0\u00a0\u00a0\u00a0\u00a0\u00a0\u00a0\u00a0\u00a0 asukas ja vapaa-ajan asukas. J\u00e4seniksi voidaan hyv\u00e4ksy\u00e4 my\u00f6s muita \u00a0\u00a0\u00a0\u00a0\u00a0\u00a0\u00a0\u00a0\u00a0\u00a0\u00a0\u00a0\u00a0\u00a0\u00a0\u00a0\u00a0\u00a0\u00a0\u00a0\u00a0 \u00a0\u00a0\u00a0\u00a0\u00a0\u00a0\u00a0\u00a0\u00a0\u00a0\u00a0\u00a0\u00a0\u00a0 henkil\u00f6it\u00e4, jotka haluavat toimia kyl\u00e4yhdistyksen hyv\u00e4ksi. J\u00e4senet yhdistykseen \u00a0\u00a0\u00a0\u00a0\u00a0\u00a0\u00a0\u00a0\u00a0\u00a0\u00a0\u00a0\u00a0\u00a0 hyv\u00e4ksyy hallitus. Vuosikokous p\u00e4\u00e4tt\u00e4\u00e4 perit\u00e4\u00e4nk\u00f6 j\u00e4senilt\u00e4 j\u00e4senmaksua vai ei.<\/p>\n<p>4 \u00a7 J\u00c4SENEN EROAMINEN JA EROTTAMINEN<br \/>\nJ\u00e4senell\u00e4 on oikeus erota yhdistyksest\u00e4 ilmoittamalla siit\u00e4 kirjallisesti \u00a0\u00a0\u00a0\u00a0\u00a0\u00a0\u00a0\u00a0\u00a0\u00a0 \u00a0\u00a0\u00a0\u00a0\u00a0\u00a0\u00a0\u00a0\u00a0\u00a0\u00a0\u00a0\u00a0\u00a0\u00a0\u00a0 hallitukselle tai sen puheenjohtajalle taikka ilmoittamalla erosta yhdistyksen  \u00a0\u00a0\u00a0\u00a0\u00a0\u00a0\u00a0\u00a0\u00a0\u00a0\u00a0\u00a0\u00a0\u00a0\u00a0\u00a0\u00a0\u00a0\u00a0\u00a0\u00a0 \u00a0 kokouksessa merkitt\u00e4v\u00e4ksi p\u00f6yt\u00e4kirjaan.<\/p>\n<p>Hallitus voi erottaa j\u00e4senen yhdistyksest\u00e4, jos j\u00e4sen on j\u00e4tt\u00e4nyt er\u00e4\u00e4ntyneen  \u00a0\u00a0\u00a0\u00a0\u00a0\u00a0\u00a0\u00a0\u00a0\u00a0\u00a0\u00a0\u00a0\u00a0\u00a0\u00a0\u00a0\u00a0\u00a0\u00a0\u00a0 \u00a0\u00a0\u00a0\u00a0 j\u00e4senmaksunsa maksamatta tai muuten j\u00e4tt\u00e4nyt t\u00e4ytt\u00e4m\u00e4tt\u00e4 ne velvoitukset,  \u00a0\u00a0\u00a0\u00a0\u00a0\u00a0\u00a0\u00a0\u00a0\u00a0\u00a0\u00a0\u00a0\u00a0\u00a0\u00a0\u00a0\u00a0\u00a0\u00a0\u00a0 joihin h\u00e4n on yhdistykseen liittym\u00e4ll\u00e4 sitoutunut tai on menettelyll\u00e4\u00e4n \u00a0\u00a0\u00a0\u00a0\u00a0\u00a0\u00a0\u00a0\u00a0\u00a0\u00a0\u00a0\u00a0\u00a0\u00a0\u00a0\u00a0\u00a0\u00a0\u00a0\u00a0\u00a0\u00a0\u00a0\u00a0 yhdistyksess\u00e4 tai sen ulkopuolella huomattavasti vahingoittanut yhdistyst\u00e4 \u00a0\u00a0\u00a0\u00a0\u00a0\u00a0\u00a0\u00a0\u00a0\u00a0\u00a0\u00a0\u00a0\u00a0\u00a0\u00a0\u00a0\u00a0\u00a0\u00a0\u00a0\u00a0 \u00a0\u00a0\u00a0\u00a0 tai ei en\u00e4\u00e4 t\u00e4yt\u00e4 laissa taikka yhdistyksen s\u00e4\u00e4nn\u00f6iss\u00e4 mainittuja j\u00e4senyyden \u00a0\u00a0\u00a0\u00a0\u00a0\u00a0\u00a0\u00a0\u00a0\u00a0\u00a0\u00a0\u00a0\u00a0\u00a0\u00a0\u00a0\u00a0\u00a0\u00a0\u00a0\u00a0\u00a0\u00a0\u00a0\u00a0\u00a0 ehtoja.<\/p>\n<p>5 \u00a7 J\u00c4SENMAKSU<br \/>\nVuosikokous p\u00e4\u00e4tt\u00e4\u00e4 perit\u00e4\u00e4nk\u00f6 j\u00e4senilt\u00e4 vuosimaksua vai ei. Mik\u00e4li \u00a0\u00a0\u00a0\u00a0\u00a0\u00a0\u00a0\u00a0\u00a0\u00a0\u00a0 \u00a0\u00a0\u00a0\u00a0\u00a0\u00a0\u00a0\u00a0\u00a0\u00a0\u00a0\u00a0\u00a0\u00a0\u00a0\u00a0\u00a0\u00a0\u00a0 vuosimaksua p\u00e4\u00e4tet\u00e4\u00e4n peri\u00e4, sen suuruudesta p\u00e4\u00e4tt\u00e4\u00e4 vuosikokous.<\/p>\n<p>6 \u00a7 HALLITUS<br \/>\nYhdistyksen asioita hoitaa ja sit\u00e4 edustaa hallitus, johon kuuluu puheenjohtaja ja \u00a0\u00a0\u00a0\u00a0\u00a0\u00a0\u00a0\u00a0\u00a0\u00a0\u00a0\u00a0\u00a0\u00a0\u00a0\u00a0 nelj\u00e4 (4) varsinaista j\u00e4sent\u00e4 sek\u00e4 kaksi (2) varaj\u00e4sent\u00e4, jotka valitaan vuosittain \u00a0\u00a0\u00a0\u00a0\u00a0\u00a0\u00a0\u00a0\u00a0\u00a0\u00a0\u00a0\u00a0\u00a0\u00a0\u00a0\u00a0\u00a0\u00a0 vuosikokouksessa. Hallituksen toimikausi kest\u00e4\u00e4 yhden (1) vuoden. Hallituksen \u00a0\u00a0\u00a0\u00a0\u00a0\u00a0\u00a0\u00a0\u00a0\u00a0\u00a0\u00a0\u00a0\u00a0\u00a0\u00a0\u00a0\u00a0 j\u00e4senet voidaan valita uudestaan.<\/p>\n<p>Hallitus kokoontuu puheenjohtajan tai h\u00e4nen estyneen\u00e4 ollessaan \u00a0\u00a0\u00a0\u00a0\u00a0\u00a0\u00a0\u00a0\u00a0\u00a0\u00a0\u00a0\u00a0\u00a0\u00a0\u00a0\u00a0\u00a0\u00a0\u00a0\u00a0 varapuheenjohtajan kutsusta, kun he katsovat siihen olevan aihetta tai kun \u00a0\u00a0\u00a0\u00a0\u00a0\u00a0\u00a0\u00a0\u00a0\u00a0\u00a0\u00a0\u00a0\u00a0\u00a0\u00a0\u00a0\u00a0\u00a0\u00a0\u00a0 v\u00e4hint\u00e4\u00e4n puolet hallituksen j\u00e4senist\u00e4 sit\u00e4 vaatii.<\/p>\n<p>Hallitus on p\u00e4\u00e4t\u00f6svaltainen, kun puheenjohtaja tai varapuheenjohtaja ja kaksi (2) \u00a0\u00a0\u00a0\u00a0\u00a0\u00a0\u00a0\u00a0\u00a0\u00a0\u00a0\u00a0\u00a0\u00a0 j\u00e4sent\u00e4 ovat saapuvilla ja he ovat p\u00e4\u00e4t\u00f6ksiss\u00e4\u00e4n yksimielisi\u00e4. Hallitus on \u00a0\u00a0\u00a0\u00a0\u00a0\u00a0\u00a0\u00a0\u00a0\u00a0\u00a0\u00a0\u00a0\u00a0\u00a0\u00a0\u00a0\u00a0\u00a0\u00a0\u00a0 kutsuttava koolle viikkoa ennen kokousta.<\/p>\n<p>7 \u00a7 YHDISTYKSEN NIMENKIRJOITUS<br \/>\nSeuran nimen kirjoittaa puheenjohtaja tai sihteeri.<\/p>\n<p><strong> <\/strong><\/p>\n<p>8 \u00a7 TILIKAUSI JA TILINTARKASTUS<br \/>\nYhdistyksen tilikausi on kalenterivuosi.<\/p>\n<p>Tilinp\u00e4\u00e4t\u00f6s tarvittavine asiakirjoineen ja hallituksen vuosikertomus on annettava \u00a0\u00a0\u00a0\u00a0\u00a0\u00a0\u00a0\u00a0\u00a0\u00a0\u00a0\u00a0\u00a0\u00a0 tilintarkastajille viimeist\u00e4\u00e4n kolme viikkoa ennen vuosikokousta. Tilintarkastajien \u00a0\u00a0\u00a0\u00a0\u00a0\u00a0\u00a0\u00a0\u00a0\u00a0\u00a0\u00a0 tulee antaa kirjallinen lausuntonsa viimeist\u00e4\u00e4n kaksi viikkoa ennen vuosikokousta \u00a0\u00a0\u00a0\u00a0\u00a0\u00a0\u00a0\u00a0\u00a0\u00a0\u00a0\u00a0\u00a0 hallitukselle.<\/p>\n<p>9 \u00a7 YHDISTYKSEN KOKOUKSET<br \/>\nYhdistyksen vuosikokous pidet\u00e4\u00e4n vuosittain hallituksen m\u00e4\u00e4r\u00e4\u00e4m\u00e4n\u00e4 p\u00e4iv\u00e4n\u00e4 \u00a0\u00a0\u00a0\u00a0\u00a0\u00a0\u00a0\u00a0\u00a0\u00a0\u00a0\u00a0\u00a0\u00a0\u00a0\u00a0\u00a0 tammi-toukokuussa. Kokouksista ilmoitetaan j\u00e4senille v\u00e4hint\u00e4\u00e4n seitsem\u00e4\u00e4 \u00a0\u00a0 \u00a0\u00a0\u00a0\u00a0\u00a0\u00a0\u00a0\u00a0\u00a0\u00a0\u00a0\u00a0\u00a0\u00a0\u00a0\u00a0\u00a0\u00a0\u00a0\u00a0\u00a0 \u00a0 vuorokautta ennen kokousta kirjallisena kokouskutsuna. Kirjallinen kokouskutsu \u00a0\u00a0\u00a0\u00a0\u00a0\u00a0\u00a0\u00a0\u00a0\u00a0\u00a0\u00a0\u00a0\u00a0\u00a0 voi olla ilmoitus paikallislehdess\u00e4, s\u00e4hk\u00f6posti, postitettu kirje tai muu vastaava. \u00a0\u00a0\u00a0 \u00a0\u00a0\u00a0\u00a0\u00a0\u00a0\u00a0\u00a0\u00a0\u00a0\u00a0\u00a0\u00a0\u00a0 Ylim\u00e4\u00e4r\u00e4iset kokoukset kutsutaan koolle samalla tavalla ja samassa ajassa.<\/p>\n<p>Yhdistyksen kokouksissa on jokaisella j\u00e4senell\u00e4 yksi \u00e4\u00e4ni.<\/p>\n<p>Yhdistyksen kokouksen p\u00e4\u00e4t\u00f6kseksi tulee, ellei s\u00e4\u00e4nn\u00f6iss\u00e4 ole toisin \u00a0\u00a0\u00a0\u00a0\u00a0\u00a0\u00a0\u00a0\u00a0\u00a0 \u00a0\u00a0\u00a0\u00a0\u00a0\u00a0\u00a0\u00a0\u00a0\u00a0\u00a0\u00a0\u00a0\u00a0\u00a0\u00a0\u00a0\u00a0\u00a0\u00a0\u00a0\u00a0\u00a0\u00a0\u00a0\u00a0\u00a0\u00a0 m\u00e4\u00e4r\u00e4tty, se mielipide, jota on kannattanut yli puolet annetuista \u00e4\u00e4nist\u00e4. \u00c4\u00e4nten \u00a0\u00a0\u00a0\u00a0\u00a0\u00a0\u00a0\u00a0\u00a0\u00a0\u00a0\u00a0\u00a0\u00a0\u00a0\u00a0 menness\u00e4 tasan ratkaisee kokouksen puheenjohtajan \u00e4\u00e4ni, vaaleissa kuitenkin \u00a0\u00a0\u00a0\u00a0\u00a0\u00a0\u00a0\u00a0\u00a0\u00a0\u00a0\u00a0\u00a0\u00a0\u00a0\u00a0\u00a0\u00a0\u00a0\u00a0\u00a0 arpa.<\/p>\n<p>10 \u00a7 VUOSIKOKOUS<br \/>\nYhdistyksen vuosikokouksessa k\u00e4sitell\u00e4\u00e4n seuraavat asiat:<\/p>\n<p>1. kokouksen avaus<br \/>\n2. valitaan kokouksen<br \/>\n&#8211; puheenjohtaja<br \/>\n&#8211; sihteeri<br \/>\n&#8211; kaksi p\u00f6yt\u00e4kirjantarkastajaa<br \/>\n&#8211; ja tarvittaessa kaksi \u00e4\u00e4ntenlaskijaa<br \/>\n3. todetaan kokouksen laillisuus ja p\u00e4\u00e4t\u00f6svaltaisuus<br \/>\n4. hyv\u00e4ksyt\u00e4\u00e4n kokouksen ty\u00f6j\u00e4rjestys<br \/>\n5. esitet\u00e4\u00e4n vuosikertomus, tilinp\u00e4\u00e4t\u00f6s ja tilintarkastajien lausunto<br \/>\n6. p\u00e4\u00e4tet\u00e4\u00e4n tilinp\u00e4\u00e4t\u00f6ksen vahvistamisesta ja vastuuvapauden \u00a0\u00a0\u00a0\u00a0\u00a0\u00a0\u00a0\u00a0\u00a0\u00a0\u00a0\u00a0\u00a0\u00a0\u00a0\u00a0\u00a0\u00a0\u00a0\u00a0 \u00a0\u00a0\u00a0\u00a0\u00a0\u00a0\u00a0\u00a0\u00a0\u00a0\u00a0\u00a0\u00a0\u00a0\u00a0\u00a0\u00a0\u00a0\u00a0\u00a0\u00a0\u00a0 \u00a0\u00a0\u00a0\u00a0 my\u00f6nt\u00e4misest\u00e4 hallitukselle ja muille vastuuvelvollisille<br \/>\n7. vahvistetaan toimintasuunnitelma sek\u00e4 talousarvio<strong> <\/strong>ja p\u00e4\u00e4tet\u00e4\u00e4n \u00a0\u00a0\u00a0\u00a0\u00a0\u00a0\u00a0\u00a0\u00a0\u00a0\u00a0\u00a0\u00a0\u00a0\u00a0\u00a0 \u00a0\u00a0\u00a0\u00a0\u00a0\u00a0\u00a0\u00a0\u00a0\u00a0\u00a0\u00a0\u00a0\u00a0\u00a0\u00a0\u00a0\u00a0\u00a0\u00a0\u00a0\u00a0\u00a0 \u00a0 seuraavan vuoden j\u00e4senmaksusta<br \/>\n8. valitaan hallituksen puheenjohtaja ja muut j\u00e4senet<br \/>\n9. valitaan yksi tai kaksi tilintarkastajaa ja heille varatilintarkastajat<br \/>\n10. k\u00e4sitell\u00e4\u00e4n muut esille tulevat asiat, jotka on j\u00e4tett\u00e4v\u00e4 hallitukselle \u00a0\u00a0 \u00a0\u00a0\u00a0\u00a0\u00a0\u00a0\u00a0\u00a0\u00a0\u00a0\u00a0\u00a0\u00a0\u00a0\u00a0\u00a0\u00a0\u00a0\u00a0\u00a0\u00a0 \u00a0\u00a0\u00a0 kirjallisesti<strong> <\/strong>v\u00e4hint\u00e4\u00e4n<strong> <\/strong>viikkoa ennen<strong> <\/strong>kokousta.<\/p>\n<p>11 \u00a7 S\u00c4\u00c4NT\u00d6JEN MUUTTAMINEN JA YHDISTYKSEN PURKAMINEN<br \/>\nP\u00e4\u00e4t\u00f6s s\u00e4\u00e4nt\u00f6jen muuttamisesta ja yhdistyksen purkamisesta on teht\u00e4v\u00e4 \u00a0\u00a0\u00a0\u00a0 \u00a0\u00a0\u00a0\u00a0\u00a0\u00a0\u00a0\u00a0\u00a0\u00a0\u00a0\u00a0\u00a0\u00a0\u00a0\u00a0\u00a0\u00a0 yhdistyksen kokouksessa v\u00e4hint\u00e4\u00e4n kolmen nelj\u00e4sosan (3\/4) enemmist\u00f6ll\u00e4 \u00a0\u00a0\u00a0\u00a0\u00a0\u00a0\u00a0\u00a0\u00a0\u00a0\u00a0\u00a0\u00a0\u00a0\u00a0\u00a0\u00a0\u00a0\u00a0\u00a0\u00a0\u00a0 annetuista \u00e4\u00e4nist\u00e4.<strong> <\/strong>Kokouskutsussa on mainittava s\u00e4\u00e4nt\u00f6jen muuttamisesta tai yhdistyksen purkamisesta.<\/p>\n<p>Yhdistyksen purkautuessa k\u00e4ytet\u00e4\u00e4n yhdistyksen varat yhdistyksen tarkoituksen edist\u00e4miseen purkamisesta p\u00e4\u00e4tt\u00e4v\u00e4n kokouksen m\u00e4\u00e4r\u00e4\u00e4m\u00e4ll\u00e4 \u00a0\u00a0\u00a0\u00a0\u00a0\u00a0\u00a0\u00a0\u00a0\u00a0\u00a0\u00a0\u00a0\u00a0\u00a0\u00a0\u00a0\u00a0\u00a0\u00a0\u00a0\u00a0\u00a0\u00a0\u00a0\u00a0\u00a0\u00a0\u00a0\u00a0\u00a0\u00a0\u00a0\u00a0\u00a0\u00a0\u00a0\u00a0\u00a0\u00a0\u00a0\u00a0\u00a0\u00a0 tavalla. Yhdistyksen tullessa lakkautetuksi k\u00e4ytet\u00e4\u00e4n sen varat samaan \u00a0\u00a0\u00a0\u00a0\u00a0\u00a0\u00a0\u00a0\u00a0\u00a0\u00a0\u00a0\u00a0\u00a0\u00a0\u00a0\u00a0\u00a0\u00a0\u00a0\u00a0\u00a0\u00a0\u00a0\u00a0\u00a0\u00a0\u00a0\u00a0\u00a0\u00a0\u00a0\u00a0\u00a0 tarkoitukseen.<\/p>\n","protected":false},"excerpt":{"rendered":"<p>Suoanttilan Kyl\u00e4yhdistyksen s\u00e4\u00e4nn\u00f6t 1 \u00a7 YHDISTYKSEN NIMI JA KOTIPAIKKA Yhdistyksen nimi on Suoanttilan Kyl\u00e4yhdistys ry ja sen kotipaikka Luum\u00e4en \u00a0 kunta. 2 \u00a7 YHDISTYKSEN TARKOITUS JA TOIMINNAN LAATU Yhdistyksen tarkoituksena on Suoanttilan kyl\u00e4n asukkaiden ja\u00a0vapaa-ajan \u00a0\u00a0\u00a0\u00a0\u00a0\u00a0\u00a0\u00a0\u00a0\u00a0\u00a0\u00a0\u00a0\u00a0\u00a0\u00a0\u00a0\u00a0\u00a0\u00a0\u00a0 asukkaiden etujen ajaminen, viihtyvyyden &hellip; <a href=\"https:\/\/kylat.ekarjala.fi\/suoanttila\/esimerkkisivu\/saannot\/\">Lue loppuun <span class=\"meta-nav\">&rarr;<\/span><\/a><\/p>\n","protected":false},"author":24,"featured_media":0,"parent":2,"menu_order":0,"comment_status":"open","ping_status":"open","template":"","meta":{"footnotes":""},"class_list":["post-9","page","type-page","status-publish","hentry"],"_links":{"self":[{"href":"https:\/\/kylat.ekarjala.fi\/suoanttila\/wp-json\/wp\/v2\/pages\/9","targetHints":{"allow":["GET"]}}],"collection":[{"href":"https:\/\/kylat.ekarjala.fi\/suoanttila\/wp-json\/wp\/v2\/pages"}],"about":[{"href":"https:\/\/kylat.ekarjala.fi\/suoanttila\/wp-json\/wp\/v2\/types\/page"}],"author":[{"embeddable":true,"href":"https:\/\/kylat.ekarjala.fi\/suoanttila\/wp-json\/wp\/v2\/users\/24"}],"replies":[{"embeddable":true,"href":"https:\/\/kylat.ekarjala.fi\/suoanttila\/wp-json\/wp\/v2\/comments?post=9"}],"version-history":[{"count":9,"href":"https:\/\/kylat.ekarjala.fi\/suoanttila\/wp-json\/wp\/v2\/pages\/9\/revisions"}],"predecessor-version":[{"id":59,"href":"https:\/\/kylat.ekarjala.fi\/suoanttila\/wp-json\/wp\/v2\/pages\/9\/revisions\/59"}],"up":[{"embeddable":true,"href":"https:\/\/kylat.ekarjala.fi\/suoanttila\/wp-json\/wp\/v2\/pages\/2"}],"wp:attachment":[{"href":"https:\/\/kylat.ekarjala.fi\/suoanttila\/wp-json\/wp\/v2\/media?parent=9"}],"curies":[{"name":"wp","href":"https:\/\/api.w.org\/{rel}","templated":true}]}}