{"id":10,"date":"2014-11-25T09:53:20","date_gmt":"2014-11-25T07:53:20","guid":{"rendered":"https:\/\/kylat.ekarjala.fi\/taipalsaarenkylat\/?page_id=10"},"modified":"2014-11-25T09:53:20","modified_gmt":"2014-11-25T07:53:20","slug":"haikkaanlahti","status":"publish","type":"page","link":"https:\/\/kylat.ekarjala.fi\/taipalsaarenkylat\/haikkaanlahti\/","title":{"rendered":"Haikkaanlahti"},"content":{"rendered":"<p><a href=\"https:\/\/kylat.ekarjala.fi\/taipalsaarenkylat\/wp-content\/uploads\/sites\/73\/2014\/11\/haikkaanlahti.jpg\"><img loading=\"lazy\" decoding=\"async\" class=\"size-thumbnail wp-image-12 alignright\" src=\"https:\/\/kylat.ekarjala.fi\/taipalsaarenkylat\/wp-content\/uploads\/sites\/73\/2014\/11\/haikkaanlahti-150x150.jpg\" alt=\"haikkaanlahti\" width=\"150\" height=\"150\" \/><\/a>Haikkaanlahden kyl\u00e4 sijaitsee Taipalsaaren p\u00e4\u00e4saarella kirkonkyl\u00e4st\u00e4 noin 5 kilometri\u00e4 luoteeseen. Kyl\u00e4aluetta rajaavat Pien-Saimaa ja Taipalsaarelta Savitaipaleelle johtava maantie. Lappeenrantaan matkaa on noin 20 km.<\/p>\n<p>Elinvoimaisessa kyl\u00e4ss\u00e4 asuu 90 asukasta. Lomakausina asukasm\u00e4\u00e4r\u00e4 moninkertaistuu, sill\u00e4 alueella on 110 kes\u00e4asuntoa. Kyl\u00e4ss\u00e4 on myyt\u00e4v\u00e4n\u00e4 kunnan tontteja Liukkolassa Heikkolantien varressa. My\u00f6s yksityisilt\u00e4 maanomistajilta kannattaa kysell\u00e4 tontteja.<\/p>\n<p>Kyl\u00e4ll\u00e4 on kaksi maitotilaa ja kaikki pellot ovat viljelyksess\u00e4. Luomutilalta voi ostaa luomutuotteita. Maalaismaisemassa saattaa n\u00e4hd\u00e4 runsaasti hevosia, joista osaa k\u00e4ytet\u00e4\u00e4n ratsastuksessa ja osa on ravihevosia.<\/p>\n<p>Kyl\u00e4n yritt\u00e4j\u00e4t tekev\u00e4t hirsim\u00f6kkej\u00e4, maansiirto-, kone- ja maatalousurakointia sek\u00e4 tilitoimiston palveluita. Paikallinen yritt\u00e4j\u00e4 tekii tilausristeilyit\u00e4 Saimaalle.<\/p>\n<p><strong>Vahvat yhteisty\u00f6n perinteet<\/strong><\/p>\n<p><a href=\"https:\/\/kylat.ekarjala.fi\/taipalsaarenkylat\/wp-content\/uploads\/sites\/73\/2014\/11\/haikkaanlahti2.jpg\"><img loading=\"lazy\" decoding=\"async\" class=\"size-thumbnail wp-image-11 alignright\" src=\"https:\/\/kylat.ekarjala.fi\/taipalsaarenkylat\/wp-content\/uploads\/sites\/73\/2014\/11\/haikkaanlahti2-150x120.jpg\" alt=\"haikkaanlahti2\" width=\"150\" height=\"120\" \/><\/a>Yhteisty\u00f6n perinteet ovat kyl\u00e4ll\u00e4 vahvat. Toimivia yhdistyksi\u00e4 ovat martat, mets\u00e4st\u00e4j\u00e4t ja vesialueen osakaskunta. Harrastuspiirien ja yhdistysten k\u00e4yt\u00f6ss\u00e4 on vanha koulu.<\/p>\n<p>Perinteinen kokoontumispaikka on laivaranta. Toiseen maailmansotaan asti laiva oli paras liikennev\u00e4line, kun kuljettiin kes\u00e4isin Lappeenrantaan. Laivarannan laituri kunnostettiin vuonna 1995, rannassa on my\u00f6s uimaranta. Viereisell\u00e4 Kapakkaniemell\u00e4 poltetaan edelleen perinteinen juhannuskokko.<\/p>\n<p>Kyl\u00e4ss\u00e4 kiert\u00e4\u00e4 22 km:n pituinen suosittu ja hyvin merkitty vaellusreitti. Reitin varrella on kaksi laavua, joista toinen sijaitsee Riutanniemess\u00e4 ja toinen Kurenlahdella. My\u00f6s hiiht\u00e4miseen on hyv\u00e4t mahdollisuudet. Suosittu hiihtoreitti kulkee Riutanniemen laavulle, jossa voi lev\u00e4ht\u00e4\u00e4 ja paistaa makkarat.<\/p>\n","protected":false},"excerpt":{"rendered":"<p>Haikkaanlahden kyl\u00e4 sijaitsee Taipalsaaren p\u00e4\u00e4saarella kirkonkyl\u00e4st\u00e4 noin 5 kilometri\u00e4 luoteeseen. Kyl\u00e4aluetta rajaavat Pien-Saimaa ja Taipalsaarelta Savitaipaleelle johtava maantie. Lappeenrantaan matkaa on noin 20 km. Elinvoimaisessa kyl\u00e4ss\u00e4 asuu 90 asukasta. Lomakausina asukasm\u00e4\u00e4r\u00e4 moninkertaistuu, sill\u00e4 alueella on 110 kes\u00e4asuntoa. Kyl\u00e4ss\u00e4 on myyt\u00e4v\u00e4n\u00e4 &hellip; <a href=\"https:\/\/kylat.ekarjala.fi\/taipalsaarenkylat\/haikkaanlahti\/\">Lue loppuun <span class=\"meta-nav\">&rarr;<\/span><\/a><\/p>\n","protected":false},"author":1,"featured_media":0,"parent":0,"menu_order":0,"comment_status":"closed","ping_status":"closed","template":"","meta":{"footnotes":""},"class_list":["post-10","page","type-page","status-publish","hentry"],"_links":{"self":[{"href":"https:\/\/kylat.ekarjala.fi\/taipalsaarenkylat\/wp-json\/wp\/v2\/pages\/10","targetHints":{"allow":["GET"]}}],"collection":[{"href":"https:\/\/kylat.ekarjala.fi\/taipalsaarenkylat\/wp-json\/wp\/v2\/pages"}],"about":[{"href":"https:\/\/kylat.ekarjala.fi\/taipalsaarenkylat\/wp-json\/wp\/v2\/types\/page"}],"author":[{"embeddable":true,"href":"https:\/\/kylat.ekarjala.fi\/taipalsaarenkylat\/wp-json\/wp\/v2\/users\/1"}],"replies":[{"embeddable":true,"href":"https:\/\/kylat.ekarjala.fi\/taipalsaarenkylat\/wp-json\/wp\/v2\/comments?post=10"}],"version-history":[{"count":1,"href":"https:\/\/kylat.ekarjala.fi\/taipalsaarenkylat\/wp-json\/wp\/v2\/pages\/10\/revisions"}],"predecessor-version":[{"id":13,"href":"https:\/\/kylat.ekarjala.fi\/taipalsaarenkylat\/wp-json\/wp\/v2\/pages\/10\/revisions\/13"}],"wp:attachment":[{"href":"https:\/\/kylat.ekarjala.fi\/taipalsaarenkylat\/wp-json\/wp\/v2\/media?parent=10"}],"curies":[{"name":"wp","href":"https:\/\/api.w.org\/{rel}","templated":true}]}}