{"id":14,"date":"2014-11-25T09:54:35","date_gmt":"2014-11-25T07:54:35","guid":{"rendered":"https:\/\/kylat.ekarjala.fi\/taipalsaarenkylat\/?page_id=14"},"modified":"2014-11-25T09:54:35","modified_gmt":"2014-11-25T07:54:35","slug":"jankasalo","status":"publish","type":"page","link":"https:\/\/kylat.ekarjala.fi\/taipalsaarenkylat\/jankasalo\/","title":{"rendered":"J\u00e4nk\u00e4salo"},"content":{"rendered":"<p>J<a href=\"https:\/\/kylat.ekarjala.fi\/taipalsaarenkylat\/wp-content\/uploads\/sites\/73\/2014\/11\/jankasalo.jpg\"><img loading=\"lazy\" decoding=\"async\" class=\"size-thumbnail wp-image-16 alignright\" src=\"https:\/\/kylat.ekarjala.fi\/taipalsaarenkylat\/wp-content\/uploads\/sites\/73\/2014\/11\/jankasalo-150x150.jpg\" alt=\"jankasalo\" width=\"150\" height=\"150\" \/><\/a>\u00e4nk\u00e4salo on Taipalsaaren kunnan vireimpi\u00e4 saariyhteis\u00f6j\u00e4.<br \/>\nJ\u00e4nk\u00e4salo sijaitsee Suuren Saimaan reunalla muodostaen portin aavalle Saimaan vesist\u00f6alueelle.<br \/>\nSaaren it\u00e4rannalta avautuu laaja Ilkonselk\u00e4 tyynineen ja myrskyineen. J\u00e4nk\u00e4saloon kuuluu kaksi saarta, Suuri ja Pieni J\u00e4nk\u00e4salo.<br \/>\nSuuri J\u00e4nk\u00e4salo on Saimaan suurimpia saaria.<br \/>\nSen pinta-ala on noin 13 neli\u00f6kilometri\u00e4. Saaressa on t\u00e4ll\u00e4 hetkell\u00e4 vakituisia asukkaita kahdeksassa taloudessa ja lomakiinteist\u00f6j\u00e4 l\u00e4hes 100.<\/p>\n<p><a href=\"https:\/\/kylat.ekarjala.fi\/taipalsaarenkylat\/wp-content\/uploads\/sites\/73\/2014\/11\/jankasalo2.jpg\"><img loading=\"lazy\" decoding=\"async\" class=\"size-thumbnail wp-image-17 alignright\" src=\"https:\/\/kylat.ekarjala.fi\/taipalsaarenkylat\/wp-content\/uploads\/sites\/73\/2014\/11\/jankasalo2-150x150.jpg\" alt=\"jankasalo2\" width=\"150\" height=\"150\" \/><\/a>J\u00e4nk\u00e4salon asutuksella on pitk\u00e4 historia. Saari on ollut asuttuna jo satoja vuosia.<br \/>\nViime vuosisadan alkupuolella, jolloin liikuttiin vesiteit\u00e4 pitkin, J\u00e4nk\u00e4salo oli vireimpi\u00e4 Taipalsaaren kunnan asuinalueita. Saaressa oli silloin toista sataa asukasta.<br \/>\nYhteiskunnan elinkeinorakenteen ja liikenneyhteyksien muututtua saari l\u00e4hes autioitui ja j\u00e4i eristykseen muusta kunnasta, kunnes vuonna 2005 Suureen J\u00e4nk\u00e4saloon saatiin lossiyhteys ja s\u00e4hk\u00f6t.<br \/>\nYhteyksien parannuttua toiminta saaressa on j\u00e4lleen vilkastunut ja vakituisten asukkaiden ja kes\u00e4asukkaiden m\u00e4\u00e4r\u00e4 on lis\u00e4\u00e4ntynyt. Rakentamattomista tonteista ja myyt\u00e4vist\u00e4 tiloista on suuri kysynt\u00e4.<\/p>\n<p><a href=\"https:\/\/kylat.ekarjala.fi\/taipalsaarenkylat\/wp-content\/uploads\/sites\/73\/2014\/11\/jankasalo3.jpg\"><img loading=\"lazy\" decoding=\"async\" class=\"size-thumbnail wp-image-15 alignleft\" src=\"https:\/\/kylat.ekarjala.fi\/taipalsaarenkylat\/wp-content\/uploads\/sites\/73\/2014\/11\/jankasalo3-150x150.jpg\" alt=\"jankasalo3\" width=\"150\" height=\"150\" \/><\/a>J\u00e4nk\u00e4salo on lomaparatiisi, jossa on mahdollisuus nauttia luonnon hiljaisuudesta, kuunnella lintujen laulua ja aistia luonnon tuoksuja vailla mit\u00e4\u00e4n kiirett\u00e4.<\/p>\n","protected":false},"excerpt":{"rendered":"<p>J\u00e4nk\u00e4salo on Taipalsaaren kunnan vireimpi\u00e4 saariyhteis\u00f6j\u00e4. J\u00e4nk\u00e4salo sijaitsee Suuren Saimaan reunalla muodostaen portin aavalle Saimaan vesist\u00f6alueelle. Saaren it\u00e4rannalta avautuu laaja Ilkonselk\u00e4 tyynineen ja myrskyineen. J\u00e4nk\u00e4saloon kuuluu kaksi saarta, Suuri ja Pieni J\u00e4nk\u00e4salo. Suuri J\u00e4nk\u00e4salo on Saimaan suurimpia saaria. Sen pinta-ala &hellip; <a href=\"https:\/\/kylat.ekarjala.fi\/taipalsaarenkylat\/jankasalo\/\">Lue loppuun <span class=\"meta-nav\">&rarr;<\/span><\/a><\/p>\n","protected":false},"author":1,"featured_media":0,"parent":0,"menu_order":0,"comment_status":"closed","ping_status":"closed","template":"","meta":{"footnotes":""},"class_list":["post-14","page","type-page","status-publish","hentry"],"_links":{"self":[{"href":"https:\/\/kylat.ekarjala.fi\/taipalsaarenkylat\/wp-json\/wp\/v2\/pages\/14","targetHints":{"allow":["GET"]}}],"collection":[{"href":"https:\/\/kylat.ekarjala.fi\/taipalsaarenkylat\/wp-json\/wp\/v2\/pages"}],"about":[{"href":"https:\/\/kylat.ekarjala.fi\/taipalsaarenkylat\/wp-json\/wp\/v2\/types\/page"}],"author":[{"embeddable":true,"href":"https:\/\/kylat.ekarjala.fi\/taipalsaarenkylat\/wp-json\/wp\/v2\/users\/1"}],"replies":[{"embeddable":true,"href":"https:\/\/kylat.ekarjala.fi\/taipalsaarenkylat\/wp-json\/wp\/v2\/comments?post=14"}],"version-history":[{"count":1,"href":"https:\/\/kylat.ekarjala.fi\/taipalsaarenkylat\/wp-json\/wp\/v2\/pages\/14\/revisions"}],"predecessor-version":[{"id":18,"href":"https:\/\/kylat.ekarjala.fi\/taipalsaarenkylat\/wp-json\/wp\/v2\/pages\/14\/revisions\/18"}],"wp:attachment":[{"href":"https:\/\/kylat.ekarjala.fi\/taipalsaarenkylat\/wp-json\/wp\/v2\/media?parent=14"}],"curies":[{"name":"wp","href":"https:\/\/api.w.org\/{rel}","templated":true}]}}