{"id":2,"date":"2014-11-25T07:21:37","date_gmt":"2014-11-25T07:21:37","guid":{"rendered":"https:\/\/kylat.ekarjala.fi\/taipalsaarenkylat\/?page_id=2"},"modified":"2022-11-02T09:34:17","modified_gmt":"2022-11-02T07:34:17","slug":"esimerkkisivu","status":"publish","type":"page","link":"https:\/\/kylat.ekarjala.fi\/taipalsaarenkylat\/","title":{"rendered":"Taipalsaaren kyl\u00e4t toimivat"},"content":{"rendered":"<p><a href=\"https:\/\/kylat.ekarjala.fi\/taipalsaarenkylat\/wp-content\/uploads\/sites\/73\/2014\/11\/kuva.jpg\"><img loading=\"lazy\" decoding=\"async\" class=\"size-thumbnail wp-image-7 alignright\" src=\"https:\/\/kylat.ekarjala.fi\/taipalsaarenkylat\/wp-content\/uploads\/sites\/73\/2014\/11\/kuva-150x150.jpg\" alt=\"kuva\" width=\"150\" height=\"150\" \/><\/a>Taipalsaaren kyl\u00e4toiminta on aktiivista. 5000 asukkaan kunnassa on 12 toimivaa kyl\u00e4toimikuntaa, joista viisi on rekister\u00f6itynyt yhdistykseksi. Kyliss\u00e4 toimivat aktiivisesti my\u00f6s muut yhdistykset.<\/p>\n<p>Kyl\u00e4toiminnan tarkoituksena on lis\u00e4t\u00e4 kyl\u00e4n elinvoimaisuutta, tarjota kyl\u00e4l\u00e4isille erilaisia palveluita sek\u00e4 ker\u00e4t\u00e4 ja jakaa tietoa. Kyl\u00e4t ovat merkitt\u00e4vi\u00e4 toimijoita ja yhteisen toiminnan j\u00e4rjest\u00e4ji\u00e4. Kunta tukee kyl\u00e4toimintaa varaamalla pienen m\u00e4\u00e4r\u00e4rahan kyl\u00e4toimintaa varten ja tukemalla muutoinkin toimintaa.<\/p>\n<p><strong>Tietoa asukkaille, kes\u00e4asukkaille ja matkailijoille<\/strong><\/p>\n<p><a href=\"https:\/\/kylat.ekarjala.fi\/taipalsaarenkylat\/wp-content\/uploads\/sites\/73\/2014\/11\/kuva2.jpg\"><img loading=\"lazy\" decoding=\"async\" class=\"size-full wp-image-6 alignright\" src=\"https:\/\/kylat.ekarjala.fi\/taipalsaarenkylat\/wp-content\/uploads\/sites\/73\/2014\/11\/kuva2.jpg\" alt=\"kuva2\" width=\"112\" height=\"150\" \/><\/a>Runsaat vesist\u00f6t ja niiden v\u00e4liset saaret ovat ominaisia Taipalsaaren kylille. Maastonmuodot vaihtelevat, mutta monissa kyliss\u00e4 tyypillisin on kuiva, helppokulkuinen m\u00e4ntykangas.<\/p>\n<p>Taipalsaaren taajamat ovat Saimaanharju &#8211; Konstu, jossa asuu noin 2000 asukasta sek\u00e4 Kirkonkyl\u00e4, jossa on n. 800 asukasta. Kes\u00e4isin kunnan v\u00e4kiluku voi kaksinkertaistua, sill\u00e4 rantaviivaa Taipalsaarella on reilut 1000 km ja kes\u00e4m\u00f6kkej\u00e4 noin 3400 kappaletta.<\/p>\n<p>N\u00e4m\u00e4 kyl\u00e4sivut antavat tietoa kylist\u00e4 niin kuntalaisille, kes\u00e4asukkaille kuin matkailijoillekin. Lis\u00e4tietoja saa kunnan omilta sivuilta.<\/p>\n","protected":false},"excerpt":{"rendered":"<p>Taipalsaaren kyl\u00e4toiminta on aktiivista. 5000 asukkaan kunnassa on 12 toimivaa kyl\u00e4toimikuntaa, joista viisi on rekister\u00f6itynyt yhdistykseksi. Kyliss\u00e4 toimivat aktiivisesti my\u00f6s muut yhdistykset. Kyl\u00e4toiminnan tarkoituksena on lis\u00e4t\u00e4 kyl\u00e4n elinvoimaisuutta, tarjota kyl\u00e4l\u00e4isille erilaisia palveluita sek\u00e4 ker\u00e4t\u00e4 ja jakaa tietoa. Kyl\u00e4t ovat merkitt\u00e4vi\u00e4 &hellip; <a href=\"https:\/\/kylat.ekarjala.fi\/taipalsaarenkylat\/\">Lue loppuun <span class=\"meta-nav\">&rarr;<\/span><\/a><\/p>\n","protected":false},"author":144,"featured_media":0,"parent":0,"menu_order":0,"comment_status":"closed","ping_status":"closed","template":"","meta":{"footnotes":""},"class_list":["post-2","page","type-page","status-publish","hentry"],"_links":{"self":[{"href":"https:\/\/kylat.ekarjala.fi\/taipalsaarenkylat\/wp-json\/wp\/v2\/pages\/2","targetHints":{"allow":["GET"]}}],"collection":[{"href":"https:\/\/kylat.ekarjala.fi\/taipalsaarenkylat\/wp-json\/wp\/v2\/pages"}],"about":[{"href":"https:\/\/kylat.ekarjala.fi\/taipalsaarenkylat\/wp-json\/wp\/v2\/types\/page"}],"author":[{"embeddable":true,"href":"https:\/\/kylat.ekarjala.fi\/taipalsaarenkylat\/wp-json\/wp\/v2\/users\/144"}],"replies":[{"embeddable":true,"href":"https:\/\/kylat.ekarjala.fi\/taipalsaarenkylat\/wp-json\/wp\/v2\/comments?post=2"}],"version-history":[{"count":3,"href":"https:\/\/kylat.ekarjala.fi\/taipalsaarenkylat\/wp-json\/wp\/v2\/pages\/2\/revisions"}],"predecessor-version":[{"id":59,"href":"https:\/\/kylat.ekarjala.fi\/taipalsaarenkylat\/wp-json\/wp\/v2\/pages\/2\/revisions\/59"}],"wp:attachment":[{"href":"https:\/\/kylat.ekarjala.fi\/taipalsaarenkylat\/wp-json\/wp\/v2\/media?parent=2"}],"curies":[{"name":"wp","href":"https:\/\/api.w.org\/{rel}","templated":true}]}}