{"id":22,"date":"2014-11-25T09:55:52","date_gmt":"2014-11-25T07:55:52","guid":{"rendered":"https:\/\/kylat.ekarjala.fi\/taipalsaarenkylat\/?page_id=22"},"modified":"2014-11-25T09:55:52","modified_gmt":"2014-11-25T07:55:52","slug":"kuivaketvele","status":"publish","type":"page","link":"https:\/\/kylat.ekarjala.fi\/taipalsaarenkylat\/kuivaketvele\/","title":{"rendered":"Kuivaketvele"},"content":{"rendered":"<p>Kuivaketveleen saari sijaitsee Lappeenrannasta Taipalsaarelle kulkevan tien varressa. Lappeenrantaan matkaa on 8,5 km ja Taipalsaaren kirkolle 6,5 km. L\u00e4himm\u00e4t palvelut, kauppa, koulu, kirjasto ja p\u00e4iv\u00e4hoito, sijaitsevat Saimaanharjulla 2 km p\u00e4\u00e4ss\u00e4.<\/p>\n<p>Pien-Saimaan ymp\u00e4r\u00f6im\u00e4ll\u00e4 saarella vesist\u00f6 on aina l\u00e4hell\u00e4. Vene- ja laivalaituri on suojaisa ja iso hiekkaranta suosittu uimapaikka.<\/p>\n<p><img loading=\"lazy\" decoding=\"async\" class=\"size-full wp-image-23 alignright\" src=\"https:\/\/kylat.ekarjala.fi\/taipalsaarenkylat\/wp-content\/uploads\/sites\/73\/2014\/11\/kuivaketvele.jpg\" alt=\"kuivaketvele\" width=\"112\" height=\"150\" \/>Mets\u00e4isen ja m\u00e4kisen saaren n\u00e4ht\u00e4vyys on linnavuori, joka kohoaa yli 40 m Saimaan pinnan yl\u00e4puolelle. Rautakautista puolustusrakennelmaa on ollut aikanaan helppo puolustaa, sill\u00e4 kallion rinteet ovat yht\u00e4 rinnett\u00e4 lukuun ottamatta eritt\u00e4in jyrkki\u00e4. Nykyisin vuoren laelle johtavat portaat.<\/p>\n<p>300 asukkaan kyl\u00e4ss\u00e4 on muutaman rivitalon lis\u00e4ksi omakotitaloja sek\u00e4 kes\u00e4asutusta. Kyl\u00e4toimikunta j\u00e4rjest\u00e4\u00e4 mm. kes\u00e4tapahtuman ja pilkkikilpailuita.<\/p>\n","protected":false},"excerpt":{"rendered":"<p>Kuivaketveleen saari sijaitsee Lappeenrannasta Taipalsaarelle kulkevan tien varressa. Lappeenrantaan matkaa on 8,5 km ja Taipalsaaren kirkolle 6,5 km. L\u00e4himm\u00e4t palvelut, kauppa, koulu, kirjasto ja p\u00e4iv\u00e4hoito, sijaitsevat Saimaanharjulla 2 km p\u00e4\u00e4ss\u00e4. Pien-Saimaan ymp\u00e4r\u00f6im\u00e4ll\u00e4 saarella vesist\u00f6 on aina l\u00e4hell\u00e4. Vene- ja laivalaituri &hellip; <a href=\"https:\/\/kylat.ekarjala.fi\/taipalsaarenkylat\/kuivaketvele\/\">Lue loppuun <span class=\"meta-nav\">&rarr;<\/span><\/a><\/p>\n","protected":false},"author":1,"featured_media":0,"parent":0,"menu_order":0,"comment_status":"closed","ping_status":"closed","template":"","meta":{"footnotes":""},"class_list":["post-22","page","type-page","status-publish","hentry"],"_links":{"self":[{"href":"https:\/\/kylat.ekarjala.fi\/taipalsaarenkylat\/wp-json\/wp\/v2\/pages\/22","targetHints":{"allow":["GET"]}}],"collection":[{"href":"https:\/\/kylat.ekarjala.fi\/taipalsaarenkylat\/wp-json\/wp\/v2\/pages"}],"about":[{"href":"https:\/\/kylat.ekarjala.fi\/taipalsaarenkylat\/wp-json\/wp\/v2\/types\/page"}],"author":[{"embeddable":true,"href":"https:\/\/kylat.ekarjala.fi\/taipalsaarenkylat\/wp-json\/wp\/v2\/users\/1"}],"replies":[{"embeddable":true,"href":"https:\/\/kylat.ekarjala.fi\/taipalsaarenkylat\/wp-json\/wp\/v2\/comments?post=22"}],"version-history":[{"count":1,"href":"https:\/\/kylat.ekarjala.fi\/taipalsaarenkylat\/wp-json\/wp\/v2\/pages\/22\/revisions"}],"predecessor-version":[{"id":24,"href":"https:\/\/kylat.ekarjala.fi\/taipalsaarenkylat\/wp-json\/wp\/v2\/pages\/22\/revisions\/24"}],"wp:attachment":[{"href":"https:\/\/kylat.ekarjala.fi\/taipalsaarenkylat\/wp-json\/wp\/v2\/media?parent=22"}],"curies":[{"name":"wp","href":"https:\/\/api.w.org\/{rel}","templated":true}]}}