{"id":31,"date":"2014-11-25T09:59:04","date_gmt":"2014-11-25T07:59:04","guid":{"rendered":"https:\/\/kylat.ekarjala.fi\/taipalsaarenkylat\/?page_id=31"},"modified":"2014-11-25T09:59:04","modified_gmt":"2014-11-25T07:59:04","slug":"rehulan-seutu","status":"publish","type":"page","link":"https:\/\/kylat.ekarjala.fi\/taipalsaarenkylat\/rehulan-seutu\/","title":{"rendered":"Rehulan seutu"},"content":{"rendered":"<p><a href=\"https:\/\/kylat.ekarjala.fi\/taipalsaarenkylat\/wp-content\/uploads\/sites\/73\/2014\/11\/rehula.jpg\"><img loading=\"lazy\" decoding=\"async\" class=\"size-thumbnail wp-image-32 alignright\" src=\"https:\/\/kylat.ekarjala.fi\/taipalsaarenkylat\/wp-content\/uploads\/sites\/73\/2014\/11\/rehula-150x120.jpg\" alt=\"rehula\" width=\"150\" height=\"120\" \/><\/a>Rehulan talousalue sijaitsee Pien- ja Suur- Saimaan v\u00e4liss\u00e4, vesist\u00f6jen syleilyss\u00e4. Asukkaita kyl\u00e4ss\u00e4 on noin 400.<\/p>\n<p>Monilukuiset saaret ja vesist\u00f6jen runsaus ovat houkutelleet aluelle paljon vapaa-ajan asukkaita. Talousalueeseen kuuluvat Ahokkalan, Kuhalan, Rehulan, Pakkalan ja Saikkolan kyl\u00e4t. Suurin osa asukkaista ty\u00f6skentelee 20 km:n p\u00e4\u00e4ss\u00e4 Lappeenrannassa tai 10 km:n p\u00e4\u00e4ss\u00e4 Taipalsaaren kirkolla ja Saimaanharjulla.<\/p>\n<p>Maanviljelyksen ja pienyritystoiminnan lis\u00e4ksi Saimaan rannoilla on useita matkailuyrityksi\u00e4. Ne tarjoavat majoituspalveluita ja monipuolisia vapaa-ajan viettomahdollisuuksia, mm. kalastusretki\u00e4 Saimaalle.<\/p>\n<p><a href=\"https:\/\/kylat.ekarjala.fi\/taipalsaarenkylat\/wp-content\/uploads\/sites\/73\/2014\/11\/rehula2.jpg\"><img loading=\"lazy\" decoding=\"async\" class=\"size-thumbnail wp-image-33 alignright\" src=\"https:\/\/kylat.ekarjala.fi\/taipalsaarenkylat\/wp-content\/uploads\/sites\/73\/2014\/11\/rehula2-150x120.jpg\" alt=\"rehula2\" width=\"150\" height=\"120\" \/><\/a>Runsaiden vesist\u00f6jen johdosta suosituimpia harrastuksia ovat kalastus, veneily ja muu vesill\u00e4 ja j\u00e4\u00e4ll\u00e4 tapahtuva toiminta. Harjulan urheiluhallissa voi pelata sulkapalloa, biljardia ja joukkuepelej\u00e4. Lapsille j\u00e4rjestet\u00e4\u00e4n mm. urheilukoulua, jalkapalloa ja kaukalopalloa. Ymp\u00e4r\u00f6iv\u00e4ss\u00e4 luonnossa on loistavat mahdollisuudet sienestykseen ja marjastukseen. Upeat harjut houkuttelevat my\u00f6s retkeilem\u00e4\u00e4n.<\/p>\n<p>Martat ja kyl\u00e4yhdistys toimivat aktiivisesti ja j\u00e4rjest\u00e4v\u00e4t mm. kes\u00e4toreja ja erilaisia tapahtumia.<\/p>\n","protected":false},"excerpt":{"rendered":"<p>Rehulan talousalue sijaitsee Pien- ja Suur- Saimaan v\u00e4liss\u00e4, vesist\u00f6jen syleilyss\u00e4. Asukkaita kyl\u00e4ss\u00e4 on noin 400. Monilukuiset saaret ja vesist\u00f6jen runsaus ovat houkutelleet aluelle paljon vapaa-ajan asukkaita. Talousalueeseen kuuluvat Ahokkalan, Kuhalan, Rehulan, Pakkalan ja Saikkolan kyl\u00e4t. Suurin osa asukkaista ty\u00f6skentelee 20 &hellip; <a href=\"https:\/\/kylat.ekarjala.fi\/taipalsaarenkylat\/rehulan-seutu\/\">Lue loppuun <span class=\"meta-nav\">&rarr;<\/span><\/a><\/p>\n","protected":false},"author":1,"featured_media":0,"parent":0,"menu_order":0,"comment_status":"closed","ping_status":"closed","template":"","meta":{"footnotes":""},"class_list":["post-31","page","type-page","status-publish","hentry"],"_links":{"self":[{"href":"https:\/\/kylat.ekarjala.fi\/taipalsaarenkylat\/wp-json\/wp\/v2\/pages\/31","targetHints":{"allow":["GET"]}}],"collection":[{"href":"https:\/\/kylat.ekarjala.fi\/taipalsaarenkylat\/wp-json\/wp\/v2\/pages"}],"about":[{"href":"https:\/\/kylat.ekarjala.fi\/taipalsaarenkylat\/wp-json\/wp\/v2\/types\/page"}],"author":[{"embeddable":true,"href":"https:\/\/kylat.ekarjala.fi\/taipalsaarenkylat\/wp-json\/wp\/v2\/users\/1"}],"replies":[{"embeddable":true,"href":"https:\/\/kylat.ekarjala.fi\/taipalsaarenkylat\/wp-json\/wp\/v2\/comments?post=31"}],"version-history":[{"count":1,"href":"https:\/\/kylat.ekarjala.fi\/taipalsaarenkylat\/wp-json\/wp\/v2\/pages\/31\/revisions"}],"predecessor-version":[{"id":34,"href":"https:\/\/kylat.ekarjala.fi\/taipalsaarenkylat\/wp-json\/wp\/v2\/pages\/31\/revisions\/34"}],"wp:attachment":[{"href":"https:\/\/kylat.ekarjala.fi\/taipalsaarenkylat\/wp-json\/wp\/v2\/media?parent=31"}],"curies":[{"name":"wp","href":"https:\/\/api.w.org\/{rel}","templated":true}]}}