{"id":39,"date":"2014-11-25T10:01:53","date_gmt":"2014-11-25T08:01:53","guid":{"rendered":"https:\/\/kylat.ekarjala.fi\/taipalsaarenkylat\/?page_id=39"},"modified":"2014-11-25T10:01:53","modified_gmt":"2014-11-25T08:01:53","slug":"vehkataipale","status":"publish","type":"page","link":"https:\/\/kylat.ekarjala.fi\/taipalsaarenkylat\/solkei\/vehkataipale\/","title":{"rendered":"Vehkataipale"},"content":{"rendered":"<p><img loading=\"lazy\" decoding=\"async\" class=\"size-thumbnail wp-image-42 alignright\" src=\"https:\/\/kylat.ekarjala.fi\/taipalsaarenkylat\/wp-content\/uploads\/sites\/73\/2014\/11\/vehkataipale-150x150.jpg\" alt=\"vehkataipale\" width=\"150\" height=\"150\" \/>Suur-Saimaan upea luonto, kaupungin palvelujen l\u00e4heisyys ja hyv\u00e4 kyl\u00e4henki saavat asukkaat viihtym\u00e4\u00e4n Vehkataipaleella. Vajaan 500 asukkaan kyl\u00e4n maamerkkej\u00e4 ovat ennen talvisotaa rakennetut kanava ja pumppuasema. Kanava yhdist\u00e4\u00e4 Pien- ja Suur-Saimaan.<\/p>\n<p>Lasten kasvuymp\u00e4rist\u00f6 on turvallinen ja virikkeellinen. Kyl\u00e4ss\u00e4 on ryhm\u00e4perhep\u00e4iv\u00e4koti ja 40 oppilaan kyl\u00e4koulu, jonka tulevaisuus on turvattu. Koulun yhteydess\u00e4 on kirjasto.<\/p>\n<p><a href=\"https:\/\/kylat.ekarjala.fi\/taipalsaarenkylat\/wp-content\/uploads\/sites\/73\/2014\/11\/vehkataipale2.jpg\"><img loading=\"lazy\" decoding=\"async\" class=\"size-thumbnail wp-image-41 alignright\" src=\"https:\/\/kylat.ekarjala.fi\/taipalsaarenkylat\/wp-content\/uploads\/sites\/73\/2014\/11\/vehkataipale2-150x150.jpg\" alt=\"vehkataipale2\" width=\"150\" height=\"150\" \/><\/a>Vehkataipaleen vire\u00e4\u00e4n alueeseen kuuluvat Niemisen, M\u00e4rk\u00e4l\u00e4n, Viskarilan, Kattelussaaren, Kuikkalan, Kirvesniemen, Ampujalan ja Paarmalan kyl\u00e4t. Alueelle rakennetaan jatkuvasti lis\u00e4\u00e4 omakotitaloja. Saimaan rannoilla on lis\u00e4ksi eritt\u00e4in paljon vapaa-ajan asutusta. Lomakausina kyl\u00e4n v\u00e4kiluvun arvellaan viisinkertaistuvan.<\/p>\n<p>Vehkataipale sijaitsee Taipalsaaren it\u00e4osassa, 14 km:n p\u00e4\u00e4ss\u00e4 kirkonkyl\u00e4st\u00e4. L\u00e4himm\u00e4t palvelut l\u00f6ytyv\u00e4t Lauritsalasta (11 km). Suurin osa asukkaista k\u00e4y ty\u00f6ss\u00e4 Lappeenrannassa, jonne on matkaa 16 km. Maataloutta harjoitetaan en\u00e4\u00e4 muutamalla tilalla. Maatalouden on korvannut muu maaseudun pienyritt\u00e4jyys, kuten saha-, rakennus-, koneurakointi- ja matkailutoiminta. Kyl\u00e4ll\u00e4 k\u00e4y kauppa-auto.<\/p>\n<p><a href=\"https:\/\/kylat.ekarjala.fi\/taipalsaarenkylat\/wp-content\/uploads\/sites\/73\/2014\/11\/vehkataipal3.jpg\"><img loading=\"lazy\" decoding=\"async\" class=\"size-thumbnail wp-image-40 alignright\" src=\"https:\/\/kylat.ekarjala.fi\/taipalsaarenkylat\/wp-content\/uploads\/sites\/73\/2014\/11\/vehkataipal3-150x150.jpg\" alt=\"vehkataipal3\" width=\"150\" height=\"150\" \/><\/a>Saimaan l\u00e4heisyys tarjoaa asukkaille loistavat veneily- ja kalastusmahdollisuudet. Helppokulkuisilla m\u00e4ntykankailla on erinomaiset mahdollisuudet ulkoiluun, marjastukseen ja sienestykseen. Kyl\u00e4keskuksessa on j\u00e4\u00e4kiekkokaukalo ja 1,5 kilometrin valaistu kuntorata. Hiihtoladut verkottuvat Vehkataipaleen koululta Pakkalan, Rehulan ja Niemisen kyliin. Etel\u00e4-Karjalan virkistysalues\u00e4\u00e4ti\u00f6n P\u00e4ih\u00e4nniemen virkistysalueella on hieno hiekkaranta ja grillikatos.<\/p>\n<p>Yhteist\u00e4 toimintaa j\u00e4rjest\u00e4v\u00e4t kyl\u00e4yhdistys, martat, mets\u00e4stysseura, kalastuskunnat ja n\u00e4ytelm\u00e4piiri. Urheilullisemmasta toiminnasta vastaavat Taipalsaaren Veikkojen kyl\u00e4osasto ja Kattelussaaren Dynamon j\u00e4\u00e4kiekkoilijat ja jalkapalloilijat. Kyl\u00e4yhdistys j\u00e4rjest\u00e4\u00e4 vuosittain mm. juhannusjuhlat ja uudenvuoden vastaanottajaiset.<\/p>\n","protected":false},"excerpt":{"rendered":"<p>Suur-Saimaan upea luonto, kaupungin palvelujen l\u00e4heisyys ja hyv\u00e4 kyl\u00e4henki saavat asukkaat viihtym\u00e4\u00e4n Vehkataipaleella. Vajaan 500 asukkaan kyl\u00e4n maamerkkej\u00e4 ovat ennen talvisotaa rakennetut kanava ja pumppuasema. Kanava yhdist\u00e4\u00e4 Pien- ja Suur-Saimaan. Lasten kasvuymp\u00e4rist\u00f6 on turvallinen ja virikkeellinen. Kyl\u00e4ss\u00e4 on ryhm\u00e4perhep\u00e4iv\u00e4koti ja &hellip; <a href=\"https:\/\/kylat.ekarjala.fi\/taipalsaarenkylat\/solkei\/vehkataipale\/\">Lue loppuun <span class=\"meta-nav\">&rarr;<\/span><\/a><\/p>\n","protected":false},"author":1,"featured_media":0,"parent":35,"menu_order":0,"comment_status":"closed","ping_status":"closed","template":"","meta":{"footnotes":""},"class_list":["post-39","page","type-page","status-publish","hentry"],"_links":{"self":[{"href":"https:\/\/kylat.ekarjala.fi\/taipalsaarenkylat\/wp-json\/wp\/v2\/pages\/39","targetHints":{"allow":["GET"]}}],"collection":[{"href":"https:\/\/kylat.ekarjala.fi\/taipalsaarenkylat\/wp-json\/wp\/v2\/pages"}],"about":[{"href":"https:\/\/kylat.ekarjala.fi\/taipalsaarenkylat\/wp-json\/wp\/v2\/types\/page"}],"author":[{"embeddable":true,"href":"https:\/\/kylat.ekarjala.fi\/taipalsaarenkylat\/wp-json\/wp\/v2\/users\/1"}],"replies":[{"embeddable":true,"href":"https:\/\/kylat.ekarjala.fi\/taipalsaarenkylat\/wp-json\/wp\/v2\/comments?post=39"}],"version-history":[{"count":1,"href":"https:\/\/kylat.ekarjala.fi\/taipalsaarenkylat\/wp-json\/wp\/v2\/pages\/39\/revisions"}],"predecessor-version":[{"id":43,"href":"https:\/\/kylat.ekarjala.fi\/taipalsaarenkylat\/wp-json\/wp\/v2\/pages\/39\/revisions\/43"}],"up":[{"embeddable":true,"href":"https:\/\/kylat.ekarjala.fi\/taipalsaarenkylat\/wp-json\/wp\/v2\/pages\/35"}],"wp:attachment":[{"href":"https:\/\/kylat.ekarjala.fi\/taipalsaarenkylat\/wp-json\/wp\/v2\/media?parent=39"}],"curies":[{"name":"wp","href":"https:\/\/api.w.org\/{rel}","templated":true}]}}