{"id":26,"date":"2011-11-10T10:00:08","date_gmt":"2011-11-10T10:00:08","guid":{"rendered":"https:\/\/kylat.ekarjala.fi\/tapavainola\/?page_id=26"},"modified":"2023-03-14T12:18:13","modified_gmt":"2023-03-14T12:18:13","slug":"etusivu","status":"publish","type":"page","link":"https:\/\/kylat.ekarjala.fi\/tapavainola\/","title":{"rendered":"Etusivu"},"content":{"rendered":"<p>KYL\u00c4KUNTA TAAJAMAN TUNTUMASSA<\/p>\n<p>Tapavainolan ja l\u00e4hikyl\u00e4t sijaitsevat valtatie 6 tuntumassa Lappeenrannan l\u00e4nsialueella. Maaseutumaisena s\u00e4ilyneet kyl\u00e4t, Lavola, Montola, Oikkola, Tapavainola ja Yllikk\u00e4l\u00e4, ovat muuttuneet liikennej\u00e4rjestelyjen, kaavoituksen ja uusien asukkaiden my\u00f6t\u00e4. Muutos on mahdollisuus ja samalla haaste my\u00f6s kyl\u00e4yhdistykselle ja kyl\u00e4toimijoille.<\/p>\n<p>Tervetuloa!<\/p>\n<p>Palvelun tarjoaa<br \/>\n<a href=\"http:\/\/www.ekarjala.fi\"><img decoding=\"async\" class=\"alignnone size-full wp-image-27\" src=\"https:\/\/kylat.ekarjala.fi\/tapavainola\/wp-content\/uploads\/sites\/29\/2011\/11\/ekarjala.fi-kehystetty.gif\" alt=\"\" width=\"165\" height=\"80\" \/><\/a><\/p>\n","protected":false},"excerpt":{"rendered":"<p>KYL\u00c4KUNTA TAAJAMAN TUNTUMASSA Tapavainolan ja l\u00e4hikyl\u00e4t sijaitsevat valtatie 6 tuntumassa Lappeenrannan l\u00e4nsialueella. Maaseutumaisena s\u00e4ilyneet kyl\u00e4t, Lavola, Montola, Oikkola, Tapavainola ja Yllikk\u00e4l\u00e4, ovat muuttuneet liikennej\u00e4rjestelyjen, kaavoituksen ja uusien asukkaiden my\u00f6t\u00e4. Muutos on mahdollisuus ja samalla haaste my\u00f6s kyl\u00e4yhdistykselle ja kyl\u00e4toimijoille. Tervetuloa! &hellip; <a href=\"https:\/\/kylat.ekarjala.fi\/tapavainola\/\">Lue loppuun <span class=\"meta-nav\">&rarr;<\/span><\/a><\/p>\n","protected":false},"author":55,"featured_media":0,"parent":0,"menu_order":0,"comment_status":"closed","ping_status":"open","template":"","meta":{"footnotes":""},"class_list":["post-26","page","type-page","status-publish","hentry"],"_links":{"self":[{"href":"https:\/\/kylat.ekarjala.fi\/tapavainola\/wp-json\/wp\/v2\/pages\/26","targetHints":{"allow":["GET"]}}],"collection":[{"href":"https:\/\/kylat.ekarjala.fi\/tapavainola\/wp-json\/wp\/v2\/pages"}],"about":[{"href":"https:\/\/kylat.ekarjala.fi\/tapavainola\/wp-json\/wp\/v2\/types\/page"}],"author":[{"embeddable":true,"href":"https:\/\/kylat.ekarjala.fi\/tapavainola\/wp-json\/wp\/v2\/users\/55"}],"replies":[{"embeddable":true,"href":"https:\/\/kylat.ekarjala.fi\/tapavainola\/wp-json\/wp\/v2\/comments?post=26"}],"version-history":[{"count":3,"href":"https:\/\/kylat.ekarjala.fi\/tapavainola\/wp-json\/wp\/v2\/pages\/26\/revisions"}],"predecessor-version":[{"id":277,"href":"https:\/\/kylat.ekarjala.fi\/tapavainola\/wp-json\/wp\/v2\/pages\/26\/revisions\/277"}],"wp:attachment":[{"href":"https:\/\/kylat.ekarjala.fi\/tapavainola\/wp-json\/wp\/v2\/media?parent=26"}],"curies":[{"name":"wp","href":"https:\/\/api.w.org\/{rel}","templated":true}]}}