{"id":29,"date":"2011-11-10T10:01:24","date_gmt":"2011-11-10T10:01:24","guid":{"rendered":"https:\/\/kylat.ekarjala.fi\/tapavainola\/?page_id=29"},"modified":"2011-11-10T10:01:24","modified_gmt":"2011-11-10T10:01:24","slug":"kylat","status":"publish","type":"page","link":"https:\/\/kylat.ekarjala.fi\/tapavainola\/kylat\/","title":{"rendered":"Kyl\u00e4t"},"content":{"rendered":"<p>T\u00e4\u00e4lt\u00e4 l\u00f6yd\u00e4t tietoa Tapavainolan kylist\u00e4<\/p>\n<p>&nbsp;<\/p>\n","protected":false},"excerpt":{"rendered":"<p>T\u00e4\u00e4lt\u00e4 l\u00f6yd\u00e4t tietoa Tapavainolan kylist\u00e4 &nbsp;<\/p>\n","protected":false},"author":55,"featured_media":0,"parent":0,"menu_order":0,"comment_status":"closed","ping_status":"open","template":"","meta":{"footnotes":""},"class_list":["post-29","page","type-page","status-publish","hentry"],"_links":{"self":[{"href":"https:\/\/kylat.ekarjala.fi\/tapavainola\/wp-json\/wp\/v2\/pages\/29","targetHints":{"allow":["GET"]}}],"collection":[{"href":"https:\/\/kylat.ekarjala.fi\/tapavainola\/wp-json\/wp\/v2\/pages"}],"about":[{"href":"https:\/\/kylat.ekarjala.fi\/tapavainola\/wp-json\/wp\/v2\/types\/page"}],"author":[{"embeddable":true,"href":"https:\/\/kylat.ekarjala.fi\/tapavainola\/wp-json\/wp\/v2\/users\/55"}],"replies":[{"embeddable":true,"href":"https:\/\/kylat.ekarjala.fi\/tapavainola\/wp-json\/wp\/v2\/comments?post=29"}],"version-history":[{"count":1,"href":"https:\/\/kylat.ekarjala.fi\/tapavainola\/wp-json\/wp\/v2\/pages\/29\/revisions"}],"predecessor-version":[{"id":30,"href":"https:\/\/kylat.ekarjala.fi\/tapavainola\/wp-json\/wp\/v2\/pages\/29\/revisions\/30"}],"wp:attachment":[{"href":"https:\/\/kylat.ekarjala.fi\/tapavainola\/wp-json\/wp\/v2\/media?parent=29"}],"curies":[{"name":"wp","href":"https:\/\/api.w.org\/{rel}","templated":true}]}}