{"id":37,"date":"2011-11-10T10:05:22","date_gmt":"2011-11-10T10:05:22","guid":{"rendered":"https:\/\/kylat.ekarjala.fi\/tapavainola\/?page_id=37"},"modified":"2023-03-14T12:21:54","modified_gmt":"2023-03-14T12:21:54","slug":"montola","status":"publish","type":"page","link":"https:\/\/kylat.ekarjala.fi\/tapavainola\/kylat\/montola\/","title":{"rendered":"Montola"},"content":{"rendered":"<p>Montolan kyl\u00e4 on aikaisemmin el\u00e4nyt perunasta ja vihanneksista. \u00a0Nyt tuotanto on hiipunut ja pellot tuottavat p\u00e4\u00e4osin viljaa. My\u00f6s karjatalous on kyl\u00e4lt\u00e4 loppunut.<\/p>\n<p>Montolan kyl\u00e4n ilme on muuttumassa. Uusia omakotitaloja rakennetaan l\u00e4hes vuosittain ja tiehankkeet parantavat liikkumista.<br \/>\nP\u00e4\u00e4asiallinen toimeentulo saadaan palkkaty\u00f6st\u00e4 tai nautimalla hyvin ansaituista el\u00e4kep\u00e4ivist\u00e4.<\/p>\n<p>Kyl\u00e4n nimi esiintyy Montolan Puhallinorkesterin ja Montolan nuorisoseuran nimess\u00e4.<\/p>\n","protected":false},"excerpt":{"rendered":"<p>Montolan kyl\u00e4 on aikaisemmin el\u00e4nyt perunasta ja vihanneksista. \u00a0Nyt tuotanto on hiipunut ja pellot tuottavat p\u00e4\u00e4osin viljaa. My\u00f6s karjatalous on kyl\u00e4lt\u00e4 loppunut. Montolan kyl\u00e4n ilme on muuttumassa. Uusia omakotitaloja rakennetaan l\u00e4hes vuosittain ja tiehankkeet parantavat liikkumista. P\u00e4\u00e4asiallinen toimeentulo saadaan palkkaty\u00f6st\u00e4 &hellip; <a href=\"https:\/\/kylat.ekarjala.fi\/tapavainola\/kylat\/montola\/\">Lue loppuun <span class=\"meta-nav\">&rarr;<\/span><\/a><\/p>\n","protected":false},"author":55,"featured_media":0,"parent":29,"menu_order":0,"comment_status":"closed","ping_status":"open","template":"","meta":{"footnotes":""},"class_list":["post-37","page","type-page","status-publish","hentry"],"_links":{"self":[{"href":"https:\/\/kylat.ekarjala.fi\/tapavainola\/wp-json\/wp\/v2\/pages\/37","targetHints":{"allow":["GET"]}}],"collection":[{"href":"https:\/\/kylat.ekarjala.fi\/tapavainola\/wp-json\/wp\/v2\/pages"}],"about":[{"href":"https:\/\/kylat.ekarjala.fi\/tapavainola\/wp-json\/wp\/v2\/types\/page"}],"author":[{"embeddable":true,"href":"https:\/\/kylat.ekarjala.fi\/tapavainola\/wp-json\/wp\/v2\/users\/55"}],"replies":[{"embeddable":true,"href":"https:\/\/kylat.ekarjala.fi\/tapavainola\/wp-json\/wp\/v2\/comments?post=37"}],"version-history":[{"count":5,"href":"https:\/\/kylat.ekarjala.fi\/tapavainola\/wp-json\/wp\/v2\/pages\/37\/revisions"}],"predecessor-version":[{"id":280,"href":"https:\/\/kylat.ekarjala.fi\/tapavainola\/wp-json\/wp\/v2\/pages\/37\/revisions\/280"}],"up":[{"embeddable":true,"href":"https:\/\/kylat.ekarjala.fi\/tapavainola\/wp-json\/wp\/v2\/pages\/29"}],"wp:attachment":[{"href":"https:\/\/kylat.ekarjala.fi\/tapavainola\/wp-json\/wp\/v2\/media?parent=37"}],"curies":[{"name":"wp","href":"https:\/\/api.w.org\/{rel}","templated":true}]}}