{"id":41,"date":"2011-11-10T10:06:54","date_gmt":"2011-11-10T10:06:54","guid":{"rendered":"https:\/\/kylat.ekarjala.fi\/tapavainola\/?page_id=41"},"modified":"2016-03-01T08:28:49","modified_gmt":"2016-03-01T08:28:49","slug":"oikkola","status":"publish","type":"page","link":"https:\/\/kylat.ekarjala.fi\/tapavainola\/kylat\/oikkola\/","title":{"rendered":"Oikkola"},"content":{"rendered":"<p>Oikkolan kyl\u00e4 sijaitsee Tapavainolan ja Yllikk\u00e4l\u00e4n v\u00e4limaastossa. Harva edes tiet\u00e4\u00e4 t\u00e4st\u00e4 muutaman talon kyl\u00e4st\u00e4.<\/p>\n<p>Jos kyl\u00e4st\u00e4 haluaa jotain mainita, tulee ensinn\u00e4 mieleen hevoset ja hevosurheilu. Valitettavasti hevostalous on kyl\u00e4ll\u00e4 toistaiseksi loppunut.<\/p>\n<div id=\"attachment_42\" style=\"width: 275px\" class=\"wp-caption alignnone\"><a href=\"https:\/\/kylat.ekarjala.fi\/tapavainola\/wp-content\/uploads\/sites\/29\/2011\/11\/oikkola.jpg\"><img fetchpriority=\"high\" decoding=\"async\" aria-describedby=\"caption-attachment-42\" class=\"size-full wp-image-42 \" src=\"https:\/\/kylat.ekarjala.fi\/tapavainola\/wp-content\/uploads\/sites\/29\/2011\/11\/oikkola.jpg\" alt=\"\" width=\"265\" height=\"199\" \/><\/a><p id=\"caption-attachment-42\" class=\"wp-caption-text\">Oikkolan kyl\u00e4n hevosia talvitarhassa &#8211; joskus ennen !<\/p><\/div>\n","protected":false},"excerpt":{"rendered":"<p>Oikkolan kyl\u00e4 sijaitsee Tapavainolan ja Yllikk\u00e4l\u00e4n v\u00e4limaastossa. Harva edes tiet\u00e4\u00e4 t\u00e4st\u00e4 muutaman talon kyl\u00e4st\u00e4. Jos kyl\u00e4st\u00e4 haluaa jotain mainita, tulee ensinn\u00e4 mieleen hevoset ja hevosurheilu. Valitettavasti hevostalous on kyl\u00e4ll\u00e4 toistaiseksi loppunut.<\/p>\n","protected":false},"author":55,"featured_media":0,"parent":29,"menu_order":0,"comment_status":"closed","ping_status":"open","template":"","meta":{"footnotes":""},"class_list":["post-41","page","type-page","status-publish","hentry"],"_links":{"self":[{"href":"https:\/\/kylat.ekarjala.fi\/tapavainola\/wp-json\/wp\/v2\/pages\/41","targetHints":{"allow":["GET"]}}],"collection":[{"href":"https:\/\/kylat.ekarjala.fi\/tapavainola\/wp-json\/wp\/v2\/pages"}],"about":[{"href":"https:\/\/kylat.ekarjala.fi\/tapavainola\/wp-json\/wp\/v2\/types\/page"}],"author":[{"embeddable":true,"href":"https:\/\/kylat.ekarjala.fi\/tapavainola\/wp-json\/wp\/v2\/users\/55"}],"replies":[{"embeddable":true,"href":"https:\/\/kylat.ekarjala.fi\/tapavainola\/wp-json\/wp\/v2\/comments?post=41"}],"version-history":[{"count":3,"href":"https:\/\/kylat.ekarjala.fi\/tapavainola\/wp-json\/wp\/v2\/pages\/41\/revisions"}],"predecessor-version":[{"id":192,"href":"https:\/\/kylat.ekarjala.fi\/tapavainola\/wp-json\/wp\/v2\/pages\/41\/revisions\/192"}],"up":[{"embeddable":true,"href":"https:\/\/kylat.ekarjala.fi\/tapavainola\/wp-json\/wp\/v2\/pages\/29"}],"wp:attachment":[{"href":"https:\/\/kylat.ekarjala.fi\/tapavainola\/wp-json\/wp\/v2\/media?parent=41"}],"curies":[{"name":"wp","href":"https:\/\/api.w.org\/{rel}","templated":true}]}}