{"id":46,"date":"2011-11-10T10:08:21","date_gmt":"2011-11-10T10:08:21","guid":{"rendered":"https:\/\/kylat.ekarjala.fi\/tapavainola\/?page_id=46"},"modified":"2023-03-15T09:32:01","modified_gmt":"2023-03-15T09:32:01","slug":"yllikkala","status":"publish","type":"page","link":"https:\/\/kylat.ekarjala.fi\/tapavainola\/kylat\/yllikkala\/","title":{"rendered":"Yllikk\u00e4l\u00e4"},"content":{"rendered":"<p>Yllikk\u00e4l\u00e4nraitti halkoo Yllikk\u00e4l\u00e4n peltoaukeaa. Hyvinhoidettu kyl\u00e4 on perinteist\u00e4 ja vahvaa maaseutua. Kyl\u00e4ll\u00e4 toimii edelleen yksi maitotila, muutoin tuotanto painottuu kasvinviljelyyn.<br>\nViljelytoiminnan ohella toimeentuloa saadaan k\u00e4ym\u00e4ll\u00e4 t\u00f6iss\u00e4 taajamassa ja mm. koneurakoinnilla.<\/p>\n<p>Yllikk\u00e4l\u00e4ss\u00e4 kuten sen naapurikyliss\u00e4kin uudet tiej\u00e4rjestelyt helpottivat ja nopeuttivat liikkumista.<br>\nMaantieliikenteen turvallisuus parani, kun rautatien ja VT 6:n alukulkutunnelit otettiin k\u00e4ytt\u00f6\u00f6n VT 6 remontin yhteydess\u00e4 ja Yl\u00e4maan tien perusparannus valmistui.<\/p>\n<p>Yllikk\u00e4l\u00e4ss\u00e4 asutaan maaseudulla, l\u00e4hell\u00e4 palveluita ja katsotaan onko asutuksen laajeneminen valtatie 6 etel\u00e4puolelle mahdollista &#8211; tai edes toivottavaa.<\/p>\n\n\n<figure class=\"wp-block-image size-large\"><a href=\"https:\/\/kylat.ekarjala.fi\/tapavainola\/wp-content\/uploads\/sites\/29\/2023\/03\/Yllikkalan-kylaa.jpg\"><img fetchpriority=\"high\" decoding=\"async\" width=\"1024\" height=\"1024\" src=\"https:\/\/kylat.ekarjala.fi\/tapavainola\/wp-content\/uploads\/sites\/29\/2023\/03\/Yllikkalan-kylaa-1024x1024.jpg\" alt=\"\" class=\"wp-image-307\" srcset=\"https:\/\/kylat.ekarjala.fi\/tapavainola\/wp-content\/uploads\/sites\/29\/2023\/03\/Yllikkalan-kylaa-1024x1024.jpg 1024w, https:\/\/kylat.ekarjala.fi\/tapavainola\/wp-content\/uploads\/sites\/29\/2023\/03\/Yllikkalan-kylaa-300x300.jpg 300w, https:\/\/kylat.ekarjala.fi\/tapavainola\/wp-content\/uploads\/sites\/29\/2023\/03\/Yllikkalan-kylaa-150x150.jpg 150w, https:\/\/kylat.ekarjala.fi\/tapavainola\/wp-content\/uploads\/sites\/29\/2023\/03\/Yllikkalan-kylaa-768x768.jpg 768w, https:\/\/kylat.ekarjala.fi\/tapavainola\/wp-content\/uploads\/sites\/29\/2023\/03\/Yllikkalan-kylaa.jpg 1211w\" sizes=\"(max-width: 1024px) 100vw, 1024px\" \/><\/a><\/figure>\n","protected":false},"excerpt":{"rendered":"<p>Yllikk\u00e4l\u00e4nraitti halkoo Yllikk\u00e4l\u00e4n peltoaukeaa. Hyvinhoidettu kyl\u00e4 on perinteist\u00e4 ja vahvaa maaseutua. Kyl\u00e4ll\u00e4 toimii edelleen yksi maitotila, muutoin tuotanto painottuu kasvinviljelyyn. Viljelytoiminnan ohella toimeentuloa saadaan k\u00e4ym\u00e4ll\u00e4 t\u00f6iss\u00e4 taajamassa ja mm. koneurakoinnilla. Yllikk\u00e4l\u00e4ss\u00e4 kuten sen naapurikyliss\u00e4kin uudet tiej\u00e4rjestelyt helpottivat ja nopeuttivat liikkumista. &hellip; <a href=\"https:\/\/kylat.ekarjala.fi\/tapavainola\/kylat\/yllikkala\/\">Lue loppuun <span class=\"meta-nav\">&rarr;<\/span><\/a><\/p>\n","protected":false},"author":55,"featured_media":0,"parent":29,"menu_order":0,"comment_status":"closed","ping_status":"open","template":"","meta":{"footnotes":""},"class_list":["post-46","page","type-page","status-publish","hentry"],"_links":{"self":[{"href":"https:\/\/kylat.ekarjala.fi\/tapavainola\/wp-json\/wp\/v2\/pages\/46","targetHints":{"allow":["GET"]}}],"collection":[{"href":"https:\/\/kylat.ekarjala.fi\/tapavainola\/wp-json\/wp\/v2\/pages"}],"about":[{"href":"https:\/\/kylat.ekarjala.fi\/tapavainola\/wp-json\/wp\/v2\/types\/page"}],"author":[{"embeddable":true,"href":"https:\/\/kylat.ekarjala.fi\/tapavainola\/wp-json\/wp\/v2\/users\/55"}],"replies":[{"embeddable":true,"href":"https:\/\/kylat.ekarjala.fi\/tapavainola\/wp-json\/wp\/v2\/comments?post=46"}],"version-history":[{"count":6,"href":"https:\/\/kylat.ekarjala.fi\/tapavainola\/wp-json\/wp\/v2\/pages\/46\/revisions"}],"predecessor-version":[{"id":309,"href":"https:\/\/kylat.ekarjala.fi\/tapavainola\/wp-json\/wp\/v2\/pages\/46\/revisions\/309"}],"up":[{"embeddable":true,"href":"https:\/\/kylat.ekarjala.fi\/tapavainola\/wp-json\/wp\/v2\/pages\/29"}],"wp:attachment":[{"href":"https:\/\/kylat.ekarjala.fi\/tapavainola\/wp-json\/wp\/v2\/media?parent=46"}],"curies":[{"name":"wp","href":"https:\/\/api.w.org\/{rel}","templated":true}]}}