{"id":50,"date":"2011-11-10T10:09:13","date_gmt":"2011-11-10T10:09:13","guid":{"rendered":"https:\/\/kylat.ekarjala.fi\/tapavainola\/?page_id=50"},"modified":"2023-03-14T12:34:00","modified_gmt":"2023-03-14T12:34:00","slug":"tapavainolan-martat","status":"publish","type":"page","link":"https:\/\/kylat.ekarjala.fi\/tapavainola\/yhdistykset\/tapavainolan-martat\/","title":{"rendered":"Tapavainolan martat"},"content":{"rendered":"<p>Marttojen toimintaa on ollut kyl\u00e4alueella vuodesta 1928. Tapavainolan martat ovat rekister\u00f6ityneet omaksi yhdistykseksi vuonna 1989. Toiminnan perustana ovat kodin, perheen ja naisen hyvinvointi.<\/p>\n<p>Kuukausikokoukset, retket ja osallistuminen kyl\u00e4kunnan yhteisiin tapahtumiin kokoaa eri-ik\u00e4isi\u00e4 j\u00e4seni\u00e4 yhteen. J\u00e4senm\u00e4\u00e4r\u00e4 on noin 60. Uudet j\u00e4senet ovat tervetulleita mukaan toimintaan.<\/p>\n<p>Tietoa marttojen toiminnasta l\u00f6ytyy\u00a0<a href=\"https:\/\/www.martat.fi\/marttayhdistykset\/tapavainolan-martat\/\" target=\"_blank\" rel=\"noopener\">https:\/\/www.martat.fi\/marttayhdistykset\/tapavainolan-martat\/<\/a><\/p>\n<p>Tapavainolan martoilla on kattava astiasto noin 100 hengen ruokailua ja kahvitusta varten. Astioita voi vuokrata Tapavainolan seurojentalolla pidett\u00e4viin juhliin.<\/p>\n","protected":false},"excerpt":{"rendered":"<p>Marttojen toimintaa on ollut kyl\u00e4alueella vuodesta 1928. Tapavainolan martat ovat rekister\u00f6ityneet omaksi yhdistykseksi vuonna 1989. Toiminnan perustana ovat kodin, perheen ja naisen hyvinvointi. Kuukausikokoukset, retket ja osallistuminen kyl\u00e4kunnan yhteisiin tapahtumiin kokoaa eri-ik\u00e4isi\u00e4 j\u00e4seni\u00e4 yhteen. J\u00e4senm\u00e4\u00e4r\u00e4 on noin 60. Uudet j\u00e4senet &hellip; <a href=\"https:\/\/kylat.ekarjala.fi\/tapavainola\/yhdistykset\/tapavainolan-martat\/\">Lue loppuun <span class=\"meta-nav\">&rarr;<\/span><\/a><\/p>\n","protected":false},"author":55,"featured_media":0,"parent":48,"menu_order":0,"comment_status":"closed","ping_status":"open","template":"","meta":{"footnotes":""},"class_list":["post-50","page","type-page","status-publish","hentry"],"_links":{"self":[{"href":"https:\/\/kylat.ekarjala.fi\/tapavainola\/wp-json\/wp\/v2\/pages\/50","targetHints":{"allow":["GET"]}}],"collection":[{"href":"https:\/\/kylat.ekarjala.fi\/tapavainola\/wp-json\/wp\/v2\/pages"}],"about":[{"href":"https:\/\/kylat.ekarjala.fi\/tapavainola\/wp-json\/wp\/v2\/types\/page"}],"author":[{"embeddable":true,"href":"https:\/\/kylat.ekarjala.fi\/tapavainola\/wp-json\/wp\/v2\/users\/55"}],"replies":[{"embeddable":true,"href":"https:\/\/kylat.ekarjala.fi\/tapavainola\/wp-json\/wp\/v2\/comments?post=50"}],"version-history":[{"count":10,"href":"https:\/\/kylat.ekarjala.fi\/tapavainola\/wp-json\/wp\/v2\/pages\/50\/revisions"}],"predecessor-version":[{"id":292,"href":"https:\/\/kylat.ekarjala.fi\/tapavainola\/wp-json\/wp\/v2\/pages\/50\/revisions\/292"}],"up":[{"embeddable":true,"href":"https:\/\/kylat.ekarjala.fi\/tapavainola\/wp-json\/wp\/v2\/pages\/48"}],"wp:attachment":[{"href":"https:\/\/kylat.ekarjala.fi\/tapavainola\/wp-json\/wp\/v2\/media?parent=50"}],"curies":[{"name":"wp","href":"https:\/\/api.w.org\/{rel}","templated":true}]}}