{"id":53,"date":"2011-11-10T10:10:33","date_gmt":"2011-11-10T10:10:33","guid":{"rendered":"https:\/\/kylat.ekarjala.fi\/tapavainola\/?page_id=53"},"modified":"2023-03-14T12:42:48","modified_gmt":"2023-03-14T12:42:48","slug":"montolan-nuorisoseura-ry-2","status":"publish","type":"page","link":"https:\/\/kylat.ekarjala.fi\/tapavainola\/yhdistykset\/montolan-nuorisoseura-ry-2\/","title":{"rendered":"Montolan nuorisoseura ry"},"content":{"rendered":"<p>Montolan nuorisoseura ry on perustettu 1897. Toiminta-alue kattaa Lappeenrannan l\u00e4nsialueen. Toiminta on perinteist\u00e4 nuorisoseuratoimintaa. On lastenkerho, aikuisille erilaista toimintaa, retki\u00e4 ym. Liikuntapuolelta l\u00f6ytyy jalkapallo.Puhallinorkesteri on merkitt\u00e4v\u00e4 osa Montolan nuorisoseuran toimintaa. Seuran johtokunta: .pj.Kyllikki Vainikka, siht. Liisa Karjalainen, taloudenhoitaja Anu Koskinen, varapj. Lea Tuuva, j\u00e4senet Marjatta Anonen, Aija Vainikka, Jorma Lohko, Jouni Simola ja Riia Laitinen. Puhelin nuorisoseuranseuran asioista 0503462342<\/p>\n<p>Montolan puhallinorkesteri harjoittelee perjantai-iltaisin klo 18-20 Lappeenrannan musiikkiopistolla. Mik\u00e4li haluat orkesterimme esiintym\u00e4\u00e4n johonkin tilaisuuteen tai haluat muuten tietoa orkesterin toiminnasta, ota yhteytt\u00e4! Anu Koskinen, p. 0400-490434.<\/p>\n<p><a href=\"http:\/\/www.montolanpuhallinorkesteri.fi\/\" target=\"_blank\" rel=\"noopener\">Puhallinorkesterin sivu<\/a><\/p>\n","protected":false},"excerpt":{"rendered":"<p>Montolan nuorisoseura ry on perustettu 1897. Toiminta-alue kattaa Lappeenrannan l\u00e4nsialueen. Toiminta on perinteist\u00e4 nuorisoseuratoimintaa. On lastenkerho, aikuisille erilaista toimintaa, retki\u00e4 ym. Liikuntapuolelta l\u00f6ytyy jalkapallo.Puhallinorkesteri on merkitt\u00e4v\u00e4 osa Montolan nuorisoseuran toimintaa. Seuran johtokunta: .pj.Kyllikki Vainikka, siht. Liisa Karjalainen, taloudenhoitaja Anu Koskinen, &hellip; <a href=\"https:\/\/kylat.ekarjala.fi\/tapavainola\/yhdistykset\/montolan-nuorisoseura-ry-2\/\">Lue loppuun <span class=\"meta-nav\">&rarr;<\/span><\/a><\/p>\n","protected":false},"author":55,"featured_media":0,"parent":48,"menu_order":0,"comment_status":"closed","ping_status":"open","template":"","meta":{"footnotes":""},"class_list":["post-53","page","type-page","status-publish","hentry"],"_links":{"self":[{"href":"https:\/\/kylat.ekarjala.fi\/tapavainola\/wp-json\/wp\/v2\/pages\/53","targetHints":{"allow":["GET"]}}],"collection":[{"href":"https:\/\/kylat.ekarjala.fi\/tapavainola\/wp-json\/wp\/v2\/pages"}],"about":[{"href":"https:\/\/kylat.ekarjala.fi\/tapavainola\/wp-json\/wp\/v2\/types\/page"}],"author":[{"embeddable":true,"href":"https:\/\/kylat.ekarjala.fi\/tapavainola\/wp-json\/wp\/v2\/users\/55"}],"replies":[{"embeddable":true,"href":"https:\/\/kylat.ekarjala.fi\/tapavainola\/wp-json\/wp\/v2\/comments?post=53"}],"version-history":[{"count":10,"href":"https:\/\/kylat.ekarjala.fi\/tapavainola\/wp-json\/wp\/v2\/pages\/53\/revisions"}],"predecessor-version":[{"id":302,"href":"https:\/\/kylat.ekarjala.fi\/tapavainola\/wp-json\/wp\/v2\/pages\/53\/revisions\/302"}],"up":[{"embeddable":true,"href":"https:\/\/kylat.ekarjala.fi\/tapavainola\/wp-json\/wp\/v2\/pages\/48"}],"wp:attachment":[{"href":"https:\/\/kylat.ekarjala.fi\/tapavainola\/wp-json\/wp\/v2\/media?parent=53"}],"curies":[{"name":"wp","href":"https:\/\/api.w.org\/{rel}","templated":true}]}}