{"id":57,"date":"2011-11-10T10:12:15","date_gmt":"2011-11-10T10:12:15","guid":{"rendered":"https:\/\/kylat.ekarjala.fi\/tapavainola\/?page_id=57"},"modified":"2023-03-14T12:33:27","modified_gmt":"2023-03-14T12:33:27","slug":"tapavainolan-riistamiehet-ry","status":"publish","type":"page","link":"https:\/\/kylat.ekarjala.fi\/tapavainola\/yhdistykset\/tapavainolan-riistamiehet-ry\/","title":{"rendered":"Tapavainolan riistamiehet ry"},"content":{"rendered":"<p>Seura on perustettu vuonna 1959 nimell\u00e4 Tapavainolan ja ymp\u00e4rist\u00f6n riistamiehet ry.<br \/>\n1.1.1959 kokooontui Tapavainolan ja ymp\u00e4rist\u00f6jen kylien miehet Vainikan taloon yhteiseen kokoukseen perustamaan mets\u00e4stysseuraa. Saapuvilla oli noin 30 henke\u00e4. Perustettavan seuran nimeksi tuli Tapavainolan ja ymp\u00e4rist\u00f6n riistamiehet ry.<\/p>\n<p>Seuran nimi on my\u00f6hemmin (80-luvulla) lyhennetty Tapavainolan Riistamiehet ry:ksi.<\/p>\n<p>Seuran mets\u00e4styksen p\u00e4\u00e4tapahtuma vuosittain on hirvijahti. Viimeaikoina hirvijahtiin on osallistunut l\u00e4hes puolet seuran j\u00e4senm\u00e4\u00e4r\u00e4st\u00e4 (25-30 henkil\u00f6\u00e4).<\/p>\n<p>Seura on rakentanut Tapavainolan seurojentalon p\u00e4\u00e4tyyn kodan, johon mahtuu noin 25 henkil\u00f6\u00e4. Kotaa vuokrataan 50 euron p\u00e4iv\u00e4hintaan.<\/p>\n<p><a href=\"http:\/\/www.esrhy.fi\/tapavainolan_riistamiehet\/index.php\" target=\"_blank\" rel=\"noopener\">T\u00c4ST\u00c4 LINKKI SEURAN SIVULLE<\/a><\/p>\n","protected":false},"excerpt":{"rendered":"<p>Seura on perustettu vuonna 1959 nimell\u00e4 Tapavainolan ja ymp\u00e4rist\u00f6n riistamiehet ry. 1.1.1959 kokooontui Tapavainolan ja ymp\u00e4rist\u00f6jen kylien miehet Vainikan taloon yhteiseen kokoukseen perustamaan mets\u00e4stysseuraa. Saapuvilla oli noin 30 henke\u00e4. Perustettavan seuran nimeksi tuli Tapavainolan ja ymp\u00e4rist\u00f6n riistamiehet ry. Seuran nimi &hellip; <a href=\"https:\/\/kylat.ekarjala.fi\/tapavainola\/yhdistykset\/tapavainolan-riistamiehet-ry\/\">Lue loppuun <span class=\"meta-nav\">&rarr;<\/span><\/a><\/p>\n","protected":false},"author":55,"featured_media":0,"parent":48,"menu_order":0,"comment_status":"closed","ping_status":"open","template":"","meta":{"footnotes":""},"class_list":["post-57","page","type-page","status-publish","hentry"],"_links":{"self":[{"href":"https:\/\/kylat.ekarjala.fi\/tapavainola\/wp-json\/wp\/v2\/pages\/57","targetHints":{"allow":["GET"]}}],"collection":[{"href":"https:\/\/kylat.ekarjala.fi\/tapavainola\/wp-json\/wp\/v2\/pages"}],"about":[{"href":"https:\/\/kylat.ekarjala.fi\/tapavainola\/wp-json\/wp\/v2\/types\/page"}],"author":[{"embeddable":true,"href":"https:\/\/kylat.ekarjala.fi\/tapavainola\/wp-json\/wp\/v2\/users\/55"}],"replies":[{"embeddable":true,"href":"https:\/\/kylat.ekarjala.fi\/tapavainola\/wp-json\/wp\/v2\/comments?post=57"}],"version-history":[{"count":4,"href":"https:\/\/kylat.ekarjala.fi\/tapavainola\/wp-json\/wp\/v2\/pages\/57\/revisions"}],"predecessor-version":[{"id":291,"href":"https:\/\/kylat.ekarjala.fi\/tapavainola\/wp-json\/wp\/v2\/pages\/57\/revisions\/291"}],"up":[{"embeddable":true,"href":"https:\/\/kylat.ekarjala.fi\/tapavainola\/wp-json\/wp\/v2\/pages\/48"}],"wp:attachment":[{"href":"https:\/\/kylat.ekarjala.fi\/tapavainola\/wp-json\/wp\/v2\/media?parent=57"}],"curies":[{"name":"wp","href":"https:\/\/api.w.org\/{rel}","templated":true}]}}