{"id":60,"date":"2011-11-10T10:13:00","date_gmt":"2011-11-10T10:13:00","guid":{"rendered":"https:\/\/kylat.ekarjala.fi\/tapavainola\/?page_id=60"},"modified":"2023-03-14T12:29:45","modified_gmt":"2023-03-14T12:29:45","slug":"tapavainolan-ja-lahikylien-kylayhdistys-ry","status":"publish","type":"page","link":"https:\/\/kylat.ekarjala.fi\/tapavainola\/yhdistykset\/tapavainolan-ja-lahikylien-kylayhdistys-ry\/","title":{"rendered":"Tapavainolan ja l\u00e4hikylien kyl\u00e4yhdistys ry"},"content":{"rendered":"<p>Yhdistys perustettiin vuonna 2005 hoitamaan Tapavainolan ja l\u00e4hikylien asukkaiden edunvalvontaa ja toteuttamaan yhteisi\u00e4 hankkeita. Toiminta l\u00e4hti ripe\u00e4sti k\u00e4yntiin, sill\u00e4 kyl\u00e4yhdistys toteutti (1.1.2007-30.6.2008) Kotipes\u00e4 kuntoon &#8211; nimisen hankkeen, jonka aikana remontoitiin vanha seurojentalo. Samanaikaisesti valmisteltiin kyl\u00e4suunnitelmaa kyl\u00e4toiminnan pitk\u00e4j\u00e4nteisyyden ja suunnitelmallisuuden taustaksi.<br \/>\nKyl\u00e4yhdistys on jatkanut hanketoimintaa ja seurojentalon parannuksia siten, ett\u00e4 talon<br \/>\nlaajennus ja \u00a0sis\u00e4tilojen parannkset on saatu valmiiksi. Piha-alueita kohennettiin vuoden 2013 aikana Piha paraatikuntoon hankkeen toimesta istutuksin ja pihakalustein.<br \/>\nKylien alueella toimii useita vanhoja j\u00e4rjest\u00f6j\u00e4, jotka ovat omalla panoksellaan mukana yhteisess\u00e4 toiminnassa. Kyl\u00e4yhdistys on toiminut l\u00e4hinn\u00e4 kokoavana voimana talkoiden ja tapahtumien j\u00e4rjestelyiss\u00e4. Yhdistys my\u00f6s vastaa seurojentalon yll\u00e4pidosta ja toiminnoista. Yhdistyksell\u00e4 on edustajat Lappeen raadissa.<\/p>\n<p>Tapavainola ja sen l\u00e4hikyl\u00e4t sijoittuvat nauhamaisesti valtatie 6 etel\u00e4puolella. Alue on maaseutua ja asemakaavan ulkopuolista aluetta. Kyl\u00e4yhdistys esitti joitakin vuosia sitten kunnallisen vesi- ja viem\u00e4riverkoston rakentamista. Laajamittainen hanke ei toteutunut mutta joitakin pienempi\u00e4 korjauksia tehtiin.<\/p>\n<p>Valtatie 6:n remontin yhteydess\u00e4 oli useita uusia liikennej\u00e4rjestelyj\u00e4, jotka liittyiv\u00e4t my\u00f6s kylien yksityisteiden k\u00e4ytt\u00f6\u00f6n. Pienten tiekuntien yhdist\u00e4minen isommaksi kokonai-suudeksi on toteutunut vuoden 2013 alussa.<\/p>\n","protected":false},"excerpt":{"rendered":"<p>Yhdistys perustettiin vuonna 2005 hoitamaan Tapavainolan ja l\u00e4hikylien asukkaiden edunvalvontaa ja toteuttamaan yhteisi\u00e4 hankkeita. Toiminta l\u00e4hti ripe\u00e4sti k\u00e4yntiin, sill\u00e4 kyl\u00e4yhdistys toteutti (1.1.2007-30.6.2008) Kotipes\u00e4 kuntoon &#8211; nimisen hankkeen, jonka aikana remontoitiin vanha seurojentalo. Samanaikaisesti valmisteltiin kyl\u00e4suunnitelmaa kyl\u00e4toiminnan pitk\u00e4j\u00e4nteisyyden ja suunnitelmallisuuden taustaksi. &hellip; <a href=\"https:\/\/kylat.ekarjala.fi\/tapavainola\/yhdistykset\/tapavainolan-ja-lahikylien-kylayhdistys-ry\/\">Lue loppuun <span class=\"meta-nav\">&rarr;<\/span><\/a><\/p>\n","protected":false},"author":55,"featured_media":0,"parent":48,"menu_order":0,"comment_status":"closed","ping_status":"open","template":"","meta":{"footnotes":""},"class_list":["post-60","page","type-page","status-publish","hentry"],"_links":{"self":[{"href":"https:\/\/kylat.ekarjala.fi\/tapavainola\/wp-json\/wp\/v2\/pages\/60","targetHints":{"allow":["GET"]}}],"collection":[{"href":"https:\/\/kylat.ekarjala.fi\/tapavainola\/wp-json\/wp\/v2\/pages"}],"about":[{"href":"https:\/\/kylat.ekarjala.fi\/tapavainola\/wp-json\/wp\/v2\/types\/page"}],"author":[{"embeddable":true,"href":"https:\/\/kylat.ekarjala.fi\/tapavainola\/wp-json\/wp\/v2\/users\/55"}],"replies":[{"embeddable":true,"href":"https:\/\/kylat.ekarjala.fi\/tapavainola\/wp-json\/wp\/v2\/comments?post=60"}],"version-history":[{"count":5,"href":"https:\/\/kylat.ekarjala.fi\/tapavainola\/wp-json\/wp\/v2\/pages\/60\/revisions"}],"predecessor-version":[{"id":286,"href":"https:\/\/kylat.ekarjala.fi\/tapavainola\/wp-json\/wp\/v2\/pages\/60\/revisions\/286"}],"up":[{"embeddable":true,"href":"https:\/\/kylat.ekarjala.fi\/tapavainola\/wp-json\/wp\/v2\/pages\/48"}],"wp:attachment":[{"href":"https:\/\/kylat.ekarjala.fi\/tapavainola\/wp-json\/wp\/v2\/media?parent=60"}],"curies":[{"name":"wp","href":"https:\/\/api.w.org\/{rel}","templated":true}]}}