{"id":62,"date":"2011-11-10T10:13:25","date_gmt":"2011-11-10T10:13:25","guid":{"rendered":"https:\/\/kylat.ekarjala.fi\/tapavainola\/?page_id=62"},"modified":"2023-03-15T09:30:55","modified_gmt":"2023-03-15T09:30:55","slug":"kalastuskunta","status":"publish","type":"page","link":"https:\/\/kylat.ekarjala.fi\/tapavainola\/yhdistykset\/kalastuskunta\/","title":{"rendered":"Lavolan osakaskunta"},"content":{"rendered":"<p>Lavolan osakaskunnalla (Kalastuskunnalla) on vesialueita Heposalon, Sikosalon ja muutamien pienempien saarten ymp\u00e4rill\u00e4 Pien-Saimaan vesist\u00f6alueella.<\/p>\n<p>Lavolan osakaskunnalla toiminta on normaalia kalastukseen, kalaston hoitoon ja pyyntiin liityv\u00e4\u00e4 toimintaa.<\/p>\n\n\n<figure class=\"wp-block-image size-large\"><a href=\"https:\/\/kylat.ekarjala.fi\/tapavainola\/wp-content\/uploads\/sites\/29\/2023\/03\/sikosalon-suuntaan.jpg\"><img fetchpriority=\"high\" decoding=\"async\" width=\"1024\" height=\"768\" src=\"https:\/\/kylat.ekarjala.fi\/tapavainola\/wp-content\/uploads\/sites\/29\/2023\/03\/sikosalon-suuntaan-1024x768.jpg\" alt=\"\" class=\"wp-image-306\" srcset=\"https:\/\/kylat.ekarjala.fi\/tapavainola\/wp-content\/uploads\/sites\/29\/2023\/03\/sikosalon-suuntaan-1024x768.jpg 1024w, https:\/\/kylat.ekarjala.fi\/tapavainola\/wp-content\/uploads\/sites\/29\/2023\/03\/sikosalon-suuntaan-300x225.jpg 300w, https:\/\/kylat.ekarjala.fi\/tapavainola\/wp-content\/uploads\/sites\/29\/2023\/03\/sikosalon-suuntaan-768x576.jpg 768w, https:\/\/kylat.ekarjala.fi\/tapavainola\/wp-content\/uploads\/sites\/29\/2023\/03\/sikosalon-suuntaan-1536x1152.jpg 1536w, https:\/\/kylat.ekarjala.fi\/tapavainola\/wp-content\/uploads\/sites\/29\/2023\/03\/sikosalon-suuntaan.jpg 1615w\" sizes=\"(max-width: 1024px) 100vw, 1024px\" \/><\/a><\/figure>\n","protected":false},"excerpt":{"rendered":"<p>Lavolan osakaskunnalla (Kalastuskunnalla) on vesialueita Heposalon, Sikosalon ja muutamien pienempien saarten ymp\u00e4rill\u00e4 Pien-Saimaan vesist\u00f6alueella. Lavolan osakaskunnalla toiminta on normaalia kalastukseen, kalaston hoitoon ja pyyntiin liityv\u00e4\u00e4 toimintaa.<\/p>\n","protected":false},"author":55,"featured_media":0,"parent":48,"menu_order":0,"comment_status":"closed","ping_status":"open","template":"","meta":{"footnotes":""},"class_list":["post-62","page","type-page","status-publish","hentry"],"_links":{"self":[{"href":"https:\/\/kylat.ekarjala.fi\/tapavainola\/wp-json\/wp\/v2\/pages\/62","targetHints":{"allow":["GET"]}}],"collection":[{"href":"https:\/\/kylat.ekarjala.fi\/tapavainola\/wp-json\/wp\/v2\/pages"}],"about":[{"href":"https:\/\/kylat.ekarjala.fi\/tapavainola\/wp-json\/wp\/v2\/types\/page"}],"author":[{"embeddable":true,"href":"https:\/\/kylat.ekarjala.fi\/tapavainola\/wp-json\/wp\/v2\/users\/55"}],"replies":[{"embeddable":true,"href":"https:\/\/kylat.ekarjala.fi\/tapavainola\/wp-json\/wp\/v2\/comments?post=62"}],"version-history":[{"count":3,"href":"https:\/\/kylat.ekarjala.fi\/tapavainola\/wp-json\/wp\/v2\/pages\/62\/revisions"}],"predecessor-version":[{"id":308,"href":"https:\/\/kylat.ekarjala.fi\/tapavainola\/wp-json\/wp\/v2\/pages\/62\/revisions\/308"}],"up":[{"embeddable":true,"href":"https:\/\/kylat.ekarjala.fi\/tapavainola\/wp-json\/wp\/v2\/pages\/48"}],"wp:attachment":[{"href":"https:\/\/kylat.ekarjala.fi\/tapavainola\/wp-json\/wp\/v2\/media?parent=62"}],"curies":[{"name":"wp","href":"https:\/\/api.w.org\/{rel}","templated":true}]}}