{"id":64,"date":"2011-11-10T10:13:46","date_gmt":"2011-11-10T10:13:46","guid":{"rendered":"https:\/\/kylat.ekarjala.fi\/tapavainola\/?page_id=64"},"modified":"2023-03-14T12:37:54","modified_gmt":"2023-03-14T12:37:54","slug":"tiehoitokunnat","status":"publish","type":"page","link":"https:\/\/kylat.ekarjala.fi\/tapavainola\/yhdistykset\/tiehoitokunnat\/","title":{"rendered":"Montolan yksityistie"},"content":{"rendered":"<p>Tapavainolassa ja l\u00e4hikyliss\u00e4 toimi usempia pienehk\u00f6j\u00e4 tiehoitokuntia, mm. Lavolan, Montolan ja Haapalantien tiehoitokunnat. Vuoden 2013 alusta tiekunnat on yhdistetty Montolan yksityistieksi, jolloin hoito ja hallinnointi tehostui ja helpottui.<\/p>\n\n\n<figure class=\"wp-block-image size-full\"><a href=\"https:\/\/kylat.ekarjala.fi\/tapavainola\/wp-content\/uploads\/sites\/29\/2023\/03\/kartta.png\"><img fetchpriority=\"high\" decoding=\"async\" width=\"717\" height=\"440\" src=\"https:\/\/kylat.ekarjala.fi\/tapavainola\/wp-content\/uploads\/sites\/29\/2023\/03\/kartta.png\" alt=\"\" class=\"wp-image-294\" srcset=\"https:\/\/kylat.ekarjala.fi\/tapavainola\/wp-content\/uploads\/sites\/29\/2023\/03\/kartta.png 717w, https:\/\/kylat.ekarjala.fi\/tapavainola\/wp-content\/uploads\/sites\/29\/2023\/03\/kartta-300x184.png 300w\" sizes=\"(max-width: 717px) 100vw, 717px\" \/><\/a><\/figure>\n","protected":false},"excerpt":{"rendered":"<p>Tapavainolassa ja l\u00e4hikyliss\u00e4 toimi usempia pienehk\u00f6j\u00e4 tiehoitokuntia, mm. Lavolan, Montolan ja Haapalantien tiehoitokunnat. Vuoden 2013 alusta tiekunnat on yhdistetty Montolan yksityistieksi, jolloin hoito ja hallinnointi tehostui ja helpottui.<\/p>\n","protected":false},"author":55,"featured_media":0,"parent":48,"menu_order":0,"comment_status":"closed","ping_status":"open","template":"","meta":{"footnotes":""},"class_list":["post-64","page","type-page","status-publish","hentry"],"_links":{"self":[{"href":"https:\/\/kylat.ekarjala.fi\/tapavainola\/wp-json\/wp\/v2\/pages\/64","targetHints":{"allow":["GET"]}}],"collection":[{"href":"https:\/\/kylat.ekarjala.fi\/tapavainola\/wp-json\/wp\/v2\/pages"}],"about":[{"href":"https:\/\/kylat.ekarjala.fi\/tapavainola\/wp-json\/wp\/v2\/types\/page"}],"author":[{"embeddable":true,"href":"https:\/\/kylat.ekarjala.fi\/tapavainola\/wp-json\/wp\/v2\/users\/55"}],"replies":[{"embeddable":true,"href":"https:\/\/kylat.ekarjala.fi\/tapavainola\/wp-json\/wp\/v2\/comments?post=64"}],"version-history":[{"count":7,"href":"https:\/\/kylat.ekarjala.fi\/tapavainola\/wp-json\/wp\/v2\/pages\/64\/revisions"}],"predecessor-version":[{"id":298,"href":"https:\/\/kylat.ekarjala.fi\/tapavainola\/wp-json\/wp\/v2\/pages\/64\/revisions\/298"}],"up":[{"embeddable":true,"href":"https:\/\/kylat.ekarjala.fi\/tapavainola\/wp-json\/wp\/v2\/pages\/48"}],"wp:attachment":[{"href":"https:\/\/kylat.ekarjala.fi\/tapavainola\/wp-json\/wp\/v2\/media?parent=64"}],"curies":[{"name":"wp","href":"https:\/\/api.w.org\/{rel}","templated":true}]}}