{"id":4,"date":"2018-11-27T09:16:54","date_gmt":"2018-11-27T09:16:54","guid":{"rendered":"https:\/\/kylat.ekarjala.fi\/tarkkola\/home\/"},"modified":"2026-03-31T08:06:58","modified_gmt":"2026-03-31T08:06:58","slug":"etusivu","status":"publish","type":"page","link":"https:\/\/kylat.ekarjala.fi\/tarkkola\/","title":{"rendered":"Etusivu"},"content":{"rendered":"\t\t<div data-elementor-type=\"wp-page\" data-elementor-id=\"4\" class=\"elementor elementor-4\" data-elementor-post-type=\"page\">\n\t\t\t\t\t\t<section class=\"elementor-section elementor-top-section elementor-element elementor-element-c50838b elementor-section-boxed elementor-section-height-default elementor-section-height-default\" data-id=\"c50838b\" data-element_type=\"section\" data-e-type=\"section\" data-settings=\"{&quot;background_background&quot;:&quot;classic&quot;,&quot;background_motion_fx_motion_fx_scrolling&quot;:&quot;yes&quot;,&quot;background_motion_fx_devices&quot;:[&quot;desktop&quot;,&quot;tablet&quot;,&quot;mobile&quot;]}\">\n\t\t\t\t\t\t\t<div class=\"elementor-background-overlay\"><\/div>\n\t\t\t\t\t\t\t<div class=\"elementor-container elementor-column-gap-default\">\n\t\t\t\t\t<div class=\"elementor-column elementor-col-100 elementor-top-column elementor-element elementor-element-55b0429\" data-id=\"55b0429\" data-element_type=\"column\" data-e-type=\"column\">\n\t\t\t<div class=\"elementor-widget-wrap elementor-element-populated\">\n\t\t\t\t\t\t<div class=\"elementor-element elementor-element-453e782 elementor-widget elementor-widget-heading\" data-id=\"453e782\" data-element_type=\"widget\" data-e-type=\"widget\" data-widget_type=\"heading.default\">\n\t\t\t\t<div class=\"elementor-widget-container\">\n\t\t\t\t\t<h1 class=\"elementor-heading-title elementor-size-default\">Tarkkolan seudun kyl\u00e4t ry<\/h1>\t\t\t\t<\/div>\n\t\t\t\t<\/div>\n\t\t\t\t<div class=\"elementor-element elementor-element-cab84e1 elementor-align-center elementor-hidden-mobile elementor-widget elementor-widget-button\" data-id=\"cab84e1\" data-element_type=\"widget\" data-e-type=\"widget\" data-widget_type=\"button.default\">\n\t\t\t\t<div class=\"elementor-widget-container\">\n\t\t\t\t\t\t\t\t\t<div class=\"elementor-button-wrapper\">\n\t\t\t\t\t<a class=\"elementor-button elementor-button-link elementor-size-sm\" href=\"#etusivu\">\n\t\t\t\t\t\t<span class=\"elementor-button-content-wrapper\">\n\t\t\t\t\t\t\t\t\t<span class=\"elementor-button-text\">Tutustu<\/span>\n\t\t\t\t\t<\/span>\n\t\t\t\t\t<\/a>\n\t\t\t\t<\/div>\n\t\t\t\t\t\t\t\t<\/div>\n\t\t\t\t<\/div>\n\t\t\t\t\t<\/div>\n\t\t<\/div>\n\t\t\t\t\t<\/div>\n\t\t<\/section>\n\t\t\t\t<section class=\"elementor-section elementor-top-section elementor-element elementor-element-5c31627 elementor-section-boxed elementor-section-height-default elementor-section-height-default\" data-id=\"5c31627\" data-element_type=\"section\" data-e-type=\"section\" id=\"etusivu\" data-settings=\"{&quot;background_background&quot;:&quot;classic&quot;}\">\n\t\t\t\t\t\t<div class=\"elementor-container elementor-column-gap-default\">\n\t\t\t\t\t<div class=\"elementor-column elementor-col-100 elementor-top-column elementor-element elementor-element-56afd22\" data-id=\"56afd22\" data-element_type=\"column\" data-e-type=\"column\">\n\t\t\t<div class=\"elementor-widget-wrap elementor-element-populated\">\n\t\t\t\t\t\t<div class=\"elementor-element elementor-element-e6f495e elementor-widget elementor-widget-heading\" data-id=\"e6f495e\" data-element_type=\"widget\" data-e-type=\"widget\" data-widget_type=\"heading.default\">\n\t\t\t\t<div class=\"elementor-widget-container\">\n\t\t\t\t\t<h2 class=\"elementor-heading-title elementor-size-default\">Tule siekii  Tarkkolaan!<\/h2>\t\t\t\t<\/div>\n\t\t\t\t<\/div>\n\t\t\t\t\t<\/div>\n\t\t<\/div>\n\t\t\t\t\t<\/div>\n\t\t<\/section>\n\t\t\t\t<section class=\"elementor-section elementor-top-section elementor-element elementor-element-a21ad01 elementor-section-boxed elementor-section-height-default elementor-section-height-default\" data-id=\"a21ad01\" data-element_type=\"section\" data-e-type=\"section\">\n\t\t\t\t\t\t<div class=\"elementor-container elementor-column-gap-default\">\n\t\t\t\t\t<div class=\"elementor-column elementor-col-50 elementor-top-column elementor-element elementor-element-94282e6\" data-id=\"94282e6\" data-element_type=\"column\" data-e-type=\"column\">\n\t\t\t<div class=\"elementor-widget-wrap elementor-element-populated\">\n\t\t\t\t\t\t<div class=\"elementor-element elementor-element-2c7962a elementor-widget elementor-widget-image\" data-id=\"2c7962a\" data-element_type=\"widget\" data-e-type=\"widget\" data-widget_type=\"image.default\">\n\t\t\t\t<div class=\"elementor-widget-container\">\n\t\t\t\t\t\t\t\t\t\t\t\t\t\t\t<img fetchpriority=\"high\" decoding=\"async\" width=\"1024\" height=\"538\" src=\"https:\/\/kylat.ekarjala.fi\/tarkkola\/wp-content\/uploads\/sites\/33\/2026\/03\/Kevatkokousilmoitus-2026-1024x538.png\" class=\"attachment-large size-large wp-image-1900\" alt=\"\" srcset=\"https:\/\/kylat.ekarjala.fi\/tarkkola\/wp-content\/uploads\/sites\/33\/2026\/03\/Kevatkokousilmoitus-2026-1024x538.png 1024w, https:\/\/kylat.ekarjala.fi\/tarkkola\/wp-content\/uploads\/sites\/33\/2026\/03\/Kevatkokousilmoitus-2026-300x158.png 300w, https:\/\/kylat.ekarjala.fi\/tarkkola\/wp-content\/uploads\/sites\/33\/2026\/03\/Kevatkokousilmoitus-2026-768x403.png 768w, https:\/\/kylat.ekarjala.fi\/tarkkola\/wp-content\/uploads\/sites\/33\/2026\/03\/Kevatkokousilmoitus-2026.png 1200w\" sizes=\"(max-width: 1024px) 100vw, 1024px\" \/>\t\t\t\t\t\t\t\t\t\t\t\t\t\t\t<\/div>\n\t\t\t\t<\/div>\n\t\t\t\t<div class=\"elementor-element elementor-element-c6802da elementor-widget elementor-widget-text-editor\" data-id=\"c6802da\" data-element_type=\"widget\" data-e-type=\"widget\" data-widget_type=\"text-editor.default\">\n\t\t\t\t<div class=\"elementor-widget-container\">\n\t\t\t\t\t\t\t\t\t<div class=\"xdj266r x14z9mp xat24cr x1lziwak x1vvkbs x126k92a\"><div dir=\"auto\"><b>Kiitos kaikille kes\u00e4ty\u00f6paikkojamme hakeneille nuorille!<\/b><\/div><div dir=\"auto\">Kiinnostus kes\u00e4ty\u00f6paikkojamme kohtaan kasvoi kolminkertaiseksi viime kes\u00e4\u00e4n verrattuna: hakijoita oli kuusi, joista yhden hakemus saapui valitettavasti hakuajan j\u00e4lkeen. Haastattelemme hakijat huhtikuun loppupuolella 24.4. menness\u00e4, haastattelukutsun l\u00e4het\u00e4mme ajoissa hakemuksensa l\u00e4hett\u00e4neille hakijoille 16.4.<\/div><\/div>\t\t\t\t\t\t\t\t<\/div>\n\t\t\t\t<\/div>\n\t\t\t\t<div class=\"elementor-element elementor-element-3df5951 elementor-widget elementor-widget-heading\" data-id=\"3df5951\" data-element_type=\"widget\" data-e-type=\"widget\" data-widget_type=\"heading.default\">\n\t\t\t\t<div class=\"elementor-widget-container\">\n\t\t\t\t\t<h2 class=\"elementor-heading-title elementor-size-default\">Tarkkolan teatterikes\u00e4 2026<\/h2>\t\t\t\t<\/div>\n\t\t\t\t<\/div>\n\t\t\t\t<div class=\"elementor-element elementor-element-d6166eb elementor-widget elementor-widget-image\" data-id=\"d6166eb\" data-element_type=\"widget\" data-e-type=\"widget\" data-widget_type=\"image.default\">\n\t\t\t\t<div class=\"elementor-widget-container\">\n\t\t\t\t\t\t\t\t\t\t\t\t\t\t\t<img decoding=\"async\" width=\"940\" height=\"788\" src=\"https:\/\/kylat.ekarjala.fi\/tarkkola\/wp-content\/uploads\/sites\/33\/2026\/03\/Kopio-mallista-Tervetuloa-Hikipaan-vintille-Facebook-postaus-viimeinen.png\" class=\"attachment-large size-large wp-image-1879\" alt=\"\" srcset=\"https:\/\/kylat.ekarjala.fi\/tarkkola\/wp-content\/uploads\/sites\/33\/2026\/03\/Kopio-mallista-Tervetuloa-Hikipaan-vintille-Facebook-postaus-viimeinen.png 940w, https:\/\/kylat.ekarjala.fi\/tarkkola\/wp-content\/uploads\/sites\/33\/2026\/03\/Kopio-mallista-Tervetuloa-Hikipaan-vintille-Facebook-postaus-viimeinen-300x251.png 300w, https:\/\/kylat.ekarjala.fi\/tarkkola\/wp-content\/uploads\/sites\/33\/2026\/03\/Kopio-mallista-Tervetuloa-Hikipaan-vintille-Facebook-postaus-viimeinen-768x644.png 768w\" sizes=\"(max-width: 940px) 100vw, 940px\" \/>\t\t\t\t\t\t\t\t\t\t\t\t\t\t\t<\/div>\n\t\t\t\t<\/div>\n\t\t\t\t\t<\/div>\n\t\t<\/div>\n\t\t\t\t<div class=\"elementor-column elementor-col-50 elementor-top-column elementor-element elementor-element-b25603b\" data-id=\"b25603b\" data-element_type=\"column\" data-e-type=\"column\">\n\t\t\t<div class=\"elementor-widget-wrap elementor-element-populated\">\n\t\t\t\t\t\t<div class=\"elementor-element elementor-element-c5c5054 elementor-widget elementor-widget-image\" data-id=\"c5c5054\" data-element_type=\"widget\" data-e-type=\"widget\" data-widget_type=\"image.default\">\n\t\t\t\t<div class=\"elementor-widget-container\">\n\t\t\t\t\t\t\t\t\t\t\t\t\t\t\t<img decoding=\"async\" width=\"724\" height=\"1024\" src=\"https:\/\/kylat.ekarjala.fi\/tarkkola\/wp-content\/uploads\/sites\/33\/2025\/01\/Kannatusjasenmaksu-2025-724x1024.png\" class=\"attachment-large size-large wp-image-1669\" alt=\"\" srcset=\"https:\/\/kylat.ekarjala.fi\/tarkkola\/wp-content\/uploads\/sites\/33\/2025\/01\/Kannatusjasenmaksu-2025-724x1024.png 724w, https:\/\/kylat.ekarjala.fi\/tarkkola\/wp-content\/uploads\/sites\/33\/2025\/01\/Kannatusjasenmaksu-2025-212x300.png 212w, https:\/\/kylat.ekarjala.fi\/tarkkola\/wp-content\/uploads\/sites\/33\/2025\/01\/Kannatusjasenmaksu-2025-768x1086.png 768w, https:\/\/kylat.ekarjala.fi\/tarkkola\/wp-content\/uploads\/sites\/33\/2025\/01\/Kannatusjasenmaksu-2025-1086x1536.png 1086w, https:\/\/kylat.ekarjala.fi\/tarkkola\/wp-content\/uploads\/sites\/33\/2025\/01\/Kannatusjasenmaksu-2025.png 1414w\" sizes=\"(max-width: 724px) 100vw, 724px\" \/>\t\t\t\t\t\t\t\t\t\t\t\t\t\t\t<\/div>\n\t\t\t\t<\/div>\n\t\t\t\t<div class=\"elementor-element elementor-element-5e11df4 elementor-widget elementor-widget-image\" data-id=\"5e11df4\" data-element_type=\"widget\" data-e-type=\"widget\" data-widget_type=\"image.default\">\n\t\t\t\t<div class=\"elementor-widget-container\">\n\t\t\t\t\t\t\t\t\t\t\t\t\t\t\t<img loading=\"lazy\" decoding=\"async\" width=\"724\" height=\"1024\" src=\"https:\/\/kylat.ekarjala.fi\/tarkkola\/wp-content\/uploads\/sites\/33\/2024\/12\/Tarkkolan-kylatalo-kaytossasi-724x1024.png\" class=\"attachment-large size-large wp-image-1650\" alt=\"\" srcset=\"https:\/\/kylat.ekarjala.fi\/tarkkola\/wp-content\/uploads\/sites\/33\/2024\/12\/Tarkkolan-kylatalo-kaytossasi-724x1024.png 724w, https:\/\/kylat.ekarjala.fi\/tarkkola\/wp-content\/uploads\/sites\/33\/2024\/12\/Tarkkolan-kylatalo-kaytossasi-212x300.png 212w, https:\/\/kylat.ekarjala.fi\/tarkkola\/wp-content\/uploads\/sites\/33\/2024\/12\/Tarkkolan-kylatalo-kaytossasi-768x1086.png 768w, https:\/\/kylat.ekarjala.fi\/tarkkola\/wp-content\/uploads\/sites\/33\/2024\/12\/Tarkkolan-kylatalo-kaytossasi-1086x1536.png 1086w, https:\/\/kylat.ekarjala.fi\/tarkkola\/wp-content\/uploads\/sites\/33\/2024\/12\/Tarkkolan-kylatalo-kaytossasi.png 1414w\" sizes=\"(max-width: 724px) 100vw, 724px\" \/>\t\t\t\t\t\t\t\t\t\t\t\t\t\t\t<\/div>\n\t\t\t\t<\/div>\n\t\t\t\t<div class=\"elementor-element elementor-element-05093f2 elementor-widget elementor-widget-heading\" data-id=\"05093f2\" data-element_type=\"widget\" data-e-type=\"widget\" data-widget_type=\"heading.default\">\n\t\t\t\t<div class=\"elementor-widget-container\">\n\t\t\t\t\t<h2 class=\"elementor-heading-title elementor-size-small\">Kyl\u00e4talon s\u00e4hk\u00f6inen varauskalenteri<\/h2>\t\t\t\t<\/div>\n\t\t\t\t<\/div>\n\t\t\t\t<div class=\"elementor-element elementor-element-7296e8e elementor-widget elementor-widget-text-editor\" data-id=\"7296e8e\" data-element_type=\"widget\" data-e-type=\"widget\" data-widget_type=\"text-editor.default\">\n\t\t\t\t<div class=\"elementor-widget-container\">\n\t\t\t\t\t\t\t\t\t<p>Voit varata kyl\u00e4talon k\u00e4ytt\u00f6\u00f6si Vello.fi-palvelusta. Varauspalvelun linkin l\u00f6yd\u00e4t v\u00e4lilehdelt\u00e4 Tarkkolan kyl\u00e4talo. Voit my\u00f6s tehd\u00e4 varauksen kopioimalla selaimeesi vello.fi\/tarkkolankylatalo.\u00a0<\/p>\t\t\t\t\t\t\t\t<\/div>\n\t\t\t\t<\/div>\n\t\t\t\t<div class=\"elementor-element elementor-element-1731e30 elementor-widget elementor-widget-text-editor\" data-id=\"1731e30\" data-element_type=\"widget\" data-e-type=\"widget\" data-widget_type=\"text-editor.default\">\n\t\t\t\t<div class=\"elementor-widget-container\">\n\t\t\t\t\t\t\t\t\t<h2 class=\"elementor-heading-title elementor-size-small elementor-inline-editing pen\" style=\"font-size: 25px;font-style: normal;color: #101218;line-height: 1.3em;font-family: 'Trebuchet MS', sans-serif;text-align: center\" data-elementor-setting-key=\"title\" data-pen-placeholder=\"Kirjoita t\u00e4h\u00e4n...\">Kyl\u00e4talon s\u00e4hk\u00f6inen varauskalenteri<\/h2>\t\t\t\t\t\t\t\t<\/div>\n\t\t\t\t<\/div>\n\t\t\t\t<div class=\"elementor-element elementor-element-c863096 elementor-widget elementor-widget-text-editor\" data-id=\"c863096\" data-element_type=\"widget\" data-e-type=\"widget\" data-widget_type=\"text-editor.default\">\n\t\t\t\t<div class=\"elementor-widget-container\">\n\t\t\t\t\t\t\t\t\t<p>Talokansiosta l\u00f6yd\u00e4t ohjeet varaajalle, j\u00e4rjestyss\u00e4\u00e4nn\u00f6t ja tilaluettelon. Lue talokansio v\u00e4lilehdelt\u00e4 Tarkkolan kyl\u00e4talo.\u00a0<\/p>\t\t\t\t\t\t\t\t<\/div>\n\t\t\t\t<\/div>\n\t\t\t\t<section class=\"elementor-section elementor-inner-section elementor-element elementor-element-051662d elementor-section-boxed elementor-section-height-default elementor-section-height-default\" data-id=\"051662d\" data-element_type=\"section\" data-e-type=\"section\">\n\t\t\t\t\t\t<div class=\"elementor-container elementor-column-gap-default\">\n\t\t\t\t\t<div class=\"elementor-column elementor-col-33 elementor-inner-column elementor-element elementor-element-c99c74e\" data-id=\"c99c74e\" data-element_type=\"column\" data-e-type=\"column\">\n\t\t\t<div class=\"elementor-widget-wrap elementor-element-populated\">\n\t\t\t\t\t\t<div class=\"elementor-element elementor-element-fa38efc elementor-widget elementor-widget-image\" data-id=\"fa38efc\" data-element_type=\"widget\" data-e-type=\"widget\" data-widget_type=\"image.default\">\n\t\t\t\t<div class=\"elementor-widget-container\">\n\t\t\t\t\t\t\t\t\t\t\t\t\t\t\t<img loading=\"lazy\" decoding=\"async\" width=\"150\" height=\"150\" src=\"https:\/\/kylat.ekarjala.fi\/tarkkola\/wp-content\/uploads\/sites\/33\/2022\/06\/RUOKOLAHTI_450_VUOTTA_LOGO_A-150x150.png\" class=\"attachment-thumbnail size-thumbnail wp-image-849\" alt=\"\" \/>\t\t\t\t\t\t\t\t\t\t\t\t\t\t\t<\/div>\n\t\t\t\t<\/div>\n\t\t\t\t\t<\/div>\n\t\t<\/div>\n\t\t\t\t<div class=\"elementor-column elementor-col-33 elementor-inner-column elementor-element elementor-element-1afc45a\" data-id=\"1afc45a\" data-element_type=\"column\" data-e-type=\"column\">\n\t\t\t<div class=\"elementor-widget-wrap elementor-element-populated\">\n\t\t\t\t\t\t<div class=\"elementor-element elementor-element-c9a878f elementor-widget elementor-widget-image\" data-id=\"c9a878f\" data-element_type=\"widget\" data-e-type=\"widget\" data-widget_type=\"image.default\">\n\t\t\t\t<div class=\"elementor-widget-container\">\n\t\t\t\t\t\t\t\t\t\t\t\t\t\t\t<img decoding=\"async\" src=\"https:\/\/kylat.ekarjala.fi\/tarkkola\/wp-content\/uploads\/sites\/33\/2022\/06\/leader_ek_karki_logo.png\" title=\"\" alt=\"\" loading=\"lazy\" \/>\t\t\t\t\t\t\t\t\t\t\t\t\t\t\t<\/div>\n\t\t\t\t<\/div>\n\t\t\t\t\t<\/div>\n\t\t<\/div>\n\t\t\t\t<div class=\"elementor-column elementor-col-33 elementor-inner-column elementor-element elementor-element-c4926b9\" data-id=\"c4926b9\" data-element_type=\"column\" data-e-type=\"column\">\n\t\t\t<div class=\"elementor-widget-wrap elementor-element-populated\">\n\t\t\t\t\t\t<div class=\"elementor-element elementor-element-bd7fd05 elementor-widget elementor-widget-image\" data-id=\"bd7fd05\" data-element_type=\"widget\" data-e-type=\"widget\" data-widget_type=\"image.default\">\n\t\t\t\t<div class=\"elementor-widget-container\">\n\t\t\t\t\t\t\t\t\t\t\t\t\t\t\t<img loading=\"lazy\" decoding=\"async\" width=\"123\" height=\"95\" src=\"https:\/\/kylat.ekarjala.fi\/tarkkola\/wp-content\/uploads\/sites\/33\/2022\/06\/Lippu-ja-rahaston-nimi-mv.jpg\" class=\"attachment-large size-large wp-image-848\" alt=\"\" \/>\t\t\t\t\t\t\t\t\t\t\t\t\t\t\t<\/div>\n\t\t\t\t<\/div>\n\t\t\t\t\t<\/div>\n\t\t<\/div>\n\t\t\t\t\t<\/div>\n\t\t<\/section>\n\t\t\t\t<div class=\"elementor-element elementor-element-b98bdce elementor-widget elementor-widget-spacer\" data-id=\"b98bdce\" data-element_type=\"widget\" data-e-type=\"widget\" data-widget_type=\"spacer.default\">\n\t\t\t\t<div class=\"elementor-widget-container\">\n\t\t\t\t\t\t\t<div class=\"elementor-spacer\">\n\t\t\t<div class=\"elementor-spacer-inner\"><\/div>\n\t\t<\/div>\n\t\t\t\t\t\t<\/div>\n\t\t\t\t<\/div>\n\t\t\t\t<div class=\"elementor-element elementor-element-8d2e889 elementor-align-center elementor-widget elementor-widget-button\" data-id=\"8d2e889\" data-element_type=\"widget\" data-e-type=\"widget\" data-widget_type=\"button.default\">\n\t\t\t\t<div class=\"elementor-widget-container\">\n\t\t\t\t\t\t\t\t\t<div class=\"elementor-button-wrapper\">\n\t\t\t\t\t<a class=\"elementor-button elementor-button-link elementor-size-sm\" href=\"https:\/\/kylat.ekarjala.fi\/tarkkola\/kylatalo\/\">\n\t\t\t\t\t\t<span class=\"elementor-button-content-wrapper\">\n\t\t\t\t\t\t\t\t\t<span class=\"elementor-button-text\">Kyl\u00e4talo-sivulle t\u00e4st\u00e4<\/span>\n\t\t\t\t\t<\/span>\n\t\t\t\t\t<\/a>\n\t\t\t\t<\/div>\n\t\t\t\t\t\t\t\t<\/div>\n\t\t\t\t<\/div>\n\t\t\t\t\t<\/div>\n\t\t<\/div>\n\t\t\t\t\t<\/div>\n\t\t<\/section>\n\t\t\t\t<section class=\"elementor-section elementor-top-section elementor-element elementor-element-d73ba31 elementor-section-boxed elementor-section-height-default elementor-section-height-default\" data-id=\"d73ba31\" data-element_type=\"section\" data-e-type=\"section\">\n\t\t\t\t\t\t<div class=\"elementor-container elementor-column-gap-default\">\n\t\t\t\t\t<div class=\"elementor-column elementor-col-100 elementor-top-column elementor-element elementor-element-f96b3cf\" data-id=\"f96b3cf\" data-element_type=\"column\" data-e-type=\"column\">\n\t\t\t<div class=\"elementor-widget-wrap\">\n\t\t\t\t\t\t\t<\/div>\n\t\t<\/div>\n\t\t\t\t\t<\/div>\n\t\t<\/section>\n\t\t\t\t<section class=\"elementor-section elementor-top-section elementor-element elementor-element-ffa6cc5 elementor-section-boxed elementor-section-height-default elementor-section-height-default\" data-id=\"ffa6cc5\" data-element_type=\"section\" data-e-type=\"section\">\n\t\t\t\t\t\t<div class=\"elementor-container elementor-column-gap-default\">\n\t\t\t\t\t<div class=\"elementor-column elementor-col-100 elementor-top-column elementor-element elementor-element-a221583\" data-id=\"a221583\" data-element_type=\"column\" data-e-type=\"column\">\n\t\t\t<div class=\"elementor-widget-wrap elementor-element-populated\">\n\t\t\t\t\t\t<div class=\"elementor-element elementor-element-1cd6cfe elementor-widget elementor-widget-spacer\" data-id=\"1cd6cfe\" data-element_type=\"widget\" data-e-type=\"widget\" data-widget_type=\"spacer.default\">\n\t\t\t\t<div class=\"elementor-widget-container\">\n\t\t\t\t\t\t\t<div class=\"elementor-spacer\">\n\t\t\t<div class=\"elementor-spacer-inner\"><\/div>\n\t\t<\/div>\n\t\t\t\t\t\t<\/div>\n\t\t\t\t<\/div>\n\t\t\t\t\t<\/div>\n\t\t<\/div>\n\t\t\t\t\t<\/div>\n\t\t<\/section>\n\t\t\t\t<section class=\"elementor-section elementor-top-section elementor-element elementor-element-3de3865 elementor-section-boxed elementor-section-height-default elementor-section-height-default\" data-id=\"3de3865\" data-element_type=\"section\" data-e-type=\"section\">\n\t\t\t\t\t\t<div class=\"elementor-container elementor-column-gap-default\">\n\t\t\t\t\t<div class=\"elementor-column elementor-col-100 elementor-top-column elementor-element elementor-element-e882ccd\" data-id=\"e882ccd\" data-element_type=\"column\" data-e-type=\"column\">\n\t\t\t<div class=\"elementor-widget-wrap\">\n\t\t\t\t\t\t\t<\/div>\n\t\t<\/div>\n\t\t\t\t\t<\/div>\n\t\t<\/section>\n\t\t\t\t<section class=\"elementor-section elementor-top-section elementor-element elementor-element-ec7b1ec elementor-section-boxed elementor-section-height-default elementor-section-height-default\" data-id=\"ec7b1ec\" data-element_type=\"section\" data-e-type=\"section\">\n\t\t\t\t\t\t<div class=\"elementor-container elementor-column-gap-default\">\n\t\t\t\t\t<div class=\"elementor-column elementor-col-100 elementor-top-column elementor-element elementor-element-621d152\" data-id=\"621d152\" data-element_type=\"column\" data-e-type=\"column\">\n\t\t\t<div class=\"elementor-widget-wrap\">\n\t\t\t\t\t\t\t<\/div>\n\t\t<\/div>\n\t\t\t\t\t<\/div>\n\t\t<\/section>\n\t\t\t\t<section class=\"elementor-section elementor-top-section elementor-element elementor-element-a13276c elementor-section-boxed elementor-section-height-default elementor-section-height-default\" data-id=\"a13276c\" data-element_type=\"section\" data-e-type=\"section\">\n\t\t\t\t\t\t<div class=\"elementor-container elementor-column-gap-default\">\n\t\t\t\t\t<div class=\"elementor-column elementor-col-100 elementor-top-column elementor-element elementor-element-f055578\" data-id=\"f055578\" data-element_type=\"column\" data-e-type=\"column\">\n\t\t\t<div class=\"elementor-widget-wrap\">\n\t\t\t\t\t\t\t<\/div>\n\t\t<\/div>\n\t\t\t\t\t<\/div>\n\t\t<\/section>\n\t\t\t\t<\/div>\n\t\t","protected":false},"excerpt":{"rendered":"<p>Tarkkolan seudun kyl\u00e4t ry Tutustu Tule siekii Tarkkolaan! Kiitos kaikille kes\u00e4ty\u00f6paikkojamme hakeneille nuorille!Kiinnostus kes\u00e4ty\u00f6paikkojamme kohtaan kasvoi kolminkertaiseksi viime kes\u00e4\u00e4n verrattuna: hakijoita oli kuusi, joista yhden hakemus saapui valitettavasti hakuajan j\u00e4lkeen. Haastattelemme hakijat huhtikuun loppupuolella 24.4. menness\u00e4, haastattelukutsun l\u00e4het\u00e4mme ajoissa hakemuksensa l\u00e4hett\u00e4neille hakijoille 16.4. Tarkkolan teatterikes\u00e4 2026 Kyl\u00e4talon s\u00e4hk\u00f6inen varauskalenteri Voit varata kyl\u00e4talon k\u00e4ytt\u00f6\u00f6si Vello.fi-palvelusta. Varauspalvelun [&hellip;]<\/p>\n","protected":false},"author":175,"featured_media":0,"parent":0,"menu_order":0,"comment_status":"closed","ping_status":"closed","template":"","meta":{"site-sidebar-layout":"no-sidebar","site-content-layout":"page-builder","ast-site-content-layout":"default","site-content-style":"default","site-sidebar-style":"default","ast-global-header-display":"","ast-banner-title-visibility":"","ast-main-header-display":"","ast-hfb-above-header-display":"","ast-hfb-below-header-display":"","ast-hfb-mobile-header-display":"","site-post-title":"disabled","ast-breadcrumbs-content":"","ast-featured-img":"disabled","footer-sml-layout":"","ast-disable-related-posts":"","theme-transparent-header-meta":"enabled","adv-header-id-meta":"","stick-header-meta":"","header-above-stick-meta":"","header-main-stick-meta":"","header-below-stick-meta":"","astra-migrate-meta-layouts":"default","ast-page-background-enabled":"default","ast-page-background-meta":{"desktop":{"background-color":"","background-image":"","background-repeat":"repeat","background-position":"center center","background-size":"auto","background-attachment":"scroll","background-type":"","background-media":"","overlay-type":"","overlay-color":"","overlay-opacity":"","overlay-gradient":""},"tablet":{"background-color":"","background-image":"","background-repeat":"repeat","background-position":"center center","background-size":"auto","background-attachment":"scroll","background-type":"","background-media":"","overlay-type":"","overlay-color":"","overlay-opacity":"","overlay-gradient":""},"mobile":{"background-color":"","background-image":"","background-repeat":"repeat","background-position":"center center","background-size":"auto","background-attachment":"scroll","background-type":"","background-media":"","overlay-type":"","overlay-color":"","overlay-opacity":"","overlay-gradient":""}},"ast-content-background-meta":{"desktop":{"background-color":"var(--ast-global-color-5)","background-image":"","background-repeat":"repeat","background-position":"center center","background-size":"auto","background-attachment":"scroll","background-type":"","background-media":"","overlay-type":"","overlay-color":"","overlay-opacity":"","overlay-gradient":""},"tablet":{"background-color":"var(--ast-global-color-5)","background-image":"","background-repeat":"repeat","background-position":"center center","background-size":"auto","background-attachment":"scroll","background-type":"","background-media":"","overlay-type":"","overlay-color":"","overlay-opacity":"","overlay-gradient":""},"mobile":{"background-color":"var(--ast-global-color-5)","background-image":"","background-repeat":"repeat","background-position":"center center","background-size":"auto","background-attachment":"scroll","background-type":"","background-media":"","overlay-type":"","overlay-color":"","overlay-opacity":"","overlay-gradient":""}},"footnotes":""},"class_list":["post-4","page","type-page","status-publish","hentry"],"_links":{"self":[{"href":"https:\/\/kylat.ekarjala.fi\/tarkkola\/wp-json\/wp\/v2\/pages\/4","targetHints":{"allow":["GET"]}}],"collection":[{"href":"https:\/\/kylat.ekarjala.fi\/tarkkola\/wp-json\/wp\/v2\/pages"}],"about":[{"href":"https:\/\/kylat.ekarjala.fi\/tarkkola\/wp-json\/wp\/v2\/types\/page"}],"author":[{"embeddable":true,"href":"https:\/\/kylat.ekarjala.fi\/tarkkola\/wp-json\/wp\/v2\/users\/175"}],"replies":[{"embeddable":true,"href":"https:\/\/kylat.ekarjala.fi\/tarkkola\/wp-json\/wp\/v2\/comments?post=4"}],"version-history":[{"count":20,"href":"https:\/\/kylat.ekarjala.fi\/tarkkola\/wp-json\/wp\/v2\/pages\/4\/revisions"}],"predecessor-version":[{"id":1903,"href":"https:\/\/kylat.ekarjala.fi\/tarkkola\/wp-json\/wp\/v2\/pages\/4\/revisions\/1903"}],"wp:attachment":[{"href":"https:\/\/kylat.ekarjala.fi\/tarkkola\/wp-json\/wp\/v2\/media?parent=4"}],"curies":[{"name":"wp","href":"https:\/\/api.w.org\/{rel}","templated":true}]}}