{"id":5,"date":"2018-11-27T09:17:08","date_gmt":"2018-11-27T09:17:08","guid":{"rendered":"https:\/\/kylat.ekarjala.fi\/tarkkola\/about\/"},"modified":"2026-03-18T08:12:20","modified_gmt":"2026-03-18T08:12:20","slug":"harrastajateatteri","status":"publish","type":"page","link":"https:\/\/kylat.ekarjala.fi\/tarkkola\/harrastajateatteri\/","title":{"rendered":"Tarkkolan harrastajateatteri"},"content":{"rendered":"\t\t<div data-elementor-type=\"wp-post\" data-elementor-id=\"5\" class=\"elementor elementor-5\" data-elementor-post-type=\"page\">\n\t\t\t\t\t\t<section class=\"elementor-section elementor-top-section elementor-element elementor-element-d7d8b56 elementor-section-boxed elementor-section-height-default elementor-section-height-default\" data-id=\"d7d8b56\" data-element_type=\"section\" data-e-type=\"section\" data-settings=\"{&quot;background_background&quot;:&quot;classic&quot;}\">\n\t\t\t\t\t\t\t<div class=\"elementor-background-overlay\"><\/div>\n\t\t\t\t\t\t\t<div class=\"elementor-container elementor-column-gap-default\">\n\t\t\t\t\t<div class=\"elementor-column elementor-col-100 elementor-top-column elementor-element elementor-element-fd69444\" data-id=\"fd69444\" data-element_type=\"column\" data-e-type=\"column\">\n\t\t\t<div class=\"elementor-widget-wrap elementor-element-populated\">\n\t\t\t\t\t\t<div class=\"elementor-element elementor-element-abcc2f2 elementor-widget elementor-widget-heading\" data-id=\"abcc2f2\" data-element_type=\"widget\" data-e-type=\"widget\" data-widget_type=\"heading.default\">\n\t\t\t\t<div class=\"elementor-widget-container\">\n\t\t\t\t\t<h1 class=\"elementor-heading-title elementor-size-default\">El\u00e4myksi\u00e4 maalaismilj\u00f6\u00f6ss\u00e4<\/h1>\t\t\t\t<\/div>\n\t\t\t\t<\/div>\n\t\t\t\t\t<\/div>\n\t\t<\/div>\n\t\t\t\t\t<\/div>\n\t\t<\/section>\n\t\t\t\t<section class=\"elementor-section elementor-top-section elementor-element elementor-element-5c40d7b elementor-section-boxed elementor-section-height-default elementor-section-height-default\" data-id=\"5c40d7b\" data-element_type=\"section\" data-e-type=\"section\">\n\t\t\t\t\t\t<div class=\"elementor-container elementor-column-gap-default\">\n\t\t\t\t\t<div class=\"elementor-column elementor-col-50 elementor-top-column elementor-element elementor-element-2ebbf9c\" data-id=\"2ebbf9c\" data-element_type=\"column\" data-e-type=\"column\">\n\t\t\t<div class=\"elementor-widget-wrap elementor-element-populated\">\n\t\t\t\t\t\t<div class=\"elementor-element elementor-element-fe195c7 elementor-widget elementor-widget-heading\" data-id=\"fe195c7\" data-element_type=\"widget\" data-e-type=\"widget\" data-widget_type=\"heading.default\">\n\t\t\t\t<div class=\"elementor-widget-container\">\n\t\t\t\t\t<h2 class=\"elementor-heading-title elementor-size-default\">Tarkkolan harrastajateatteri<\/h2>\t\t\t\t<\/div>\n\t\t\t\t<\/div>\n\t\t\t\t<div class=\"elementor-element elementor-element-dc051dd elementor-widget-divider--view-line elementor-widget elementor-widget-divider\" data-id=\"dc051dd\" data-element_type=\"widget\" data-e-type=\"widget\" data-widget_type=\"divider.default\">\n\t\t\t\t<div class=\"elementor-widget-container\">\n\t\t\t\t\t\t\t<div class=\"elementor-divider\">\n\t\t\t<span class=\"elementor-divider-separator\">\n\t\t\t\t\t\t<\/span>\n\t\t<\/div>\n\t\t\t\t\t\t<\/div>\n\t\t\t\t<\/div>\n\t\t\t\t<div class=\"elementor-element elementor-element-e5f497e elementor-widget elementor-widget-text-editor\" data-id=\"e5f497e\" data-element_type=\"widget\" data-e-type=\"widget\" data-widget_type=\"text-editor.default\">\n\t\t\t\t<div class=\"elementor-widget-container\">\n\t\t\t\t\t\t\t\t\t<p>Tarkkolan harrastajateatterin (aiemmin Tarkkolan Nuorisoseuran harrastajateatteri)\u00a0<span style=\"background-color: var(--ast-global-color-4);color: var(--ast-global-color-3);font-size: 1rem\">muodostaa innokas joukko teatterin harrastajia Tarkkolasta ja l\u00e4hikylist\u00e4.\u00a0 <\/span><span style=\"background-color: var(--ast-global-color-4);color: var(--ast-global-color-3);font-size: 1rem\">T<\/span><span style=\"font-style: inherit;font-weight: inherit;background-color: var(--ast-global-color-4);color: var(--ast-global-color-3)\">arjoamme ikimuistoisia teatteriel\u00e4myksi\u00e4 upeassa maalaismilj\u00f6\u00f6ss\u00e4 Hikip\u00e4\u00e4n Vintilla Tarkkolassa. <\/span><\/p><p><span style=\"font-style: inherit;font-weight: inherit;background-color: var(--ast-global-color-4);color: var(--ast-global-color-3)\">Vintill\u00e4 on katsomo 180 henkil\u00f6lle. <\/span><span style=\"font-style: inherit;font-weight: inherit;background-color: var(--ast-global-color-4);color: var(--ast-global-color-3)\">V\u00e4liajalla palvelee Tarkkolan Martat ry:n hoitama kahvio. <\/span>Pys\u00e4k\u00f6intitilaa on reilusti vintin viereisell\u00e4 pellolla. N\u00e4ytt\u00f6m\u00e4n ja katsomon tekniikasta, paikoituksesta ja liikenteenohjauksesta sek\u00e4 turvallisuusvalvonnasta vastaavat yhteisty\u00f6ss\u00e4 Tarkkolan Seudun Kyl\u00e4t ry, Ruokolahden Rajun Tarkkolan osasto ja mets\u00e4stysseura Kaiturin Er\u00e4.<\/p>\t\t\t\t\t\t\t\t<\/div>\n\t\t\t\t<\/div>\n\t\t\t\t<div class=\"elementor-element elementor-element-47b1dbd elementor-widget elementor-widget-heading\" data-id=\"47b1dbd\" data-element_type=\"widget\" data-e-type=\"widget\" data-widget_type=\"heading.default\">\n\t\t\t\t<div class=\"elementor-widget-container\">\n\t\t\t\t\t<h4 class=\"elementor-heading-title elementor-size-large\">Akka-agentti kes\u00e4ll\u00e4 2026<\/h4>\t\t\t\t<\/div>\n\t\t\t\t<\/div>\n\t\t\t\t<div class=\"elementor-element elementor-element-41635e6 elementor-widget-divider--view-line elementor-widget elementor-widget-divider\" data-id=\"41635e6\" data-element_type=\"widget\" data-e-type=\"widget\" data-widget_type=\"divider.default\">\n\t\t\t\t<div class=\"elementor-widget-container\">\n\t\t\t\t\t\t\t<div class=\"elementor-divider\">\n\t\t\t<span class=\"elementor-divider-separator\">\n\t\t\t\t\t\t<\/span>\n\t\t<\/div>\n\t\t\t\t\t\t<\/div>\n\t\t\t\t<\/div>\n\t\t\t\t<div class=\"elementor-element elementor-element-5dcd18a elementor-widget elementor-widget-text-editor\" data-id=\"5dcd18a\" data-element_type=\"widget\" data-e-type=\"widget\" data-widget_type=\"text-editor.default\">\n\t\t\t\t<div class=\"elementor-widget-container\">\n\t\t\t\t\t\t\t\t\t<div><div><p>Tarkkolan harrastajateatteri esitt\u00e4\u00e4 30.7.-9.8.2026 riemukkaan maalaiskomedian <span style=\"font-size: 16px\">Akka-agentti. <\/span><span style=\"font-size: 16px\">N\u00e4ytelm\u00e4n on kirjoittanut Tanja Puustinen ja ohjaa Pirjo Tiippana. Musiikista vastaa Seppo \u00c4ij\u00f6.\u00a0<\/span><\/p><p><span style=\"font-size: 16px\"> N\u00e4ytelm\u00e4ss\u00e4 on kaksi n\u00e4yt\u00f6st\u00e4 ja niiden v\u00e4lill\u00e4 noin puolen tunnin v\u00e4liaika, jolloin kahviopalvelut ovat k\u00e4ytett\u00e4viss\u00e4. <\/span>Lippujen varauksia p\u00e4\u00e4see tekem\u00e4\u00e4n kes\u00e4kuun alusta alkaen.<\/p><\/div><\/div>\t\t\t\t\t\t\t\t<\/div>\n\t\t\t\t<\/div>\n\t\t\t\t<div class=\"elementor-element elementor-element-4ed807c elementor-widget elementor-widget-image\" data-id=\"4ed807c\" data-element_type=\"widget\" data-e-type=\"widget\" data-widget_type=\"image.default\">\n\t\t\t\t<div class=\"elementor-widget-container\">\n\t\t\t\t\t\t\t\t\t\t\t\t\t\t\t<img fetchpriority=\"high\" decoding=\"async\" width=\"940\" height=\"788\" src=\"https:\/\/kylat.ekarjala.fi\/tarkkola\/wp-content\/uploads\/sites\/33\/2026\/02\/Nayttelijat.png\" class=\"attachment-large size-large wp-image-1838\" alt=\"\" srcset=\"https:\/\/kylat.ekarjala.fi\/tarkkola\/wp-content\/uploads\/sites\/33\/2026\/02\/Nayttelijat.png 940w, https:\/\/kylat.ekarjala.fi\/tarkkola\/wp-content\/uploads\/sites\/33\/2026\/02\/Nayttelijat-300x251.png 300w, https:\/\/kylat.ekarjala.fi\/tarkkola\/wp-content\/uploads\/sites\/33\/2026\/02\/Nayttelijat-768x644.png 768w\" sizes=\"(max-width: 940px) 100vw, 940px\" \/>\t\t\t\t\t\t\t\t\t\t\t\t\t\t\t<\/div>\n\t\t\t\t<\/div>\n\t\t\t\t\t<\/div>\n\t\t<\/div>\n\t\t\t\t<div class=\"elementor-column elementor-col-50 elementor-top-column elementor-element elementor-element-195bfb0\" data-id=\"195bfb0\" data-element_type=\"column\" data-e-type=\"column\">\n\t\t\t<div class=\"elementor-widget-wrap elementor-element-populated\">\n\t\t\t\t\t\t<div class=\"elementor-element elementor-element-b922454 elementor-widget elementor-widget-image\" data-id=\"b922454\" data-element_type=\"widget\" data-e-type=\"widget\" data-widget_type=\"image.default\">\n\t\t\t\t<div class=\"elementor-widget-container\">\n\t\t\t\t\t\t\t\t\t\t\t\t\t\t\t<img decoding=\"async\" src=\"https:\/\/kylat.ekarjala.fi\/tarkkola\/wp-content\/uploads\/sites\/33\/2024\/07\/Toimintaamme-ovat-tukeneet-Ruokolahden-kunta-Karjalan-Kulttuurisaatio-sr-Eksp-Saatio-OP-Kaakkois-Suomi-1.png\" title=\"\" alt=\"\" loading=\"lazy\" \/>\t\t\t\t\t\t\t\t\t\t\t\t\t\t\t<\/div>\n\t\t\t\t<\/div>\n\t\t\t\t<div class=\"elementor-element elementor-element-b7dfb22 elementor-widget elementor-widget-heading\" data-id=\"b7dfb22\" data-element_type=\"widget\" data-e-type=\"widget\" data-widget_type=\"heading.default\">\n\t\t\t\t<div class=\"elementor-widget-container\">\n\t\t\t\t\t<h4 class=\"elementor-heading-title elementor-size-large\">Osoite<\/h4>\t\t\t\t<\/div>\n\t\t\t\t<\/div>\n\t\t\t\t<div class=\"elementor-element elementor-element-6e49a8c elementor-widget-divider--view-line elementor-widget elementor-widget-divider\" data-id=\"6e49a8c\" data-element_type=\"widget\" data-e-type=\"widget\" data-widget_type=\"divider.default\">\n\t\t\t\t<div class=\"elementor-widget-container\">\n\t\t\t\t\t\t\t<div class=\"elementor-divider\">\n\t\t\t<span class=\"elementor-divider-separator\">\n\t\t\t\t\t\t<\/span>\n\t\t<\/div>\n\t\t\t\t\t\t<\/div>\n\t\t\t\t<\/div>\n\t\t\t\t<div class=\"elementor-element elementor-element-6c05f7e elementor-widget elementor-widget-text-editor\" data-id=\"6c05f7e\" data-element_type=\"widget\" data-e-type=\"widget\" data-widget_type=\"text-editor.default\">\n\t\t\t\t<div class=\"elementor-widget-container\">\n\t\t\t\t\t\t\t\t\t<p>Hikip\u00e4\u00e4n Vintti Vaahteruksentie 299, 56610 Rautj\u00e4rvi<\/p>\t\t\t\t\t\t\t\t<\/div>\n\t\t\t\t<\/div>\n\t\t\t\t<div class=\"elementor-element elementor-element-a895b18 elementor-widget elementor-widget-google_maps\" data-id=\"a895b18\" data-element_type=\"widget\" data-e-type=\"widget\" data-widget_type=\"google_maps.default\">\n\t\t\t\t<div class=\"elementor-widget-container\">\n\t\t\t\t\t\t\t<div class=\"elementor-custom-embed\">\n\t\t\t<iframe loading=\"lazy\"\n\t\t\t\t\tsrc=\"https:\/\/maps.google.com\/maps?q=Vaahteruksentie%20299%2C%2056610%20Rautj%C3%A4rvi&#038;t=m&#038;z=10&#038;output=embed&#038;iwloc=near\"\n\t\t\t\t\ttitle=\"Vaahteruksentie 299, 56610 Rautj\u00e4rvi\"\n\t\t\t\t\taria-label=\"Vaahteruksentie 299, 56610 Rautj\u00e4rvi\"\n\t\t\t><\/iframe>\n\t\t<\/div>\n\t\t\t\t\t\t<\/div>\n\t\t\t\t<\/div>\n\t\t\t\t<div class=\"elementor-element elementor-element-469b89c elementor-widget elementor-widget-heading\" data-id=\"469b89c\" data-element_type=\"widget\" data-e-type=\"widget\" data-widget_type=\"heading.default\">\n\t\t\t\t<div class=\"elementor-widget-container\">\n\t\t\t\t\t<h4 class=\"elementor-heading-title elementor-size-large\">Liput ja v\u00e4liaikatarjoilut<\/h4>\t\t\t\t<\/div>\n\t\t\t\t<\/div>\n\t\t\t\t<div class=\"elementor-element elementor-element-90c486d elementor-widget-divider--view-line elementor-widget elementor-widget-divider\" data-id=\"90c486d\" data-element_type=\"widget\" data-e-type=\"widget\" data-widget_type=\"divider.default\">\n\t\t\t\t<div class=\"elementor-widget-container\">\n\t\t\t\t\t\t\t<div class=\"elementor-divider\">\n\t\t\t<span class=\"elementor-divider-separator\">\n\t\t\t\t\t\t<\/span>\n\t\t<\/div>\n\t\t\t\t\t\t<\/div>\n\t\t\t\t<\/div>\n\t\t\t\t<div class=\"elementor-element elementor-element-8fa5262 elementor-widget elementor-widget-text-editor\" data-id=\"8fa5262\" data-element_type=\"widget\" data-e-type=\"widget\" data-widget_type=\"text-editor.default\">\n\t\t\t\t<div class=\"elementor-widget-container\">\n\t\t\t\t\t\t\t\t\t<p>Liput: aikuiset 20 euroa, lapset alle 12.v. 8 euroa. Maksu kes\u00e4teatterin lippukassalle k\u00e4teisell\u00e4 tai pankkikortilla.<\/p><p>V\u00e4liaikatarjoilut: kahvi\/tee ja kahvileip\u00e4 5 euroa, muut virvokkeet hinnoitellaan my\u00f6hemmin. Maksu kes\u00e4teatterin lippukassalle k\u00e4teisell\u00e4 tai pankkikortilla.<\/p><p>Lippujen varaukset 1.6.2026 alkaen puhelimitse ma-pe klo 15-18 p. 045 203 9010.<\/p><p>Ryhmille lippujen ja v\u00e4liaikatarjoilujen varaukset 1.6.2026 alkaen s\u00e4hk\u00f6postilla tarkkolanseudunkylatry@gmail.com. Yli 15 henkil\u00f6n ryhm\u00e4t voivat varauksen yhteydess\u00e4 pyyt\u00e4\u00e4 laskun lipuista ja v\u00e4liaikatarjoiluista, se toimitetaan varaajan s\u00e4hk\u00f6postiosoitteeseen.<\/p>\t\t\t\t\t\t\t\t<\/div>\n\t\t\t\t<\/div>\n\t\t\t\t<div class=\"elementor-element elementor-element-a41ea0e elementor-widget elementor-widget-heading\" data-id=\"a41ea0e\" data-element_type=\"widget\" data-e-type=\"widget\" data-widget_type=\"heading.default\">\n\t\t\t\t<div class=\"elementor-widget-container\">\n\t\t\t\t\t<h4 class=\"elementor-heading-title elementor-size-large\">Edelliset n\u00e4ytelm\u00e4mme<\/h4>\t\t\t\t<\/div>\n\t\t\t\t<\/div>\n\t\t\t\t<div class=\"elementor-element elementor-element-7a7f469 elementor-widget-divider--view-line elementor-widget elementor-widget-divider\" data-id=\"7a7f469\" data-element_type=\"widget\" data-e-type=\"widget\" data-widget_type=\"divider.default\">\n\t\t\t\t<div class=\"elementor-widget-container\">\n\t\t\t\t\t\t\t<div class=\"elementor-divider\">\n\t\t\t<span class=\"elementor-divider-separator\">\n\t\t\t\t\t\t<\/span>\n\t\t<\/div>\n\t\t\t\t\t\t<\/div>\n\t\t\t\t<\/div>\n\t\t\t\t<div class=\"elementor-element elementor-element-e1b68a7 elementor-widget elementor-widget-text-editor\" data-id=\"e1b68a7\" data-element_type=\"widget\" data-e-type=\"widget\" data-widget_type=\"text-editor.default\">\n\t\t\t\t<div class=\"elementor-widget-container\">\n\t\t\t\t\t\t\t\t\t<ul><li>2024 Miehen tuoksu<\/li><li>2022 Rypyt\u00f6n rakkaus<\/li><li>2019 Rollaattorikapina<\/li><li>2017 Aina oon velje\u00e4 toivonut<\/li><li>2015 Kultakuume<\/li><\/ul>\t\t\t\t\t\t\t\t<\/div>\n\t\t\t\t<\/div>\n\t\t\t\t\t<\/div>\n\t\t<\/div>\n\t\t\t\t\t<\/div>\n\t\t<\/section>\n\t\t\t\t<\/div>\n\t\t","protected":false},"excerpt":{"rendered":"<p>El\u00e4myksi\u00e4 maalaismilj\u00f6\u00f6ss\u00e4 Tarkkolan harrastajateatteri Tarkkolan harrastajateatterin (aiemmin Tarkkolan Nuorisoseuran harrastajateatteri)\u00a0muodostaa innokas joukko teatterin harrastajia Tarkkolasta ja l\u00e4hikylist\u00e4.\u00a0 Tarjoamme ikimuistoisia teatteriel\u00e4myksi\u00e4 upeassa maalaismilj\u00f6\u00f6ss\u00e4 Hikip\u00e4\u00e4n Vintilla Tarkkolassa. Vintill\u00e4 on katsomo 180 henkil\u00f6lle. V\u00e4liajalla palvelee Tarkkolan Martat ry:n hoitama kahvio. Pys\u00e4k\u00f6intitilaa on reilusti vintin viereisell\u00e4 pellolla. N\u00e4ytt\u00f6m\u00e4n ja katsomon tekniikasta, paikoituksesta ja liikenteenohjauksesta sek\u00e4 turvallisuusvalvonnasta vastaavat yhteisty\u00f6ss\u00e4 Tarkkolan [&hellip;]<\/p>\n","protected":false},"author":175,"featured_media":0,"parent":0,"menu_order":0,"comment_status":"closed","ping_status":"closed","template":"","meta":{"site-sidebar-layout":"no-sidebar","site-content-layout":"page-builder","ast-site-content-layout":"default","site-content-style":"default","site-sidebar-style":"default","ast-global-header-display":"","ast-banner-title-visibility":"","ast-main-header-display":"","ast-hfb-above-header-display":"","ast-hfb-below-header-display":"","ast-hfb-mobile-header-display":"","site-post-title":"","ast-breadcrumbs-content":"","ast-featured-img":"disabled","footer-sml-layout":"","ast-disable-related-posts":"","theme-transparent-header-meta":"enabled","adv-header-id-meta":"","stick-header-meta":"","header-above-stick-meta":"","header-main-stick-meta":"","header-below-stick-meta":"","astra-migrate-meta-layouts":"default","ast-page-background-enabled":"default","ast-page-background-meta":{"desktop":{"background-color":"","background-image":"","background-repeat":"repeat","background-position":"center center","background-size":"auto","background-attachment":"scroll","background-type":"","background-media":"","overlay-type":"","overlay-color":"","overlay-opacity":"","overlay-gradient":""},"tablet":{"background-color":"","background-image":"","background-repeat":"repeat","background-position":"center center","background-size":"auto","background-attachment":"scroll","background-type":"","background-media":"","overlay-type":"","overlay-color":"","overlay-opacity":"","overlay-gradient":""},"mobile":{"background-color":"","background-image":"","background-repeat":"repeat","background-position":"center center","background-size":"auto","background-attachment":"scroll","background-type":"","background-media":"","overlay-type":"","overlay-color":"","overlay-opacity":"","overlay-gradient":""}},"ast-content-background-meta":{"desktop":{"background-color":"var(--ast-global-color-5)","background-image":"","background-repeat":"repeat","background-position":"center center","background-size":"auto","background-attachment":"scroll","background-type":"","background-media":"","overlay-type":"","overlay-color":"","overlay-opacity":"","overlay-gradient":""},"tablet":{"background-color":"var(--ast-global-color-5)","background-image":"","background-repeat":"repeat","background-position":"center center","background-size":"auto","background-attachment":"scroll","background-type":"","background-media":"","overlay-type":"","overlay-color":"","overlay-opacity":"","overlay-gradient":""},"mobile":{"background-color":"var(--ast-global-color-5)","background-image":"","background-repeat":"repeat","background-position":"center center","background-size":"auto","background-attachment":"scroll","background-type":"","background-media":"","overlay-type":"","overlay-color":"","overlay-opacity":"","overlay-gradient":""}},"footnotes":""},"class_list":["post-5","page","type-page","status-publish","hentry"],"_links":{"self":[{"href":"https:\/\/kylat.ekarjala.fi\/tarkkola\/wp-json\/wp\/v2\/pages\/5","targetHints":{"allow":["GET"]}}],"collection":[{"href":"https:\/\/kylat.ekarjala.fi\/tarkkola\/wp-json\/wp\/v2\/pages"}],"about":[{"href":"https:\/\/kylat.ekarjala.fi\/tarkkola\/wp-json\/wp\/v2\/types\/page"}],"author":[{"embeddable":true,"href":"https:\/\/kylat.ekarjala.fi\/tarkkola\/wp-json\/wp\/v2\/users\/175"}],"replies":[{"embeddable":true,"href":"https:\/\/kylat.ekarjala.fi\/tarkkola\/wp-json\/wp\/v2\/comments?post=5"}],"version-history":[{"count":20,"href":"https:\/\/kylat.ekarjala.fi\/tarkkola\/wp-json\/wp\/v2\/pages\/5\/revisions"}],"predecessor-version":[{"id":1891,"href":"https:\/\/kylat.ekarjala.fi\/tarkkola\/wp-json\/wp\/v2\/pages\/5\/revisions\/1891"}],"wp:attachment":[{"href":"https:\/\/kylat.ekarjala.fi\/tarkkola\/wp-json\/wp\/v2\/media?parent=5"}],"curies":[{"name":"wp","href":"https:\/\/api.w.org\/{rel}","templated":true}]}}