{"id":6,"date":"2018-11-27T09:17:28","date_gmt":"2018-11-27T09:17:28","guid":{"rendered":"https:\/\/kylat.ekarjala.fi\/tarkkola\/services\/"},"modified":"2024-12-11T08:55:44","modified_gmt":"2024-12-11T08:55:44","slug":"martat","status":"publish","type":"page","link":"https:\/\/kylat.ekarjala.fi\/tarkkola\/martat\/","title":{"rendered":"Tarkkolan Martat ry"},"content":{"rendered":"\t\t<div data-elementor-type=\"wp-post\" data-elementor-id=\"6\" class=\"elementor elementor-6\" data-elementor-post-type=\"page\">\n\t\t\t\t\t\t<section class=\"elementor-section elementor-top-section elementor-element elementor-element-33a79095 elementor-section-boxed elementor-section-height-default elementor-section-height-default\" data-id=\"33a79095\" data-element_type=\"section\" data-e-type=\"section\" data-settings=\"{&quot;background_background&quot;:&quot;classic&quot;}\">\n\t\t\t\t\t\t\t<div class=\"elementor-background-overlay\"><\/div>\n\t\t\t\t\t\t\t<div class=\"elementor-container elementor-column-gap-default\">\n\t\t\t\t\t<div class=\"elementor-column elementor-col-100 elementor-top-column elementor-element elementor-element-3706530d\" data-id=\"3706530d\" data-element_type=\"column\" data-e-type=\"column\">\n\t\t\t<div class=\"elementor-widget-wrap elementor-element-populated\">\n\t\t\t\t\t\t<div class=\"elementor-element elementor-element-537de1f elementor-widget elementor-widget-heading\" data-id=\"537de1f\" data-element_type=\"widget\" data-e-type=\"widget\" data-widget_type=\"heading.default\">\n\t\t\t\t<div class=\"elementor-widget-container\">\n\t\t\t\t\t<h1 class=\"elementor-heading-title elementor-size-default\">Tarkkolan Martat ry<\/h1>\t\t\t\t<\/div>\n\t\t\t\t<\/div>\n\t\t\t\t\t<\/div>\n\t\t<\/div>\n\t\t\t\t\t<\/div>\n\t\t<\/section>\n\t\t\t\t<section class=\"elementor-section elementor-top-section elementor-element elementor-element-3984c7c elementor-section-boxed elementor-section-height-default elementor-section-height-default\" data-id=\"3984c7c\" data-element_type=\"section\" data-e-type=\"section\">\n\t\t\t\t\t\t<div class=\"elementor-container elementor-column-gap-default\">\n\t\t\t\t\t<div class=\"elementor-column elementor-col-100 elementor-top-column elementor-element elementor-element-3b185be\" data-id=\"3b185be\" data-element_type=\"column\" data-e-type=\"column\">\n\t\t\t<div class=\"elementor-widget-wrap elementor-element-populated\">\n\t\t\t\t\t\t<div class=\"elementor-element elementor-element-f8fa214 elementor-widget elementor-widget-text-editor\" data-id=\"f8fa214\" data-element_type=\"widget\" data-e-type=\"widget\" data-widget_type=\"text-editor.default\">\n\t\t\t\t<div class=\"elementor-widget-container\">\n\t\t\t\t\t\t\t\t\t<p>\u00a0<\/p><p>\u00a0<\/p>\t\t\t\t\t\t\t\t<\/div>\n\t\t\t\t<\/div>\n\t\t\t\t\t<\/div>\n\t\t<\/div>\n\t\t\t\t\t<\/div>\n\t\t<\/section>\n\t\t\t\t<section class=\"elementor-section elementor-top-section elementor-element elementor-element-daabb77 elementor-section-boxed elementor-section-height-default elementor-section-height-default\" data-id=\"daabb77\" data-element_type=\"section\" data-e-type=\"section\">\n\t\t\t\t\t\t<div class=\"elementor-container elementor-column-gap-default\">\n\t\t\t\t\t<div class=\"elementor-column elementor-col-33 elementor-top-column elementor-element elementor-element-1800926\" data-id=\"1800926\" data-element_type=\"column\" data-e-type=\"column\">\n\t\t\t<div class=\"elementor-widget-wrap elementor-element-populated\">\n\t\t\t\t\t\t<div class=\"elementor-element elementor-element-7ecf041 elementor-widget elementor-widget-image\" data-id=\"7ecf041\" data-element_type=\"widget\" data-e-type=\"widget\" data-widget_type=\"image.default\">\n\t\t\t\t<div class=\"elementor-widget-container\">\n\t\t\t\t\t\t\t\t\t\t\t\t\t\t\t<img fetchpriority=\"high\" decoding=\"async\" width=\"1024\" height=\"768\" src=\"https:\/\/kylat.ekarjala.fi\/tarkkola\/wp-content\/uploads\/sites\/33\/2022\/06\/IMG-20220516-WA0002-e1654169648979-1024x768.jpg\" class=\"attachment-large size-large wp-image-919\" alt=\"\" srcset=\"https:\/\/kylat.ekarjala.fi\/tarkkola\/wp-content\/uploads\/sites\/33\/2022\/06\/IMG-20220516-WA0002-e1654169648979-1024x768.jpg 1024w, https:\/\/kylat.ekarjala.fi\/tarkkola\/wp-content\/uploads\/sites\/33\/2022\/06\/IMG-20220516-WA0002-e1654169648979-300x225.jpg 300w, https:\/\/kylat.ekarjala.fi\/tarkkola\/wp-content\/uploads\/sites\/33\/2022\/06\/IMG-20220516-WA0002-e1654169648979-768x576.jpg 768w, https:\/\/kylat.ekarjala.fi\/tarkkola\/wp-content\/uploads\/sites\/33\/2022\/06\/IMG-20220516-WA0002-e1654169648979-1536x1152.jpg 1536w, https:\/\/kylat.ekarjala.fi\/tarkkola\/wp-content\/uploads\/sites\/33\/2022\/06\/IMG-20220516-WA0002-e1654169648979.jpg 2048w\" sizes=\"(max-width: 1024px) 100vw, 1024px\" \/>\t\t\t\t\t\t\t\t\t\t\t\t\t\t\t<\/div>\n\t\t\t\t<\/div>\n\t\t\t\t<div class=\"elementor-element elementor-element-79953a9 elementor-widget elementor-widget-text-editor\" data-id=\"79953a9\" data-element_type=\"widget\" data-e-type=\"widget\" data-widget_type=\"text-editor.default\">\n\t\t\t\t<div class=\"elementor-widget-container\">\n\t\t\t\t\t\t\t\t\t<p><em style=\"font-weight: inherit;color: var(--ast-global-color-3);background-color: var(--ast-global-color-4)\"><strong>Jos silm\u00e4ilet s\u00e4 Suomen karttaa<br \/><\/strong><\/em><em><strong>joka kyl\u00e4ss\u00e4 puuhaa monta Marttaa.<\/strong><\/em><\/p><p><em><strong>Mist\u00e4 on pienet Martat tehty?<\/strong><\/em><br \/><em><strong><span style=\"background-color: var(--ast-global-color-4);color: var(--ast-global-color-3)\">Perinteist\u00e4, kiinnostuksesta,<br \/>kohtaamisista, luottamuksesta.<\/span><\/strong><\/em><\/p><p><em><strong><span style=\"background-color: var(--ast-global-color-4);color: var(--ast-global-color-3)\">Halusta vieraanvaraisuuteen,<br \/>tarttumisesta tilaisuuteen.<\/span><\/strong><\/em><\/p><p><em><strong><span style=\"background-color: var(--ast-global-color-4);color: var(--ast-global-color-3)\">Kokouksista, kahvihetkist\u00e4,<br \/>pienist\u00e4 ja suurista retkist\u00e4.<\/span><\/strong><\/em><\/p><p><em><strong><span style=\"background-color: var(--ast-global-color-4);color: var(--ast-global-color-3)\">Hyv\u00e4ntuulisuudesta, auttamisesta,<br \/>v\u00e4litt\u00e4misest\u00e4, rakkaudesta.<\/span><\/strong><\/em><\/p><p><em><strong><span style=\"background-color: var(--ast-global-color-4);color: var(--ast-global-color-3)\">Opettelusta ja opettamisesta,<br \/>juhlasta sek\u00e4 ihan arjesta.<\/span><\/strong><\/em><\/p>\t\t\t\t\t\t\t\t<\/div>\n\t\t\t\t<\/div>\n\t\t\t\t\t<\/div>\n\t\t<\/div>\n\t\t\t\t<div class=\"elementor-column elementor-col-33 elementor-top-column elementor-element elementor-element-3013ac6\" data-id=\"3013ac6\" data-element_type=\"column\" data-e-type=\"column\">\n\t\t\t<div class=\"elementor-widget-wrap\">\n\t\t\t\t\t\t\t<\/div>\n\t\t<\/div>\n\t\t\t\t<div class=\"elementor-column elementor-col-33 elementor-top-column elementor-element elementor-element-f7ffbe6\" data-id=\"f7ffbe6\" data-element_type=\"column\" data-e-type=\"column\">\n\t\t\t<div class=\"elementor-widget-wrap elementor-element-populated\">\n\t\t\t\t\t\t<div class=\"elementor-element elementor-element-15f0a75 elementor-widget elementor-widget-heading\" data-id=\"15f0a75\" data-element_type=\"widget\" data-e-type=\"widget\" data-widget_type=\"heading.default\">\n\t\t\t\t<div class=\"elementor-widget-container\">\n\t\t\t\t\t<h2 class=\"elementor-heading-title elementor-size-large\">Toimintasuunnitelma <\/h2>\t\t\t\t<\/div>\n\t\t\t\t<\/div>\n\t\t\t\t<div class=\"elementor-element elementor-element-422f0b6 elementor-widget-divider--view-line elementor-widget elementor-widget-divider\" data-id=\"422f0b6\" data-element_type=\"widget\" data-e-type=\"widget\" data-widget_type=\"divider.default\">\n\t\t\t\t<div class=\"elementor-widget-container\">\n\t\t\t\t\t\t\t<div class=\"elementor-divider\">\n\t\t\t<span class=\"elementor-divider-separator\">\n\t\t\t\t\t\t<\/span>\n\t\t<\/div>\n\t\t\t\t\t\t<\/div>\n\t\t\t\t<\/div>\n\t\t\t\t<div class=\"elementor-element elementor-element-b916ddc elementor-widget elementor-widget-heading\" data-id=\"b916ddc\" data-element_type=\"widget\" data-e-type=\"widget\" data-widget_type=\"heading.default\">\n\t\t\t\t<div class=\"elementor-widget-container\">\n\t\t\t\t\t<h2 class=\"elementor-heading-title elementor-size-default\">Yhteystiedot<\/h2>\t\t\t\t<\/div>\n\t\t\t\t<\/div>\n\t\t\t\t<div class=\"elementor-element elementor-element-ec81ed4 elementor-widget-divider--view-line elementor-widget elementor-widget-divider\" data-id=\"ec81ed4\" data-element_type=\"widget\" data-e-type=\"widget\" data-widget_type=\"divider.default\">\n\t\t\t\t<div class=\"elementor-widget-container\">\n\t\t\t\t\t\t\t<div class=\"elementor-divider\">\n\t\t\t<span class=\"elementor-divider-separator\">\n\t\t\t\t\t\t<\/span>\n\t\t<\/div>\n\t\t\t\t\t\t<\/div>\n\t\t\t\t<\/div>\n\t\t\t\t<div class=\"elementor-element elementor-element-3f84446 elementor-widget elementor-widget-text-editor\" data-id=\"3f84446\" data-element_type=\"widget\" data-e-type=\"widget\" data-widget_type=\"text-editor.default\">\n\t\t\t\t<div class=\"elementor-widget-container\">\n\t\t\t\t\t\t\t\t\t<p><span style=\"background-color: var(--ast-global-color-4);color: var(--ast-global-color-3)\">Puheenjohtaja Heli Koskinen<\/span><\/p><p style=\"font-size: 16px;font-style: normal;font-weight: 400\">p. 050 321 963<\/p>\t\t\t\t\t\t\t\t<\/div>\n\t\t\t\t<\/div>\n\t\t\t\t\t<\/div>\n\t\t<\/div>\n\t\t\t\t\t<\/div>\n\t\t<\/section>\n\t\t\t\t<\/div>\n\t\t","protected":false},"excerpt":{"rendered":"<p>Tarkkolan Martat ry \u00a0 \u00a0 Jos silm\u00e4ilet s\u00e4 Suomen karttaajoka kyl\u00e4ss\u00e4 puuhaa monta Marttaa. Mist\u00e4 on pienet Martat tehty?Perinteist\u00e4, kiinnostuksesta,kohtaamisista, luottamuksesta. Halusta vieraanvaraisuuteen,tarttumisesta tilaisuuteen. Kokouksista, kahvihetkist\u00e4,pienist\u00e4 ja suurista retkist\u00e4. Hyv\u00e4ntuulisuudesta, auttamisesta,v\u00e4litt\u00e4misest\u00e4, rakkaudesta. Opettelusta ja opettamisesta,juhlasta sek\u00e4 ihan arjesta. Toimintasuunnitelma Yhteystiedot Puheenjohtaja Heli Koskinen p. 050 321 963<\/p>\n","protected":false},"author":175,"featured_media":0,"parent":0,"menu_order":0,"comment_status":"closed","ping_status":"closed","template":"","meta":{"site-sidebar-layout":"no-sidebar","site-content-layout":"page-builder","ast-site-content-layout":"default","site-content-style":"default","site-sidebar-style":"default","ast-global-header-display":"","ast-banner-title-visibility":"","ast-main-header-display":"","ast-hfb-above-header-display":"","ast-hfb-below-header-display":"","ast-hfb-mobile-header-display":"","site-post-title":"disabled","ast-breadcrumbs-content":"","ast-featured-img":"disabled","footer-sml-layout":"","ast-disable-related-posts":"","theme-transparent-header-meta":"enabled","adv-header-id-meta":"","stick-header-meta":"","header-above-stick-meta":"","header-main-stick-meta":"","header-below-stick-meta":"","astra-migrate-meta-layouts":"default","ast-page-background-enabled":"default","ast-page-background-meta":{"desktop":{"background-color":"","background-image":"","background-repeat":"repeat","background-position":"center center","background-size":"auto","background-attachment":"scroll","background-type":"","background-media":"","overlay-type":"","overlay-color":"","overlay-opacity":"","overlay-gradient":""},"tablet":{"background-color":"","background-image":"","background-repeat":"repeat","background-position":"center center","background-size":"auto","background-attachment":"scroll","background-type":"","background-media":"","overlay-type":"","overlay-color":"","overlay-opacity":"","overlay-gradient":""},"mobile":{"background-color":"","background-image":"","background-repeat":"repeat","background-position":"center center","background-size":"auto","background-attachment":"scroll","background-type":"","background-media":"","overlay-type":"","overlay-color":"","overlay-opacity":"","overlay-gradient":""}},"ast-content-background-meta":{"desktop":{"background-color":"var(--ast-global-color-5)","background-image":"","background-repeat":"repeat","background-position":"center center","background-size":"auto","background-attachment":"scroll","background-type":"","background-media":"","overlay-type":"","overlay-color":"","overlay-opacity":"","overlay-gradient":""},"tablet":{"background-color":"var(--ast-global-color-5)","background-image":"","background-repeat":"repeat","background-position":"center center","background-size":"auto","background-attachment":"scroll","background-type":"","background-media":"","overlay-type":"","overlay-color":"","overlay-opacity":"","overlay-gradient":""},"mobile":{"background-color":"var(--ast-global-color-5)","background-image":"","background-repeat":"repeat","background-position":"center center","background-size":"auto","background-attachment":"scroll","background-type":"","background-media":"","overlay-type":"","overlay-color":"","overlay-opacity":"","overlay-gradient":""}},"footnotes":""},"class_list":["post-6","page","type-page","status-publish","hentry"],"_links":{"self":[{"href":"https:\/\/kylat.ekarjala.fi\/tarkkola\/wp-json\/wp\/v2\/pages\/6","targetHints":{"allow":["GET"]}}],"collection":[{"href":"https:\/\/kylat.ekarjala.fi\/tarkkola\/wp-json\/wp\/v2\/pages"}],"about":[{"href":"https:\/\/kylat.ekarjala.fi\/tarkkola\/wp-json\/wp\/v2\/types\/page"}],"author":[{"embeddable":true,"href":"https:\/\/kylat.ekarjala.fi\/tarkkola\/wp-json\/wp\/v2\/users\/175"}],"replies":[{"embeddable":true,"href":"https:\/\/kylat.ekarjala.fi\/tarkkola\/wp-json\/wp\/v2\/comments?post=6"}],"version-history":[{"count":20,"href":"https:\/\/kylat.ekarjala.fi\/tarkkola\/wp-json\/wp\/v2\/pages\/6\/revisions"}],"predecessor-version":[{"id":1645,"href":"https:\/\/kylat.ekarjala.fi\/tarkkola\/wp-json\/wp\/v2\/pages\/6\/revisions\/1645"}],"wp:attachment":[{"href":"https:\/\/kylat.ekarjala.fi\/tarkkola\/wp-json\/wp\/v2\/media?parent=6"}],"curies":[{"name":"wp","href":"https:\/\/api.w.org\/{rel}","templated":true}]}}