{"id":13,"date":"2011-08-29T11:17:00","date_gmt":"2011-08-29T09:47:00","guid":{"rendered":"https:\/\/kylat.ekarjala.fi\/tarnala\/?page_id=13"},"modified":"2013-04-04T10:26:50","modified_gmt":"2013-04-04T08:56:50","slug":"kylakirja","status":"publish","type":"page","link":"https:\/\/kylat.ekarjala.fi\/tarnala\/kylayhdistys\/kylakirja\/","title":{"rendered":"Kyl\u00e4kirja"},"content":{"rendered":"<p>Kyl\u00e4kirja Tarnalassa ku taivaan pankolla<\/p>\n<p>Tarnalan kyl\u00e4kirja &#8221;Tarnalassa ku taivaan pankolla&#8221; kertoo kyl\u00e4n ja l\u00e4hiseudun historiasta 1900-luvun loppuun saakka. Kirjan kokosi joukko nykyisi\u00e4 ja entisi\u00e4 kyl\u00e4l\u00e4isi\u00e4 Erkki Paakkisen johdolla. Urakka oli vireill\u00e4 l\u00e4hes vuosikymmenen ajan 1990-luvulla.<\/p>\n<p>Kyl\u00e4kirja julkaistiin vuonna 2000 ja siit\u00e4 otettiin 700 kappaleen painos. Kaikki on myyty.<\/p>\n","protected":false},"excerpt":{"rendered":"<p>Kyl\u00e4kirja Tarnalassa ku taivaan pankolla Tarnalan kyl\u00e4kirja &#8221;Tarnalassa ku taivaan pankolla&#8221; kertoo kyl\u00e4n ja l\u00e4hiseudun historiasta 1900-luvun loppuun saakka. Kirjan kokosi joukko nykyisi\u00e4 ja entisi\u00e4 kyl\u00e4l\u00e4isi\u00e4 Erkki Paakkisen johdolla. Urakka oli vireill\u00e4 l\u00e4hes vuosikymmenen ajan 1990-luvulla. Kyl\u00e4kirja julkaistiin vuonna 2000 &hellip; <a href=\"https:\/\/kylat.ekarjala.fi\/tarnala\/kylayhdistys\/kylakirja\/\">Lue loppuun <span class=\"meta-nav\">&rarr;<\/span><\/a><\/p>\n","protected":false},"author":20,"featured_media":0,"parent":32,"menu_order":0,"comment_status":"closed","ping_status":"open","template":"","meta":{"footnotes":""},"class_list":["post-13","page","type-page","status-publish","hentry"],"_links":{"self":[{"href":"https:\/\/kylat.ekarjala.fi\/tarnala\/wp-json\/wp\/v2\/pages\/13","targetHints":{"allow":["GET"]}}],"collection":[{"href":"https:\/\/kylat.ekarjala.fi\/tarnala\/wp-json\/wp\/v2\/pages"}],"about":[{"href":"https:\/\/kylat.ekarjala.fi\/tarnala\/wp-json\/wp\/v2\/types\/page"}],"author":[{"embeddable":true,"href":"https:\/\/kylat.ekarjala.fi\/tarnala\/wp-json\/wp\/v2\/users\/20"}],"replies":[{"embeddable":true,"href":"https:\/\/kylat.ekarjala.fi\/tarnala\/wp-json\/wp\/v2\/comments?post=13"}],"version-history":[{"count":6,"href":"https:\/\/kylat.ekarjala.fi\/tarnala\/wp-json\/wp\/v2\/pages\/13\/revisions"}],"predecessor-version":[{"id":250,"href":"https:\/\/kylat.ekarjala.fi\/tarnala\/wp-json\/wp\/v2\/pages\/13\/revisions\/250"}],"up":[{"embeddable":true,"href":"https:\/\/kylat.ekarjala.fi\/tarnala\/wp-json\/wp\/v2\/pages\/32"}],"wp:attachment":[{"href":"https:\/\/kylat.ekarjala.fi\/tarnala\/wp-json\/wp\/v2\/media?parent=13"}],"curies":[{"name":"wp","href":"https:\/\/api.w.org\/{rel}","templated":true}]}}