{"id":143,"date":"2012-02-07T14:20:32","date_gmt":"2012-02-07T12:50:32","guid":{"rendered":"https:\/\/kylat.ekarjala.fi\/tarnala\/?page_id=143"},"modified":"2021-12-08T18:36:49","modified_gmt":"2021-12-08T17:06:49","slug":"latukunto","status":"publish","type":"page","link":"https:\/\/kylat.ekarjala.fi\/tarnala\/latukunto\/","title":{"rendered":"Liikuntareitit"},"content":{"rendered":"<p>Hiihtolatuja on avattu. Tilanne joulukuussa, p\u00e4ivitetty 8.12.<\/p>\n<p>Kes\u00e4k\u00e4yt\u00e4nt\u00f6\u00e4: Koulutalolta l\u00e4htev\u00e4\u00e4 valaistua latua voi k\u00e4ytt\u00e4\u00e4 lenkkeilyyn kes\u00e4kaudella. Patikointi mahdollista my\u00f6s H\u00e4t\u00e4m\u00e4enlenkill\u00e4.<\/p>\n","protected":false},"excerpt":{"rendered":"<p>Hiihtolatuja on avattu. Tilanne joulukuussa, p\u00e4ivitetty 8.12. Kes\u00e4k\u00e4yt\u00e4nt\u00f6\u00e4: Koulutalolta l\u00e4htev\u00e4\u00e4 valaistua latua voi k\u00e4ytt\u00e4\u00e4 lenkkeilyyn kes\u00e4kaudella. Patikointi mahdollista my\u00f6s H\u00e4t\u00e4m\u00e4enlenkill\u00e4.<\/p>\n","protected":false},"author":20,"featured_media":0,"parent":0,"menu_order":0,"comment_status":"closed","ping_status":"open","template":"","meta":{"footnotes":""},"class_list":["post-143","page","type-page","status-publish","hentry"],"_links":{"self":[{"href":"https:\/\/kylat.ekarjala.fi\/tarnala\/wp-json\/wp\/v2\/pages\/143","targetHints":{"allow":["GET"]}}],"collection":[{"href":"https:\/\/kylat.ekarjala.fi\/tarnala\/wp-json\/wp\/v2\/pages"}],"about":[{"href":"https:\/\/kylat.ekarjala.fi\/tarnala\/wp-json\/wp\/v2\/types\/page"}],"author":[{"embeddable":true,"href":"https:\/\/kylat.ekarjala.fi\/tarnala\/wp-json\/wp\/v2\/users\/20"}],"replies":[{"embeddable":true,"href":"https:\/\/kylat.ekarjala.fi\/tarnala\/wp-json\/wp\/v2\/comments?post=143"}],"version-history":[{"count":12,"href":"https:\/\/kylat.ekarjala.fi\/tarnala\/wp-json\/wp\/v2\/pages\/143\/revisions"}],"predecessor-version":[{"id":617,"href":"https:\/\/kylat.ekarjala.fi\/tarnala\/wp-json\/wp\/v2\/pages\/143\/revisions\/617"}],"wp:attachment":[{"href":"https:\/\/kylat.ekarjala.fi\/tarnala\/wp-json\/wp\/v2\/media?parent=143"}],"curies":[{"name":"wp","href":"https:\/\/api.w.org\/{rel}","templated":true}]}}