{"id":21,"date":"2011-08-29T11:22:18","date_gmt":"2011-08-29T09:52:18","guid":{"rendered":"https:\/\/kylat.ekarjala.fi\/tarnala\/?page_id=21"},"modified":"2023-07-06T14:05:36","modified_gmt":"2023-07-06T12:35:36","slug":"ajankohtaista","status":"publish","type":"page","link":"https:\/\/kylat.ekarjala.fi\/tarnala\/","title":{"rendered":"Ajankohtaista"},"content":{"rendered":"<h3>Tulossa:<\/h3>\n<p>LUOKKAKOKOUS<\/p>\n<p>Tarnalan koululaisten yleinen tapaaminen koululla la 8.7. klo 13-16<\/p>\n<p>Tervetuloa! Myynniss\u00e4 lohikeittoa. Vapaata tarinointia tuttujen kesken.<\/p>\n<p>J\u00e4rj. kyl\u00e4yhdistys<\/p>\n<p>LINTUILTA Pohjanrannan lintutornilla pe 13.5. alkaen klo 17. Antero Tykkyl\u00e4inen ja Esko Veijalainen opastavat lintujen tunnistamisessa. Myyt\u00e4v\u00e4n\u00e4 makkaraa ja kahvia. Tervetuloa!<\/p>\n<p>Hein\u00e4kuulle on suunnitteilla rantakalailta. Siit\u00e4 tiedotetaan my\u00f6hemmin.<\/p>\n<p>Menneen talven tapahtumia:<\/p>\n<p>M\u00e4enlaskutapahtuma Kuposenm\u00e4ell\u00e4 la 26.2- -22. klo 11-14. J\u00e4rj. kyl\u00e4yhdistys.<\/p>\n<p>Tarnalan Yritys kuskaa pulkkailijoita ja muita laskijoita m\u00e4elle moottorikelkalla. Kyl\u00e4yhdistys myy makkaraa, kahvia, mehua, pullaa ja pit\u00e4\u00e4 arpajaiset kyl\u00e4toiminnan hyv\u00e4ksi. Tervetuloa!<\/p>\n<p>Pikkujoulu on peruttu koronatilanteen takia.<\/p>\n<p>LUONTOILTA pidettiin Tarnalan koulutalolla 24.11.\u00a0 Illan j\u00e4rjest\u00e4j\u00e4 Antero Tykkyl\u00e4inen n\u00e4ytti lyhytelokuvat Lapinp\u00f6ll\u00f6n selviytymistarina ja Koskira ja still-kuvia linnuista ja hy\u00f6nteisist\u00e4. Kahvitarjoilusta huolehtivat Uukuniemen martat.<\/p>\n<p>Sis\u00e4peli-illat jatkuvat perjantaisin klo 18 koulutalolla.<\/p>\n<p>M\u00e4enlaskutapahtuma hiihtolomaviikon alussa<\/p>\n<h3><\/h3>\n<h3>\u00a0Tarnalan koulutalosta liikuntapaikka<\/h3>\n<p>Uukuniemen Urheilijat vuokrasi Tarnalan koulutalolta tilat kuntosalia varten elokuussa 2020 ja alkoi syksyn edetess\u00e4 j\u00e4rjest\u00e4\u00e4 my\u00f6s ryhm\u00e4liikuntaa entisess\u00e4 kouluajan jumppasalissa. Meneill\u00e4\u00e4n olevaa viikoittaista ohjattua ohjelmaa on maanantaisin kahvakuula, tiistaisin sis\u00e4jumppa ja 10.10. alkava ulko\/sis\u00e4jumppa. L\u00e4hempi\u00e4 tietoja saa UnU:n sivuilta.<\/p>\n<h3><\/h3>\n<h3><\/h3>\n<h3><\/h3>\n<h3><\/h3>\n<h3><\/h3>\n<h3><\/h3>\n<h3><\/h3>\n<h3><a href=\"https:\/\/kylat.ekarjala.fi\/tarnala\/wp-content\/uploads\/sites\/13\/2011\/08\/sotak\u00e4sky.jpg\"><img loading=\"lazy\" decoding=\"async\" class=\"aligncenter size-thumbnail wp-image-439\" src=\"https:\/\/kylat.ekarjala.fi\/tarnala\/wp-content\/uploads\/sites\/13\/2011\/08\/sotak\u00e4sky-150x150.jpg\" alt=\"sotak\u00e4sky\" width=\"150\" height=\"150\" \/><\/a><a href=\"https:\/\/kylat.ekarjala.fi\/tarnala\/wp-content\/uploads\/sites\/13\/2011\/08\/sotayleiso.jpg\"><img loading=\"lazy\" decoding=\"async\" class=\"aligncenter size-thumbnail wp-image-440\" src=\"https:\/\/kylat.ekarjala.fi\/tarnala\/wp-content\/uploads\/sites\/13\/2011\/08\/sotayleiso-150x150.jpg\" alt=\"sotayleiso\" width=\"150\" height=\"150\" \/><\/a><\/h3>\n<div id=\"attachment_437\" style=\"width: 160px\" class=\"wp-caption aligncenter\"><a href=\"https:\/\/kylat.ekarjala.fi\/tarnala\/wp-content\/uploads\/sites\/13\/2011\/08\/sotaruokajono.jpg\"><img loading=\"lazy\" decoding=\"async\" aria-describedby=\"caption-attachment-437\" class=\"size-thumbnail wp-image-437\" src=\"https:\/\/kylat.ekarjala.fi\/tarnala\/wp-content\/uploads\/sites\/13\/2011\/08\/sotaruokajono-150x150.jpg\" alt=\"Maanpuolustajia kunnioitettiin Tarnalassa isolla joukolla. Rokkajonoa kertyi pitk\u00e4lti. \" width=\"150\" height=\"150\" \/><\/a><p id=\"caption-attachment-437\" class=\"wp-caption-text\">Maanpuolustajia kunnioitettiin Tarnalassa isolla joukolla kes\u00e4ll\u00e4 -16. Rokkajonoa kertyi pitk\u00e4lti. Itsen\u00e4isyyden juhlavuoden kunniaksi istutetaan sinivalkoisia kukkia muistomerkille.<\/p><\/div>\n<p>Jatkosodan muistojuhlaa j\u00e4rjesteltiin kes\u00e4ll\u00e4-16 monien yhteisty\u00f6tahojen voimin. Koollekutsujana toimi Tarnalan kyl\u00e4yhdistys.<\/p>\n<p><a href=\"https:\/\/kylat.ekarjala.fi\/tarnala\/wp-content\/uploads\/sites\/13\/2011\/08\/risutalkoot.jpg\"><img loading=\"lazy\" decoding=\"async\" class=\"aligncenter wp-image-421 size-large\" src=\"https:\/\/kylat.ekarjala.fi\/tarnala\/wp-content\/uploads\/sites\/13\/2011\/08\/risutalkoot-1024x768.jpg\" alt=\"risutalkoot\" width=\"640\" height=\"480\" srcset=\"https:\/\/kylat.ekarjala.fi\/tarnala\/wp-content\/uploads\/sites\/13\/2011\/08\/risutalkoot-1024x768.jpg 1024w, https:\/\/kylat.ekarjala.fi\/tarnala\/wp-content\/uploads\/sites\/13\/2011\/08\/risutalkoot-300x225.jpg 300w, https:\/\/kylat.ekarjala.fi\/tarnala\/wp-content\/uploads\/sites\/13\/2011\/08\/risutalkoot-768x576.jpg 768w\" sizes=\"auto, (max-width: 640px) 100vw, 640px\" \/><\/a>Jatkosodan aikuisia juoksuhautoja siivottiin risuista talkoilla toukokuussa. Paikkoja voi k\u00e4yd\u00e4 katsomassa juhlap\u00e4iv\u00e4n\u00e4 ja muulloinkin.<\/p>\n<p>]<\/p>\n<p>[iframe_loader src=&#8217; http:\/\/www.youtube.com\/embed\/QvEfgwkMG_M?rel=0;source=embed&amp;output=svembed&#8217; width=&#8217;420&#8242; height=&#8217;315&#8242;]<\/p>\n<p>Yll\u00e4 oleva video kuvaa takavuosina toimineen vanhusten Ruasa-kerhon\u00a0 ruokaperinnep\u00e4ivien ohjelmaa. Katso video n\u00e4pp\u00e4\u00e4m\u00e4ll\u00e4 hiirell\u00e4<\/p>\n<p>lJuhannusaattona 2012 tanssittiin Kuposenm\u00e4ell\u00e4 uudessa grillikatoksessa. Kuva alempana.<\/p>\n<p><a href=\"https:\/\/kylat.ekarjala.fi\/tarnala\/wp-content\/uploads\/sites\/13\/2011\/08\/grillitanssi.jpg\"><img loading=\"lazy\" decoding=\"async\" class=\"alignleft size-full wp-image-193\" src=\"https:\/\/kylat.ekarjala.fi\/tarnala\/wp-content\/uploads\/sites\/13\/2011\/08\/grillitanssi.jpg\" alt=\"\" width=\"434\" height=\"326\" \/><\/a><\/p>\n<p>Vuonna 2011 RUASA- kerho j\u00e4rjesti yhteisty\u00f6kumppaneittensa kanssa perinnep\u00e4vi\u00e4. T\u00e4ss\u00e4 rypytet\u00e4\u00e4n karjalanpiirakoita.<\/p>\n<p><a href=\"https:\/\/kylat.ekarjala.fi\/tarnala\/wp-content\/uploads\/sites\/13\/2011\/08\/piirasoppi1.jpg\"><img loading=\"lazy\" decoding=\"async\" class=\"size-full wp-image-155\" src=\"https:\/\/kylat.ekarjala.fi\/tarnala\/wp-content\/uploads\/sites\/13\/2011\/08\/piirasoppi1.jpg\" alt=\"\" width=\"2592\" height=\"1944\" \/><\/a><\/p>\n<p>\/\/<\/p>\n","protected":false},"excerpt":{"rendered":"<p>Tulossa: LUOKKAKOKOUS Tarnalan koululaisten yleinen tapaaminen koululla la 8.7. klo 13-16 Tervetuloa! Myynniss\u00e4 lohikeittoa. Vapaata tarinointia tuttujen kesken. J\u00e4rj. kyl\u00e4yhdistys LINTUILTA Pohjanrannan lintutornilla pe 13.5. alkaen klo 17. Antero Tykkyl\u00e4inen ja Esko Veijalainen opastavat lintujen tunnistamisessa. Myyt\u00e4v\u00e4n\u00e4 makkaraa ja kahvia. &hellip; <a href=\"https:\/\/kylat.ekarjala.fi\/tarnala\/\">Lue loppuun <span class=\"meta-nav\">&rarr;<\/span><\/a><\/p>\n","protected":false},"author":20,"featured_media":0,"parent":0,"menu_order":0,"comment_status":"closed","ping_status":"open","template":"","meta":{"footnotes":""},"class_list":["post-21","page","type-page","status-publish","hentry"],"_links":{"self":[{"href":"https:\/\/kylat.ekarjala.fi\/tarnala\/wp-json\/wp\/v2\/pages\/21","targetHints":{"allow":["GET"]}}],"collection":[{"href":"https:\/\/kylat.ekarjala.fi\/tarnala\/wp-json\/wp\/v2\/pages"}],"about":[{"href":"https:\/\/kylat.ekarjala.fi\/tarnala\/wp-json\/wp\/v2\/types\/page"}],"author":[{"embeddable":true,"href":"https:\/\/kylat.ekarjala.fi\/tarnala\/wp-json\/wp\/v2\/users\/20"}],"replies":[{"embeddable":true,"href":"https:\/\/kylat.ekarjala.fi\/tarnala\/wp-json\/wp\/v2\/comments?post=21"}],"version-history":[{"count":20,"href":"https:\/\/kylat.ekarjala.fi\/tarnala\/wp-json\/wp\/v2\/pages\/21\/revisions"}],"predecessor-version":[{"id":631,"href":"https:\/\/kylat.ekarjala.fi\/tarnala\/wp-json\/wp\/v2\/pages\/21\/revisions\/631"}],"wp:attachment":[{"href":"https:\/\/kylat.ekarjala.fi\/tarnala\/wp-json\/wp\/v2\/media?parent=21"}],"curies":[{"name":"wp","href":"https:\/\/api.w.org\/{rel}","templated":true}]}}