{"id":24,"date":"2011-08-29T11:23:55","date_gmt":"2011-08-29T09:53:55","guid":{"rendered":"https:\/\/kylat.ekarjala.fi\/tarnala\/?page_id=24"},"modified":"2021-11-09T15:21:49","modified_gmt":"2021-11-09T13:51:49","slug":"harrasteet-ja-liikunta","status":"publish","type":"page","link":"https:\/\/kylat.ekarjala.fi\/tarnala\/harrasteet-ja-liikunta\/","title":{"rendered":"Harrasteet ja liikunta"},"content":{"rendered":"<p>Sis\u00e4- ja ulkoliikuntaa koulutalolla<\/p>\n<p>Koulutalolla voi harrastaa kahvakuulaa Sanna Bergin ohjauksessa maanantaisin ja jumppaa torstai-iltaisin.\u00a0 Tarnalan Yrityksen j\u00e4rjest\u00e4m\u00e4t sis\u00e4peli-illat ovat perjantaisin alkaen klo 18: biljardia, pingist\u00e4, dartsia, curlingia.<\/p>\n<p>La klo 10-11 Sanna Berg vet\u00e4\u00e4 ulkoliikuntaa, joka huonolla s\u00e4\u00e4ll\u00e4 muuttuu sis\u00e4liikunnaksi.<\/p>\n<p>Koulutalosta liikuntakeskus<\/p>\n<p>Uukuniemen Urheilijat vuokrasi Tarnalan koulutalolta entisen atk-luokan kuntosaliksi kes\u00e4ll\u00e4 -20. Kuntoilemassa voi k\u00e4yd\u00e4, kun sopii UnU:n kanssa maksu- ja avainasiat. Tietoja saa UnU:n kotisivulta seuran sihteerilt\u00e4 Kyllikki Uimoselta.<\/p>\n<p>UnU j\u00e4rjest\u00e4\u00e4 my\u00f6s ryhm\u00e4liikuntaa koulutalolla. Maanantai-iltaisin Sanna Berg ohjaa kahvakuulatreenej\u00e4, tiistaina Eeva Paakkinen pit\u00e4\u00e4 kansalaisopiston jumppaa ja lauantaisin Sanna alkaa vet\u00e4\u00e4 my\u00f6s ulkoliikuntaa, joka s\u00e4\u00e4n vaatiessa vaihdetaan sis\u00e4tiloihin.<\/p>\n<p><strong>Tarnalan latuja pidet\u00e4\u00e4n auki <\/strong><br \/>Tarnalan valaistu latu kiertelee koulutalon l\u00e4himaastossa. My\u00f6s H\u00e4t\u00e4m\u00e4en lenkki\u00e4 (12 km) pidet\u00e4\u00e4n auki kohtuudella s\u00e4iden salliessa. T\u00e4n\u00e4 vuonna lume puute on est\u00e4nyt H\u00e4t\u00e4m\u00e4en lenkin pit\u00e4misen hiihtokunnossa.<\/p>\n<p><strong>Reittikuvaus<\/strong><br \/>Koulutalon l\u00e4himaastossa on valaistu latu, 2 km ja oikaistuna 1,5 km. Kahden kilometrin latu on vaativuudeltaan vaikea, koska siin\u00e4 on rankkaa nousua ja reippaita alam\u00e4ki\u00e4. Puolentoista kilometrin lenkki on helpompi, mutta ensimm\u00e4inen lasku on liukkaalla kelill\u00e4 kohtuullisen vaativa. H\u00e4t\u00e4m\u00e4en lenkki on 12 km pitk\u00e4. Nykyisin se on helpohko, kun jyrkki\u00e4 alam\u00e4ki\u00e4 on poistettu. <a href=\"https:\/\/kylat.ekarjala.fi\/tarnala\/tarnalan-yritys\/\">Tarnalan Yritys<\/a> pit\u00e4\u00e4 latuja auki. Yhteyshenkil\u00f6n\u00e4 toimii Ky\u00f6sti Kupiainen \/ 050 59 69 486.<\/p>\n<p><strong>Kuposenm\u00e4en kota <\/strong><br \/>Tarnalan kyl\u00e4n kauneimmalla paikalla, Kuposenm\u00e4ell\u00e4, on kyl\u00e4yhdistyksen rakentama kota. Kota on avoinna retkeilij\u00f6ille ja vierailijoille, my\u00f6s hiiht\u00e4jille. Kodalle on opasteet Niukkalantielt\u00e4.<\/p>\n<p><strong>Uimaranta \/ veneenlaskupaikka<\/strong><br \/>Tarnalan kyl\u00e4yhdistys hankki uimarantatontin Pien-Rautj\u00e4rven rannalta. Rannassa on laituri ja veneenlaskupaikka. Sek\u00e4 uimakopit ja huussi. Rannalle on opasteet Saviojantiet\u00e4.<strong><br \/><\/strong><\/p>\n<div id=\"attachment_82\" style=\"width: 454px\" class=\"wp-caption alignnone\"><a href=\"https:\/\/kylat.ekarjala.fi\/tarnala\/wp-content\/uploads\/sites\/13\/2011\/08\/IMG_2851.jpg\"><img loading=\"lazy\" decoding=\"async\" aria-describedby=\"caption-attachment-82\" class=\"size-full wp-image-82\" src=\"https:\/\/kylat.ekarjala.fi\/tarnala\/wp-content\/uploads\/sites\/13\/2011\/08\/IMG_2851.jpg\" alt=\"\" width=\"444\" height=\"333\" \/><\/a><p id=\"caption-attachment-82\" class=\"wp-caption-text\">Uimarannan vihki\u00e4isvieraita<\/p><\/div>\n<p>\u00a0<\/p>\n<div id=\"attachment_83\" style=\"width: 456px\" class=\"wp-caption alignnone\"><a href=\"https:\/\/kylat.ekarjala.fi\/tarnala\/wp-content\/uploads\/sites\/13\/2011\/08\/IMG_2847.jpg\"><img loading=\"lazy\" decoding=\"async\" aria-describedby=\"caption-attachment-83\" class=\"size-full wp-image-83\" src=\"https:\/\/kylat.ekarjala.fi\/tarnala\/wp-content\/uploads\/sites\/13\/2011\/08\/IMG_2847.jpg\" alt=\"\" width=\"446\" height=\"334\" \/><\/a><p id=\"caption-attachment-83\" class=\"wp-caption-text\">Uimaranta sopii my\u00f6s lapsille, lauturille p\u00e4\u00e4see pehme\u00e4\u00e4 hiekkaa my\u00f6den.<\/p><\/div>\n<p><strong>Biljardia on mahdollista pelata koulutalolla. Asiaa voi kysell\u00e4 kyl\u00e4yhdistyksen tai Tarnalan Yrityksen v\u00e4elt\u00e4.<br \/><\/strong><\/p>\n\n\n<h2 class=\"wp-block-heading\"><\/h2>\n","protected":false},"excerpt":{"rendered":"<p>Sis\u00e4- ja ulkoliikuntaa koulutalolla Koulutalolla voi harrastaa kahvakuulaa Sanna Bergin ohjauksessa maanantaisin ja jumppaa torstai-iltaisin.\u00a0 Tarnalan Yrityksen j\u00e4rjest\u00e4m\u00e4t sis\u00e4peli-illat ovat perjantaisin alkaen klo 18: biljardia, pingist\u00e4, dartsia, curlingia. La klo 10-11 Sanna Berg vet\u00e4\u00e4 ulkoliikuntaa, joka huonolla s\u00e4\u00e4ll\u00e4 muuttuu sis\u00e4liikunnaksi. &hellip; <a href=\"https:\/\/kylat.ekarjala.fi\/tarnala\/harrasteet-ja-liikunta\/\">Lue loppuun <span class=\"meta-nav\">&rarr;<\/span><\/a><\/p>\n","protected":false},"author":20,"featured_media":0,"parent":0,"menu_order":0,"comment_status":"closed","ping_status":"open","template":"","meta":{"footnotes":""},"class_list":["post-24","page","type-page","status-publish","hentry"],"_links":{"self":[{"href":"https:\/\/kylat.ekarjala.fi\/tarnala\/wp-json\/wp\/v2\/pages\/24","targetHints":{"allow":["GET"]}}],"collection":[{"href":"https:\/\/kylat.ekarjala.fi\/tarnala\/wp-json\/wp\/v2\/pages"}],"about":[{"href":"https:\/\/kylat.ekarjala.fi\/tarnala\/wp-json\/wp\/v2\/types\/page"}],"author":[{"embeddable":true,"href":"https:\/\/kylat.ekarjala.fi\/tarnala\/wp-json\/wp\/v2\/users\/20"}],"replies":[{"embeddable":true,"href":"https:\/\/kylat.ekarjala.fi\/tarnala\/wp-json\/wp\/v2\/comments?post=24"}],"version-history":[{"count":17,"href":"https:\/\/kylat.ekarjala.fi\/tarnala\/wp-json\/wp\/v2\/pages\/24\/revisions"}],"predecessor-version":[{"id":591,"href":"https:\/\/kylat.ekarjala.fi\/tarnala\/wp-json\/wp\/v2\/pages\/24\/revisions\/591"}],"wp:attachment":[{"href":"https:\/\/kylat.ekarjala.fi\/tarnala\/wp-json\/wp\/v2\/media?parent=24"}],"curies":[{"name":"wp","href":"https:\/\/api.w.org\/{rel}","templated":true}]}}